{"id":775,"date":"2015-01-30T15:31:48","date_gmt":"2015-01-30T15:31:48","guid":{"rendered":"http:\/\/feuerwehr-trebur.org\/web\/?page_id=775"},"modified":"2026-01-29T16:43:38","modified_gmt":"2026-01-29T15:43:38","slug":"dienstplan","status":"publish","type":"page","link":"https:\/\/www.feuerwehr-trebur.org\/web\/ueber-uns\/dienstplan\/","title":{"rendered":"Dienstplan"},"content":{"rendered":"<div class=\"wpb-content-wrapper\">[vc_row][vc_column width=&#8220;2\/3&#8243;][vc_column_text css=&#8220;&#8220;]\n<table width=\"932\" cellspacing=\"0\">\n<tbody>\n<tr>\n<td align=\"center\" valign=\"center\">\n<p class=\"Normal\" align=\"center\"><b>Datum<\/b><\/p>\n<\/td>\n<td align=\"center\" valign=\"center\">\n<p class=\"Normal\" align=\"center\"><b>Beginn<\/b><\/p>\n<\/td>\n<td align=\"center\" valign=\"center\">\n<p class=\"Normal\" align=\"center\"><b>Thema<\/b><\/p>\n<\/td>\n<\/tr>\n<tr>\n<td align=\"center\" valign=\"center\">\n<p class=\"Normal\" align=\"center\">06.01.2026<\/p>\n<\/td>\n<td align=\"center\" valign=\"center\">\n<p class=\"Normal\" align=\"center\">20:00<\/p>\n<\/td>\n<td align=\"center\" valign=\"center\">\n<p class=\"Normal\" align=\"center\">Fahrzeugkunde<\/p>\n<\/td>\n<\/tr>\n<tr>\n<td align=\"center\" valign=\"center\">\n<p class=\"Normal\" align=\"center\">10.01.2026<\/p>\n<\/td>\n<td align=\"center\" valign=\"center\">\n<p class=\"Normal\" align=\"center\">09:00<\/p>\n<\/td>\n<td align=\"center\" valign=\"center\">\n<p class=\"Normal\" align=\"center\">Tannenbaumverbrennen<\/p>\n<\/td>\n<\/tr>\n<tr>\n<td align=\"center\" valign=\"center\">\n<p class=\"Normal\" align=\"center\">13.01.2026<\/p>\n<\/td>\n<td align=\"center\" valign=\"center\">\n<p class=\"Normal\" align=\"center\">20:00<\/p>\n<\/td>\n<td align=\"center\" valign=\"center\">\n<p class=\"Normal\" align=\"center\">Technischer Dienst<\/p>\n<\/td>\n<\/tr>\n<tr>\n<td align=\"center\" valign=\"center\">\n<p class=\"Normal\" align=\"center\">20.01.2026<\/p>\n<\/td>\n<td align=\"center\" valign=\"center\">\n<p class=\"Normal\" align=\"center\">20:00<\/p>\n<\/td>\n<td align=\"center\" valign=\"center\">\n<p class=\"Normal\" align=\"center\">W\u00e4rmegew\u00f6hnungs\u00fcbung<\/p>\n<\/td>\n<\/tr>\n<tr>\n<td align=\"center\" valign=\"center\">\n<p class=\"Normal\" align=\"center\">20.01.2026<\/p>\n<\/td>\n<td align=\"center\" valign=\"center\">\n<p class=\"Normal\" align=\"center\">19:30<\/p>\n<\/td>\n<td align=\"center\" valign=\"center\">\n<p class=\"Normal\" align=\"center\">\u00dcbung Messteam<\/p>\n<\/td>\n<\/tr>\n<tr>\n<td align=\"center\" valign=\"center\">\n<p class=\"Normal\" align=\"center\">27.01.2026<\/p>\n<\/td>\n<td align=\"center\" valign=\"center\">\n<p class=\"Normal\" align=\"center\">20:00<\/p>\n<\/td>\n<td align=\"center\" valign=\"center\">\n<p class=\"Normal\" align=\"center\">FwDV 7<\/p>\n<\/td>\n<\/tr>\n<tr>\n<td align=\"center\" valign=\"center\">\n<p class=\"Normal\" align=\"center\">03.02.2026<\/p>\n<\/td>\n<td align=\"center\" valign=\"center\">\n<p class=\"Normal\" align=\"center\">20:00<\/p>\n<\/td>\n<td align=\"center\" valign=\"center\">\n<p class=\"Normal\" align=\"center\">HBKG Rechte und Pflichten<\/p>\n<\/td>\n<\/tr>\n<tr>\n<td align=\"center\" valign=\"center\">\n<p class=\"Normal\" align=\"center\">05.02.2026<\/p>\n<\/td>\n<td align=\"center\" valign=\"center\">\n<p class=\"Normal\" align=\"center\">19:30<\/p>\n<\/td>\n<td align=\"center\" valign=\"center\">\n<p class=\"Normal\" align=\"center\">\u00dcbung Messteam<\/p>\n<\/td>\n<\/tr>\n<tr>\n<td align=\"center\" valign=\"center\">\n<p class=\"Normal\" align=\"center\">10.02.2026<\/p>\n<\/td>\n<td align=\"center\" valign=\"center\">\n<p class=\"Normal\" align=\"center\">20:00<\/p>\n<\/td>\n<td align=\"center\" valign=\"center\">\n<p class=\"Normal\" align=\"center\">UVV<\/p>\n<\/td>\n<\/tr>\n<tr>\n<td align=\"center\" valign=\"center\">\n<p class=\"Normal\" align=\"center\">17.02.2026<\/p>\n<\/td>\n<td align=\"center\" valign=\"center\">\n<p class=\"Normal\" align=\"center\">20:00<\/p>\n<\/td>\n<td align=\"center\" valign=\"center\">\n<p class=\"Normal\" align=\"center\">Stationsausbildung \/ ELW Team \/ T\u00fcr\u00f6ffnung \/ Knoten<\/p>\n<\/td>\n<\/tr>\n<tr>\n<td align=\"center\" valign=\"center\">\n<p class=\"Normal\" align=\"center\">24.02.2026<\/p>\n<\/td>\n<td align=\"center\" valign=\"center\">\n<p class=\"Normal\" align=\"center\">20:00<\/p>\n<\/td>\n<td align=\"center\" valign=\"center\">\n<p class=\"Normal\" align=\"center\">Funk\u00fcbung<\/p>\n<\/td>\n<\/tr>\n<tr>\n<td align=\"center\" valign=\"center\">\n<p class=\"Normal\" align=\"center\">03.03.2026<\/p>\n<\/td>\n<td align=\"center\" valign=\"center\">\n<p class=\"Normal\" align=\"center\">20:00<\/p>\n<\/td>\n<td align=\"center\" valign=\"center\">\n<p class=\"Normal\" align=\"center\">Absicherung der Einsatzstelle<\/p>\n<\/td>\n<\/tr>\n<tr>\n<td align=\"center\" valign=\"center\">\n<p class=\"Normal\" align=\"center\">10.03.2026<\/p>\n<\/td>\n<td align=\"center\" valign=\"center\">\n<p class=\"Normal\" align=\"center\">20:00<\/p>\n<\/td>\n<td align=\"center\" valign=\"center\">\n<p class=\"Normal\" align=\"center\">Einsatz bei Extremwetterlagen<\/p>\n<\/td>\n<\/tr>\n<tr>\n<td align=\"center\" valign=\"center\">\n<p class=\"Normal\" align=\"center\">10.03.2026<\/p>\n<\/td>\n<td align=\"center\" valign=\"center\">\n<p class=\"Normal\" align=\"center\">19:30<\/p>\n<\/td>\n<td align=\"center\" valign=\"center\">\n<p class=\"Normal\" align=\"center\">\u00dcbung Messteam<\/p>\n<\/td>\n<\/tr>\n<tr>\n<td align=\"center\" valign=\"center\">\n<p class=\"Normal\" align=\"center\">17.03.2026<\/p>\n<\/td>\n<td align=\"center\" valign=\"center\">\n<p class=\"Normal\" align=\"center\">20:00<\/p>\n<\/td>\n<td align=\"center\" valign=\"center\">\n<p class=\"Normal\" align=\"center\">Stationsausbildung \/ Loop \/ MA \/ Hygiene<\/p>\n<\/td>\n<\/tr>\n<tr>\n<td align=\"center\" valign=\"center\">\n<p class=\"Normal\" align=\"center\">24.03.2026<\/p>\n<\/td>\n<td align=\"center\" valign=\"center\">\n<p class=\"Normal\" align=\"center\">20.00<\/p>\n<\/td>\n<td align=\"center\" valign=\"center\">\n<p class=\"Normal\" align=\"center\">FwDV 500<\/p>\n<\/td>\n<\/tr>\n<tr>\n<td align=\"center\" valign=\"center\">\n<p class=\"Normal\" align=\"center\">31.03.2026<\/p>\n<\/td>\n<td align=\"center\" valign=\"center\">\n<p class=\"Normal\" align=\"center\">20:00<\/p>\n<\/td>\n<td align=\"center\" valign=\"center\">\n<p class=\"Normal\" align=\"center\">Orts- und Objektkunde<\/p>\n<\/td>\n<\/tr>\n<tr>\n<td align=\"center\" valign=\"center\">\n<p class=\"Normal\" align=\"center\">07.04.2026<\/p>\n<\/td>\n<td align=\"center\" valign=\"center\">\n<p class=\"Normal\" align=\"center\">20:00<\/p>\n<\/td>\n<td align=\"center\" valign=\"center\">\n<p class=\"Normal\" align=\"center\">Umzugsvorbereitung<\/p>\n<\/td>\n<\/tr>\n<tr>\n<td align=\"center\" valign=\"center\">\n<p class=\"Normal\" align=\"center\">14.04.2026<\/p>\n<\/td>\n<td align=\"center\" valign=\"center\">\n<p class=\"Normal\" align=\"center\">20:00<\/p>\n<\/td>\n<td align=\"center\" valign=\"center\">\n<p class=\"Normal\" align=\"center\">Umzugsvorbereitung<\/p>\n<\/td>\n<\/tr>\n<tr>\n<td align=\"center\" valign=\"center\">\n<p class=\"Normal\" align=\"center\">16.04.2026<\/p>\n<\/td>\n<td align=\"center\" valign=\"center\">\n<p class=\"Normal\" align=\"center\">19:30<\/p>\n<\/td>\n<td align=\"center\" valign=\"center\">\n<p class=\"Normal\" align=\"center\">\u00dcbung Messteam<\/p>\n<\/td>\n<\/tr>\n<tr>\n<td align=\"center\" valign=\"center\">\n<p class=\"Normal\" align=\"center\">21.04.2026<\/p>\n<\/td>\n<td align=\"center\" valign=\"center\">\n<p class=\"Normal\" align=\"center\">20:00<\/p>\n<\/td>\n<td align=\"center\" valign=\"center\">\n<p class=\"Normal\" align=\"center\">Einsatz\u00fcbung Atemschutz<\/p>\n<\/td>\n<\/tr>\n<tr>\n<td align=\"center\" valign=\"center\">\n<p class=\"Normal\" align=\"center\">23.04.2026<\/p>\n<\/td>\n<td align=\"center\" valign=\"center\">\n<p class=\"Normal\" align=\"center\">20:00<\/p>\n<\/td>\n<td align=\"center\" valign=\"center\">\n<p class=\"Normal\" align=\"center\">Gemeinsame \u00dcbung mit Geinsheim<\/p>\n<\/td>\n<\/tr>\n<tr>\n<td align=\"center\" valign=\"center\">\n<p class=\"Normal\" align=\"center\">28.04.2026<\/p>\n<\/td>\n<td align=\"center\" valign=\"center\">\n<p class=\"Normal\" align=\"center\">20:00<\/p>\n<\/td>\n<td align=\"center\" valign=\"center\">\n<p class=\"Normal\" align=\"center\">Feuerwehr-Olympiade<\/p>\n<\/td>\n<\/tr>\n<tr>\n<td align=\"center\" valign=\"center\">\n<p class=\"Normal\" align=\"center\">05.05.2026<\/p>\n<\/td>\n<td align=\"center\" valign=\"center\">\n<p class=\"Normal\" align=\"center\">20:00<\/p>\n<\/td>\n<td align=\"center\" valign=\"center\">\n<p class=\"Normal\" align=\"center\">Pumpenpr\u00fcfung \/ FwDV 10<\/p>\n<\/td>\n<\/tr>\n<tr>\n<td align=\"center\" valign=\"center\">\n<p class=\"Normal\" align=\"center\">05.05.2026<\/p>\n<\/td>\n<td align=\"center\" valign=\"center\">\n<p class=\"Normal\" align=\"center\">19:30<\/p>\n<\/td>\n<td align=\"center\" valign=\"center\">\n<p class=\"Normal\" align=\"center\">\u00dcbung Messteam<\/p>\n<\/td>\n<\/tr>\n<tr>\n<td align=\"center\" valign=\"center\">\n<p class=\"Normal\" align=\"center\">12.05.2026<\/p>\n<\/td>\n<td align=\"center\" valign=\"center\">\n<p class=\"Normal\" align=\"center\">20:00<\/p>\n<\/td>\n<td align=\"center\" valign=\"center\">\n<p class=\"Normal\" align=\"center\">Stationsausbildung \/ GW-Mess \/ TH Heben &amp; Ziehen<\/p>\n<\/td>\n<\/tr>\n<tr>\n<td align=\"center\" valign=\"center\">\n<p class=\"Normal\" align=\"center\">19.05.2026<\/p>\n<\/td>\n<td align=\"center\" valign=\"center\">\n<p class=\"Normal\" align=\"center\">20:00<\/p>\n<\/td>\n<td align=\"center\" valign=\"center\">\n<p class=\"Normal\" align=\"center\">Vorbereitung Einweihung<\/p>\n<\/td>\n<\/tr>\n<tr>\n<td align=\"center\" valign=\"center\">\n<p class=\"Normal\" align=\"center\">23.05.2026<\/p>\n<\/td>\n<td align=\"center\" valign=\"center\"><\/td>\n<td align=\"center\" valign=\"center\">\n<p class=\"Normal\" align=\"center\">Rocknacht<\/p>\n<\/td>\n<\/tr>\n<tr>\n<td align=\"center\" valign=\"center\">\n<p class=\"Normal\" align=\"center\">24.05.2026<\/p>\n<\/td>\n<td align=\"center\" valign=\"center\"><\/td>\n<td align=\"center\" valign=\"center\">\n<p class=\"Normal\" align=\"center\">Einweihung Ger\u00e4tehaus<\/p>\n<\/td>\n<\/tr>\n<tr>\n<td align=\"center\" valign=\"center\">\n<p class=\"Normal\" align=\"center\">26.05.2026<\/p>\n<\/td>\n<td align=\"center\" valign=\"center\">\n<p class=\"Normal\" align=\"center\">20:00<\/p>\n<\/td>\n<td align=\"center\" valign=\"center\">\n<p class=\"Normal\" align=\"center\">Nachbereitung Einweihung<\/p>\n<\/td>\n<\/tr>\n<tr>\n<td align=\"center\" valign=\"center\">\n<p class=\"Normal\" align=\"center\">02.06.2026<\/p>\n<\/td>\n<td align=\"center\" valign=\"center\">\n<p class=\"Normal\" align=\"center\">20:00<\/p>\n<\/td>\n<td align=\"center\" valign=\"center\">\n<p class=\"Normal\" align=\"center\">Einsatz\u00fcbung (TH)<\/p>\n<\/td>\n<\/tr>\n<tr>\n<td align=\"center\" valign=\"center\">\n<p class=\"Normal\" align=\"center\">09.06.2026<\/p>\n<\/td>\n<td align=\"center\" valign=\"center\">\n<p class=\"Normal\" align=\"center\">20:00<\/p>\n<\/td>\n<td align=\"center\" valign=\"center\">\n<p class=\"Normal\" align=\"center\">offen<\/p>\n<\/td>\n<\/tr>\n<tr>\n<td align=\"center\" valign=\"center\">\n<p class=\"Normal\" align=\"center\">11.06.2026<\/p>\n<\/td>\n<td align=\"center\" valign=\"center\">\n<p class=\"Normal\" align=\"center\">19:30<\/p>\n<\/td>\n<td align=\"center\" valign=\"center\">\n<p class=\"Normal\" align=\"center\">\u00dcbung Messteam<\/p>\n<\/td>\n<\/tr>\n<tr>\n<td align=\"center\" valign=\"center\">\n<p class=\"Normal\" align=\"center\">16.06.2026<\/p>\n<\/td>\n<td align=\"center\" valign=\"center\">\n<p class=\"Normal\" align=\"center\">20:00<\/p>\n<\/td>\n<td align=\"center\" valign=\"center\">\n<p class=\"Normal\" align=\"center\">Gemarkungsrundfahrt<\/p>\n<\/td>\n<\/tr>\n<tr>\n<td align=\"center\" valign=\"center\">\n<p class=\"Normal\" align=\"center\">23.06.2026<\/p>\n<\/td>\n<td align=\"center\" valign=\"center\">\n<p class=\"Normal\" align=\"center\">20:00<\/p>\n<\/td>\n<td align=\"center\" valign=\"center\">\n<p class=\"Normal\" align=\"center\">Gemeinsame \u00dcbung Astheim (TH VU?)<\/p>\n<\/td>\n<\/tr>\n<tr>\n<td align=\"center\" valign=\"center\">\n<p class=\"Normal\" align=\"center\">30.06.2026<\/p>\n<\/td>\n<td align=\"center\" valign=\"center\">\n<p class=\"Normal\" align=\"center\">20:00<\/p>\n<\/td>\n<td align=\"center\" valign=\"center\">\n<p class=\"Normal\" align=\"center\">\u00d6rtliche Brunnen<\/p>\n<\/td>\n<\/tr>\n<tr>\n<td align=\"center\" valign=\"center\">\n<p class=\"Normal\" align=\"center\">07.07.2026<\/p>\n<\/td>\n<td align=\"center\" valign=\"center\">\n<p class=\"Normal\" align=\"center\">20:00<\/p>\n<\/td>\n<td align=\"center\" valign=\"center\">\n<p class=\"Normal\" align=\"center\">Stationsausbildung \/ Brand<\/p>\n<\/td>\n<\/tr>\n<tr>\n<td align=\"center\" valign=\"center\">\n<p class=\"Normal\" align=\"center\">07.07.2026<\/p>\n<\/td>\n<td align=\"center\" valign=\"center\">\n<p class=\"Normal\" align=\"center\">19:30<\/p>\n<\/td>\n<td align=\"center\" valign=\"center\">\n<p class=\"Normal\" align=\"center\">\u00dcbung Messteam<\/p>\n<\/td>\n<\/tr>\n<tr>\n<td align=\"center\" valign=\"center\">\n<p class=\"Normal\" align=\"center\">14.07.2026<\/p>\n<\/td>\n<td align=\"center\" valign=\"center\">\n<p class=\"Normal\" align=\"center\">20:00<\/p>\n<\/td>\n<td align=\"center\" valign=\"center\">\n<p class=\"Normal\" align=\"center\">Teambuilding<\/p>\n<\/td>\n<\/tr>\n<tr>\n<td align=\"center\" valign=\"center\">\n<p class=\"Normal\" align=\"center\">21.07.2026<\/p>\n<\/td>\n<td align=\"center\" valign=\"center\">\n<p class=\"Normal\" align=\"center\">20:00<\/p>\n<\/td>\n<td align=\"center\" valign=\"center\">\n<p class=\"Normal\" align=\"center\">Offenes Gew\u00e4sser<\/p>\n<\/td>\n<\/tr>\n<tr>\n<td align=\"center\" valign=\"center\">\n<p class=\"Normal\" align=\"center\">28.07.2026<\/p>\n<\/td>\n<td align=\"center\" valign=\"center\">\n<p class=\"Normal\" align=\"center\">20:00<\/p>\n<\/td>\n<td align=\"center\" valign=\"center\">\n<p class=\"Normal\" align=\"center\">Leitstelle mit F\u00fchrungskr\u00e4ften \/ Tech. Dienst<\/p>\n<\/td>\n<\/tr>\n<tr>\n<td align=\"center\" valign=\"center\">\n<p class=\"Normal\" align=\"center\">04.08.2026<\/p>\n<\/td>\n<td align=\"center\" valign=\"center\">\n<p class=\"Normal\" align=\"center\">20:00<\/p>\n<\/td>\n<td align=\"center\" valign=\"center\">\n<p class=\"Normal\" align=\"center\">Vegetationsbrandbek\u00e4mpfung<\/p>\n<\/td>\n<\/tr>\n<tr>\n<td align=\"center\" valign=\"center\">\n<p class=\"Normal\" align=\"center\">06.08.2026<\/p>\n<\/td>\n<td align=\"center\" valign=\"center\">\n<p class=\"Normal\" align=\"center\">19:30<\/p>\n<\/td>\n<td align=\"center\" valign=\"center\">\n<p class=\"Normal\" align=\"center\">\u00dcbung Messteam<\/p>\n<\/td>\n<\/tr>\n<tr>\n<td align=\"center\" valign=\"center\">\n<p class=\"Normal\" align=\"center\">11.08.2026<\/p>\n<\/td>\n<td align=\"center\" valign=\"center\">\n<p class=\"Normal\" align=\"center\">20:00<\/p>\n<\/td>\n<td align=\"center\" valign=\"center\">\n<p class=\"Normal\" align=\"center\">Stationsausbildung \/<\/p>\n<\/td>\n<\/tr>\n<tr>\n<td align=\"center\" valign=\"center\">\n<p class=\"Normal\" align=\"center\">16.08.2026<\/p>\n<\/td>\n<td align=\"center\" valign=\"center\"><\/td>\n<td align=\"center\" valign=\"center\">\n<p class=\"Normal\" align=\"center\">Kreisfeuerwehrtag &#8211; Allmendfeld<\/p>\n<\/td>\n<\/tr>\n<tr>\n<td align=\"center\" valign=\"center\">\n<p class=\"Normal\" align=\"center\">18.08.2026<\/p>\n<\/td>\n<td align=\"center\" valign=\"center\">\n<p class=\"Normal\" align=\"center\">20:00<\/p>\n<\/td>\n<td align=\"center\" valign=\"center\">\n<p class=\"Normal\" align=\"center\">Kerwedienstag<\/p>\n<\/td>\n<\/tr>\n<tr>\n<td align=\"center\" valign=\"center\">\n<p class=\"Normal\" align=\"center\">25.08.2026<\/p>\n<\/td>\n<td align=\"center\" valign=\"center\">\n<p class=\"Normal\" align=\"center\">20:00<\/p>\n<\/td>\n<td align=\"center\" valign=\"center\">\n<p class=\"Normal\" align=\"center\">Schwimmbad \/ Feuerwehrsport<\/p>\n<\/td>\n<\/tr>\n<tr>\n<td align=\"center\" valign=\"center\">\n<p class=\"Normal\" align=\"center\">01.09.2026<\/p>\n<\/td>\n<td align=\"center\" valign=\"center\">\n<p class=\"Normal\" align=\"center\">20:00<\/p>\n<\/td>\n<td align=\"center\" valign=\"center\">\n<p class=\"Normal\" align=\"center\">Gemeinsame \u00dcbung Hessenaue (AGT)<\/p>\n<\/td>\n<\/tr>\n<tr>\n<td align=\"center\" valign=\"center\">\n<p class=\"Normal\" align=\"center\">08.09.2026<\/p>\n<\/td>\n<td align=\"center\" valign=\"center\">\n<p class=\"Normal\" align=\"center\">20:00<\/p>\n<\/td>\n<td align=\"center\" valign=\"center\">\n<p class=\"Normal\" align=\"center\">Wasserstoffbusse<\/p>\n<\/td>\n<\/tr>\n<tr>\n<td align=\"center\" valign=\"center\">\n<p class=\"Normal\" align=\"center\">08.09.2026<\/p>\n<\/td>\n<td align=\"center\" valign=\"center\">\n<p class=\"Normal\" align=\"center\">19:30<\/p>\n<\/td>\n<td align=\"center\" valign=\"center\">\n<p class=\"Normal\" align=\"center\">\u00dcbung Messteam<\/p>\n<\/td>\n<\/tr>\n<tr>\n<td align=\"center\" valign=\"center\">\n<p class=\"Normal\" align=\"center\">15.09.2026<\/p>\n<\/td>\n<td align=\"center\" valign=\"center\">\n<p class=\"Normal\" align=\"center\">20:00<\/p>\n<\/td>\n<td align=\"center\" valign=\"center\">\n<p class=\"Normal\" align=\"center\">Radtour<\/p>\n<\/td>\n<\/tr>\n<tr>\n<td align=\"center\" valign=\"center\">\n<p class=\"Normal\" align=\"center\">22.09.2026<\/p>\n<\/td>\n<td align=\"center\" valign=\"center\">\n<p class=\"Normal\" align=\"center\">20:00<\/p>\n<\/td>\n<td align=\"center\" valign=\"center\">\n<p class=\"Normal\" align=\"center\">Stationsausbildung \/ FwDV 10 Firedrill<\/p>\n<\/td>\n<\/tr>\n<tr>\n<td align=\"center\" valign=\"center\">\n<p class=\"Normal\" align=\"center\">29.09.2026<\/p>\n<\/td>\n<td align=\"center\" valign=\"center\">\n<p class=\"Normal\" align=\"center\">20:00<\/p>\n<\/td>\n<td align=\"center\" valign=\"center\">\n<p class=\"Normal\" align=\"center\">Technischer Dienst<\/p>\n<\/td>\n<\/tr>\n<tr>\n<td align=\"center\" valign=\"center\">\n<p class=\"Normal\" align=\"center\">02.10.2026<\/p>\n<\/td>\n<td align=\"center\" valign=\"center\"><\/td>\n<td align=\"center\" valign=\"center\">\n<p class=\"Normal\" align=\"center\">Herbstfeuer<\/p>\n<\/td>\n<\/tr>\n<tr>\n<td align=\"center\" valign=\"center\">\n<p class=\"Normal\" align=\"center\">06.10.2026<\/p>\n<\/td>\n<td align=\"center\" valign=\"center\">\n<p class=\"Normal\" align=\"center\">20:00<\/p>\n<\/td>\n<td align=\"center\" valign=\"center\">\n<p class=\"Normal\" align=\"center\">Gemeinsame \u00dcbung mit der JF<\/p>\n<\/td>\n<\/tr>\n<tr>\n<td align=\"center\" valign=\"center\">\n<p class=\"Normal\" align=\"center\">13.10.2026<\/p>\n<\/td>\n<td align=\"center\" valign=\"center\">\n<p class=\"Normal\" align=\"center\">20:00<\/p>\n<\/td>\n<td align=\"center\" valign=\"center\">\n<p class=\"Normal\" align=\"center\">Einsatz\u00fcbung<\/p>\n<\/td>\n<\/tr>\n<tr>\n<td align=\"center\" valign=\"center\">\n<p class=\"Normal\" align=\"center\">15.10.2026<\/p>\n<\/td>\n<td align=\"center\" valign=\"center\">\n<p class=\"Normal\" align=\"center\">19:00<\/p>\n<\/td>\n<td align=\"center\" valign=\"center\">\n<p class=\"Normal\" align=\"center\">Streckendurchgang<\/p>\n<\/td>\n<\/tr>\n<tr>\n<td align=\"center\" valign=\"center\">\n<p class=\"Normal\" align=\"center\">15.10.2026<\/p>\n<\/td>\n<td align=\"center\" valign=\"center\">\n<p class=\"Normal\" align=\"center\">19:30<\/p>\n<\/td>\n<td align=\"center\" valign=\"center\">\n<p class=\"Normal\" align=\"center\">\u00dcbung Messteam<\/p>\n<\/td>\n<\/tr>\n<tr>\n<td align=\"center\" valign=\"center\">\n<p class=\"Normal\" align=\"center\">20.10.2026<\/p>\n<\/td>\n<td align=\"center\" valign=\"center\">\n<p class=\"Normal\" align=\"center\">20:00<\/p>\n<\/td>\n<td align=\"center\" valign=\"center\">\n<p class=\"Normal\" align=\"center\">Koordinatenfahrt<\/p>\n<\/td>\n<\/tr>\n<tr>\n<td align=\"center\" valign=\"center\">\n<p class=\"Normal\" align=\"center\">27.10.2026<\/p>\n<\/td>\n<td align=\"center\" valign=\"center\">\n<p class=\"Normal\" align=\"center\">20:00<\/p>\n<\/td>\n<td align=\"center\" valign=\"center\">\n<p class=\"Normal\" align=\"center\">Stationsausbildung \/ Notstrom \/ Ausleuchten<\/p>\n<\/td>\n<\/tr>\n<tr>\n<td align=\"center\" valign=\"center\">\n<p class=\"Normal\" align=\"center\">03.11.2026<\/p>\n<\/td>\n<td align=\"center\" valign=\"center\">\n<p class=\"Normal\" align=\"center\">20:00<\/p>\n<\/td>\n<td align=\"center\" valign=\"center\">\n<p class=\"Normal\" align=\"center\">Orts- und Objektkunde<\/p>\n<\/td>\n<\/tr>\n<tr>\n<td align=\"center\" valign=\"center\">\n<p class=\"Normal\" align=\"center\">10.11.2026<\/p>\n<\/td>\n<td align=\"center\" valign=\"center\">\n<p class=\"Normal\" align=\"center\">20:00<\/p>\n<\/td>\n<td align=\"center\" valign=\"center\">\n<p class=\"Normal\" align=\"center\">Feuerwehr Quiz<\/p>\n<\/td>\n<\/tr>\n<tr>\n<td align=\"center\" valign=\"center\">\n<p class=\"Normal\" align=\"center\">10.11.2026<\/p>\n<\/td>\n<td align=\"center\" valign=\"center\">\n<p class=\"Normal\" align=\"center\">19:30<\/p>\n<\/td>\n<td align=\"center\" valign=\"center\">\n<p class=\"Normal\" align=\"center\">\u00dcbung Messteam<\/p>\n<\/td>\n<\/tr>\n<tr>\n<td align=\"center\" valign=\"center\">\n<p class=\"Normal\" align=\"center\">12.11.2026<\/p>\n<\/td>\n<td align=\"center\" valign=\"center\">\n<p class=\"Normal\" align=\"center\">19:00<\/p>\n<\/td>\n<td align=\"center\" valign=\"center\">\n<p class=\"Normal\" align=\"center\">Streckendurchgang<\/p>\n<\/td>\n<\/tr>\n<tr>\n<td align=\"center\" valign=\"center\">\n<p class=\"Normal\" align=\"center\">17.11.2026<\/p>\n<\/td>\n<td align=\"center\" valign=\"center\">\n<p class=\"Normal\" align=\"center\">20:00<\/p>\n<\/td>\n<td align=\"center\" valign=\"center\">\n<p class=\"Normal\" align=\"center\">Stationsausbildung \/ Absturzs. \/ Knoten &amp; Stiche<\/p>\n<\/td>\n<\/tr>\n<tr>\n<td align=\"center\" valign=\"center\">\n<p class=\"Normal\" align=\"center\">24.11.2026<\/p>\n<\/td>\n<td align=\"center\" valign=\"center\">\n<p class=\"Normal\" align=\"center\">20:00<\/p>\n<\/td>\n<td align=\"center\" valign=\"center\">\n<p class=\"Normal\" align=\"center\">Abschlussbesprechung<\/p>\n<\/td>\n<\/tr>\n<tr>\n<td align=\"center\" valign=\"center\">\n<p class=\"Normal\" align=\"center\">01.12.2026<\/p>\n<\/td>\n<td align=\"center\" valign=\"center\">\n<p class=\"Normal\" align=\"center\">20:00<\/p>\n<\/td>\n<td align=\"center\" valign=\"center\">\n<p class=\"Normal\" align=\"center\">Objektkunde<\/p>\n<\/td>\n<\/tr>\n<tr>\n<td align=\"center\" valign=\"center\">\n<p class=\"Normal\" align=\"center\">03.12.2026<\/p>\n<\/td>\n<td align=\"center\" valign=\"center\">\n<p class=\"Normal\" align=\"center\">19:00<\/p>\n<\/td>\n<td align=\"center\" valign=\"center\">\n<p class=\"Normal\" align=\"center\">Streckendurchgang<\/p>\n<\/td>\n<\/tr>\n<tr>\n<td align=\"center\" valign=\"center\">\n<p class=\"Normal\" align=\"center\">08.12.2026<\/p>\n<\/td>\n<td align=\"center\" valign=\"center\">\n<p class=\"Normal\" align=\"center\">20:00<\/p>\n<\/td>\n<td align=\"center\" valign=\"center\">\n<p class=\"Normal\" align=\"center\">Technischer Dienst<\/p>\n<\/td>\n<\/tr>\n<tr>\n<td align=\"center\" valign=\"center\">\n<p class=\"Normal\" align=\"center\">10.12.2026<\/p>\n<\/td>\n<td align=\"center\" valign=\"center\">\n<p class=\"Normal\" align=\"center\">19:30<\/p>\n<\/td>\n<td align=\"center\" valign=\"center\">\n<p class=\"Normal\" align=\"center\">\u00dcbung Messteam<\/p>\n<\/td>\n<\/tr>\n<tr>\n<td align=\"center\" valign=\"center\">\n<p class=\"Normal\" align=\"center\">11.12.2026<\/p>\n<\/td>\n<td align=\"center\" valign=\"center\">\n<p class=\"Normal\" align=\"center\">20:00<\/p>\n<\/td>\n<td align=\"center\" valign=\"center\">\n<p class=\"Normal\" align=\"center\">Weihnachtsfeier<\/p>\n<\/td>\n<\/tr>\n<\/tbody>\n<\/table>\n[\/vc_column_text][\/vc_column][vc_column width=&#8220;1\/3&#8243;][vc_column_text]\n[\/vc_column_text][\/vc_column][\/vc_row]\n<\/div>","protected":false},"excerpt":{"rendered":"<p>[vc_row][vc_column width=&#8220;2\/3&#8243;][vc_column_text css=&#8220;&#8220;] Datum Beginn Thema 06.01.2026 20:00 Fahrzeugkunde 10.01.2026 09:00 Tannenbaumverbrennen 13.01.2026 20:00 Technischer Dienst 20.01.2026 20:00 W\u00e4rmegew\u00f6hnungs\u00fcbung 20.01.2026 19:30 \u00dcbung Messteam 27.01.2026 20:00 FwDV 7 03.02.2026 20:00 HBKG Rechte und Pflichten 05.02.2026 19:30 \u00dcbung Messteam 10.02.2026 20:00 UVV 17.02.2026 20:00 Stationsausbildung \/ ELW Team \/<\/p>\n","protected":false},"author":6,"featured_media":0,"parent":13,"menu_order":0,"comment_status":"open","ping_status":"open","template":"page-FullWidth.php","meta":{"footnotes":"","_links_to":"","_links_to_target":""},"class_list":["post-775","page","type-page","status-publish","hentry"],"_links":{"self":[{"href":"https:\/\/www.feuerwehr-trebur.org\/web\/wp-json\/wp\/v2\/pages\/775","targetHints":{"allow":["GET"]}}],"collection":[{"href":"https:\/\/www.feuerwehr-trebur.org\/web\/wp-json\/wp\/v2\/pages"}],"about":[{"href":"https:\/\/www.feuerwehr-trebur.org\/web\/wp-json\/wp\/v2\/types\/page"}],"author":[{"embeddable":true,"href":"https:\/\/www.feuerwehr-trebur.org\/web\/wp-json\/wp\/v2\/users\/6"}],"replies":[{"embeddable":true,"href":"https:\/\/www.feuerwehr-trebur.org\/web\/wp-json\/wp\/v2\/comments?post=775"}],"version-history":[{"count":18,"href":"https:\/\/www.feuerwehr-trebur.org\/web\/wp-json\/wp\/v2\/pages\/775\/revisions"}],"predecessor-version":[{"id":4594,"href":"https:\/\/www.feuerwehr-trebur.org\/web\/wp-json\/wp\/v2\/pages\/775\/revisions\/4594"}],"up":[{"embeddable":true,"href":"https:\/\/www.feuerwehr-trebur.org\/web\/wp-json\/wp\/v2\/pages\/13"}],"wp:attachment":[{"href":"https:\/\/www.feuerwehr-trebur.org\/web\/wp-json\/wp\/v2\/media?parent=775"}],"curies":[{"name":"wp","href":"https:\/\/api.w.org\/{rel}","templated":true}]}}