{"id":771,"date":"2015-01-30T15:29:22","date_gmt":"2015-01-30T15:29:22","guid":{"rendered":"http:\/\/feuerwehr-trebur.org\/web\/?page_id=771"},"modified":"2015-02-18T21:33:01","modified_gmt":"2015-02-18T20:33:01","slug":"links","status":"publish","type":"page","link":"https:\/\/www.feuerwehr-trebur.org\/web\/service\/links\/","title":{"rendered":"Links"},"content":{"rendered":"<div class=\"wpb-content-wrapper\">[vc_row][vc_column width=&#8220;1\/2&#8243;][vc_column_text]<strong>Feuerwehren im Kreis Gro\u00df-Gerau<\/strong><\/p>\n<p>Freiwillige Feuerwehr Bauschheim [<a href=\"http:\/\/www.feuerwehr-bauschheim.de\" target=\"_blank\">\u00f6ffnen<\/a>]\n<p>Freiwillige Feuerwehr Berkach [<a href=\"http:\/\/www.berkach.ff-gg.de\" target=\"_blank\">\u00f6ffnen<\/a>]\n<p>Freiwillige Feuerwehr Biebesheim [<a href=\"http:\/\/www.feuerwehr-biebesheim.de\" target=\"_blank\">\u00f6ffnen<\/a>]\n<p>Freiwillige Feuerwehr Bischofsheim [<a href=\"http:\/\/www.feuerwehr-bischofsheim.de\" target=\"_blank\">\u00f6ffnen<\/a>]\n<p>Freiwillige Feuerwehr B\u00fcttelborn [<a href=\"http:\/\/www.feuerwehr-buettelborn.de\" target=\"_blank\">\u00f6ffnen<\/a>]\n<p>Freiwillige Feuerwehr Gernsheim [<a href=\"http:\/\/www.feuerwehr-gernsheim.de\" target=\"_blank\">\u00f6ffnen<\/a>]\n<p>Freiwillige Feuerwehr Ginsheim-Gustavsburg [<a href=\"http:\/\/www.feuerwehr-gigu.de\" target=\"_blank\">\u00f6ffnen<\/a>]\n<p>Freiwillige Feuerwehr Gro\u00df-Gerau [<a href=\"http:\/\/www.ff-gg.de\" target=\"_blank\">\u00f6ffnen<\/a>]\n<p>Freiwillige Feuerwehr Dornheim [<a href=\"http:\/\/www.feuerwehr-dornheim.de\/\" target=\"_blank\">\u00f6ffnen<\/a>]\n<p>Freiwillige Feuerwehr Hassloch [<a href=\"http:\/\/www.ff-hassloch.de\" target=\"_blank\">\u00f6ffnen<\/a>]\n<p>Freiwillige Feuerwehr Kelsterbach [<a href=\"http:\/\/www.feuerwehr-kelsterbach.de\" target=\"_blank\">\u00f6ffnen<\/a>]\n<p>Freiwillige Feuerwehr Klein-Gerau [<a href=\"http:\/\/www.ff-kg.de\" target=\"_blank\">\u00f6ffnen<\/a>]\n<p>Freiwillige Feuerwehr K\u00f6nigst\u00e4dten [<a href=\"http:\/\/www.ff-koenigstaedten.de\/\" target=\"_blank\">\u00f6ffnen<\/a>]\n<p>Freiwillige Feuerwehr M\u00f6rfelden [<a href=\"http:\/\/www.feuerwehr-moerfelden.de\/\" target=\"_blank\">\u00f6ffnen<\/a>]\n<p>Freiwillige Feuerwehr Nauheim [<a href=\"http:\/\/www.feuerwehr-nauheim.de\" target=\"_blank\">\u00f6ffnen<\/a>]\n<p>Freiwillige Feuerwehr Raunheim [<a href=\"http:\/\/www.feuerwehr-raunheim.de\" target=\"_blank\">\u00f6ffnen<\/a>]\n<p>Freiwillige Feuerwehr Riedstadt (alle Ortsteile) [<a href=\"http:\/\/www.feuerwehr-riedstadt.de\" target=\"_blank\">\u00f6ffnen<\/a>]\n<p>Freiwillige Feuerwehr R\u00fcsselsheim [<a href=\"http:\/\/www.feuerwehr-ruesselsheim.de\" target=\"_blank\">\u00f6ffnen<\/a>]\n<p>Freiwillige Feuerwehr Stockstadt [<a href=\"http:\/\/www.ff-stockstadt-rhein.de\/\" target=\"_blank\">\u00f6ffnen<\/a>]\n<p>Freiwillige Feuerwehr Walldorf [<a href=\"http:\/\/www.feuerwehr-walldorf.org\/\" target=\"_blank\">\u00f6ffnen<\/a>]\n<p>Freiwillige Feuerwehr Wallerst\u00e4dten [<a href=\"http:\/\/www.wallerstaedten.ff-gg.de\/\" target=\"_blank\">\u00f6ffnen<\/a>]\n<p>Freiwillige Feuerwehr Worfelden [<a href=\"http:\/\/www.ff-worfelden.de\/\" target=\"_blank\">\u00f6ffnen<\/a>][\/vc_column_text][\/vc_column][vc_column width=&#8220;1\/2&#8243;][vc_column_text]\n<strong>Gemeinn\u00fctzige Organisationen im Kreis Gro\u00df-Gerau<\/strong><\/p>\n<p>DRK Ortsverband Trebur [<a href=\"http:\/\/www.drk-trebur.de\" target=\"_blank\">\u00f6ffnen<\/a>]\n<p>Seelsorge in Notf\u00e4llen [<a href=\"http:\/\/www.sin-grossgerau.de\" target=\"_blank\">\u00f6ffnen<\/a>]\n<p><strong>Gemeinn\u00fctzige Organisationen und Initiativen<\/strong><\/p>\n<p>Deutscher Feuerwehrverband <a href=\"http:\/\/www.dfv.org\" target=\"_blank\">[\u00f6ffnen<\/a>]\n<p>Rauchmelder-Lebensretter [<a href=\"http:\/\/www.lauchmelder-lebensretter.de\" target=\"_blank\">\u00f6ffnen<\/a>]\n<p>Paulinchen e.V. [<a href=\"http:\/\/www.paulinchen.de\/\" target=\"_blank\">\u00f6ffnen<\/a>]\n<p>Deutsche Knochenmarkspenderkartei [<a href=\"http:\/\/www.dkms.de\" target=\"_blank\">\u00f6ffnen<\/a>]\n<p>100% Reanimation [<a href=\"http:\/\/\/www.einlebenretten.de\" target=\"_blank\">\u00f6ffnen<\/a>]\n<p>Projekt &#8222;Die Rettungsgasse&#8220; [<a href=\"http:\/\/www.die-rettungsgasse.de\" target=\"_blank\">\u00f6ffnen<\/a>]\n<p><strong>Sonstige Links<\/strong><\/p>\n<p>Deutscher Wetterdienst [<a href=\"http:\/\/www.dwd.de\" target=\"_blank\">\u00f6ffnen<\/a>][\/vc_column_text][\/vc_column][\/vc_row]\n<\/div>","protected":false},"excerpt":{"rendered":"<p>[vc_row][vc_column width=&#8220;1\/2&#8243;][vc_column_text]Feuerwehren im Kreis Gro\u00df-Gerau Freiwillige Feuerwehr Bauschheim [\u00f6ffnen] Freiwillige Feuerwehr Berkach [\u00f6ffnen] Freiwillige Feuerwehr Biebesheim [\u00f6ffnen] Freiwillige Feuerwehr Bischofsheim [\u00f6ffnen] Freiwillige Feuerwehr B\u00fcttelborn [\u00f6ffnen] Freiwillige Feuerwehr Gernsheim [\u00f6ffnen] Freiwillige Feuerwehr Ginsheim-Gustavsburg [\u00f6ffnen] Freiwillige Feuerwehr Gro\u00df-Gerau [\u00f6ffnen] Freiwillige Feuerwehr Dornheim [\u00f6ffnen] Freiwillige Feuerwehr Hassloch [\u00f6ffnen] Freiwillige Feuerwehr<\/p>\n","protected":false},"author":6,"featured_media":0,"parent":106,"menu_order":0,"comment_status":"open","ping_status":"open","template":"page-FullWidth.php","meta":{"footnotes":"","_links_to":"","_links_to_target":""},"class_list":["post-771","page","type-page","status-publish","hentry"],"_links":{"self":[{"href":"https:\/\/www.feuerwehr-trebur.org\/web\/wp-json\/wp\/v2\/pages\/771","targetHints":{"allow":["GET"]}}],"collection":[{"href":"https:\/\/www.feuerwehr-trebur.org\/web\/wp-json\/wp\/v2\/pages"}],"about":[{"href":"https:\/\/www.feuerwehr-trebur.org\/web\/wp-json\/wp\/v2\/types\/page"}],"author":[{"embeddable":true,"href":"https:\/\/www.feuerwehr-trebur.org\/web\/wp-json\/wp\/v2\/users\/6"}],"replies":[{"embeddable":true,"href":"https:\/\/www.feuerwehr-trebur.org\/web\/wp-json\/wp\/v2\/comments?post=771"}],"version-history":[{"count":6,"href":"https:\/\/www.feuerwehr-trebur.org\/web\/wp-json\/wp\/v2\/pages\/771\/revisions"}],"predecessor-version":[{"id":1035,"href":"https:\/\/www.feuerwehr-trebur.org\/web\/wp-json\/wp\/v2\/pages\/771\/revisions\/1035"}],"up":[{"embeddable":true,"href":"https:\/\/www.feuerwehr-trebur.org\/web\/wp-json\/wp\/v2\/pages\/106"}],"wp:attachment":[{"href":"https:\/\/www.feuerwehr-trebur.org\/web\/wp-json\/wp\/v2\/media?parent=771"}],"curies":[{"name":"wp","href":"https:\/\/api.w.org\/{rel}","templated":true}]}}