{"id":769,"date":"2015-01-30T15:28:32","date_gmt":"2015-01-30T15:28:32","guid":{"rendered":"http:\/\/feuerwehr-trebur.org\/web\/?page_id=769"},"modified":"2015-02-18T17:58:23","modified_gmt":"2015-02-18T16:58:23","slug":"brandschutzerziehung","status":"publish","type":"page","link":"https:\/\/www.feuerwehr-trebur.org\/web\/service\/brandschutzerziehung\/","title":{"rendered":"Brandschutzerziehung"},"content":{"rendered":"<p>\u201eWilli\u201c ist der gute Feuerwehrmann, \u201eViktor\u201c der b\u00f6se Feuerteufel. Die beiden treten gemeinsam auf: Als gro\u00dfe Puppen, mit deren Hilfe Feuerwehrleute Kindergartenkindern beibringen, was zu tun ist, wenn\u2019s brennt. Die Treburer Feuerwehr ist regelm\u00e4\u00dfig zu Gast in den Kinderg\u00e4rten und Schulen, um dort die gesetzlich vorgeschriebene Brandschutzerziehung zu leisten.<\/p>\n<p>Gerade waren drei Mitglieder der Einsatzabteilung bei den Kindern der Tagesst\u00e4tte \u201ePusteblume\u201c zu Gast, die nach dem Sommer in die Schule gehen. Am Anfang steht dabei die Theorie, die dank \u201eWilli\u201c und \u201eViktor\u201c gar nicht grau ist. Mit Hilfe der Puppen erfahren die Kleinen, welche Gefahren in einer Wohnung stecken, etwa, was brennt und was nicht brennt. Anschlie\u00dfend \u00fcben die Kinder, einen Notruf abzusetzen. Damit die Situation m\u00f6glichst realistisch ist, w\u00e4hlen die Kinder an einer speziellen Telefonanlage der Feuerwehr die Notrufnummer und werden mit Brandbek\u00e4mpfer Herbert F\u00fcckel verbunden. Er sitzt w\u00e4hrenddessen in einem Nebenraum. F\u00fcckel stellt den Kindern Fragen \u00fcber den Notfall, vor allem die f\u00fcnf wichtigen \u201eWs\u201c: \u201eWas ist passiert? Wo ist es passiert? Wer ruft an? Wieviele Verletzte gibt es?\u201c Und: \u201eWarten auf R\u00fcckfragen.\u201c Mit einem kleinen, verrauchten Modellhaus demonstriert Christian Lautz den Kindern anschaulich, wie sie am sichersten ins Freie gelangen, wenn es brennt. Sie lernen, wo sie auf die Feuerwehr warten sollten und wie die Feuerwehr bei einem Einsatz vorgeht.<\/p>\n<p>Die in Schutzkleidung verpackten Feuerwehrm\u00e4nner sehen unheimlich aus. Die Retter betonen, dass die Kinder vor den Einsatzkr\u00e4ften keine Angst zu haben brauchen. Nach dieser Einf\u00fchrung besuchen die Kinder die Wehr im Ger\u00e4tehaus. Dort d\u00fcrfen sie Rettungsschere, Schl\u00e4uche, und Feuerwehrhelme anfassen und sogar in die Fahrerkabine eines gro\u00dfen L\u00f6schwagens klettern und sich hinters Lenkrad setzen. Was es alles an einem Feuerwehrauto zu entdecken gibt, erkl\u00e4rt Feuerwehrfrau Bettina Lindemann mit ihren beiden Kollegen.<\/p>\n<p>Schon seit 1985 leistet die Treburer Wehr ehrenamtlich Brandschutzerziehung in Kinderg\u00e4rten und Schulen. Angefangen hatte das damals mit einer Projektwoche zum Thema \u201eFeuerwehr\u201c, erinnert sich F\u00fcckel. Seither wurde bei manchem Bub und manchem M\u00e4dchen der Wunsch geweckt, als Erwachsener selbst bei der Feuerwehr mitzumachen.<\/p>\n\n\t\t<style type=\"text\/css\">\n\t\t\t#gallery-1 {\n\t\t\t\tmargin: auto;\n\t\t\t}\n\t\t\t#gallery-1 .gallery-item {\n\t\t\t\tfloat: left;\n\t\t\t\tmargin-top: 10px;\n\t\t\t\ttext-align: center;\n\t\t\t\twidth: 33%;\n\t\t\t}\n\t\t\t#gallery-1 img {\n\t\t\t\tborder: 2px solid #cfcfcf;\n\t\t\t}\n\t\t\t#gallery-1 .gallery-caption {\n\t\t\t\tmargin-left: 0;\n\t\t\t}\n\t\t\t\/* see gallery_shortcode() in wp-includes\/media.php *\/\n\t\t<\/style>\n\t\t<div id='gallery-1' class='gallery galleryid-769 gallery-columns-3 gallery-size-thumbnail'><dl class='gallery-item'>\n\t\t\t<dt class='gallery-icon portrait'>\n\t\t\t\t<a href='https:\/\/www.feuerwehr-trebur.org\/web\/brandschutzerz5\/'><img loading=\"lazy\" decoding=\"async\" width=\"150\" height=\"150\" src=\"https:\/\/www.feuerwehr-trebur.org\/web\/wp-content\/uploads\/2015\/01\/brandschutzerz5-150x150.jpg\" class=\"attachment-thumbnail size-thumbnail\" alt=\"\" \/><\/a>\n\t\t\t<\/dt><\/dl><dl class='gallery-item'>\n\t\t\t<dt class='gallery-icon landscape'>\n\t\t\t\t<a href='https:\/\/www.feuerwehr-trebur.org\/web\/brandschutzerz4\/'><img loading=\"lazy\" decoding=\"async\" width=\"150\" height=\"150\" src=\"https:\/\/www.feuerwehr-trebur.org\/web\/wp-content\/uploads\/2015\/01\/brandschutzerz4-150x150.jpg\" class=\"attachment-thumbnail size-thumbnail\" alt=\"\" \/><\/a>\n\t\t\t<\/dt><\/dl><dl class='gallery-item'>\n\t\t\t<dt class='gallery-icon landscape'>\n\t\t\t\t<a href='https:\/\/www.feuerwehr-trebur.org\/web\/brandschutzerz3\/'><img loading=\"lazy\" decoding=\"async\" width=\"150\" height=\"150\" src=\"https:\/\/www.feuerwehr-trebur.org\/web\/wp-content\/uploads\/2015\/01\/brandschutzerz3-150x150.jpg\" class=\"attachment-thumbnail size-thumbnail\" alt=\"\" \/><\/a>\n\t\t\t<\/dt><\/dl><br style=\"clear: both\" \/><dl class='gallery-item'>\n\t\t\t<dt class='gallery-icon landscape'>\n\t\t\t\t<a href='https:\/\/www.feuerwehr-trebur.org\/web\/brandschutzerz2\/'><img loading=\"lazy\" decoding=\"async\" width=\"150\" height=\"150\" src=\"https:\/\/www.feuerwehr-trebur.org\/web\/wp-content\/uploads\/2015\/01\/brandschutzerz2-150x150.jpg\" class=\"attachment-thumbnail size-thumbnail\" alt=\"\" \/><\/a>\n\t\t\t<\/dt><\/dl><dl class='gallery-item'>\n\t\t\t<dt class='gallery-icon landscape'>\n\t\t\t\t<a href='https:\/\/www.feuerwehr-trebur.org\/web\/brandschutzerz1\/'><img loading=\"lazy\" decoding=\"async\" width=\"150\" height=\"150\" src=\"https:\/\/www.feuerwehr-trebur.org\/web\/wp-content\/uploads\/2015\/01\/brandschutzerz1-150x150.jpg\" class=\"attachment-thumbnail size-thumbnail\" alt=\"\" \/><\/a>\n\t\t\t<\/dt><\/dl>\n\t\t\t<br style='clear: both' \/>\n\t\t<\/div>\n\n","protected":false},"excerpt":{"rendered":"<p>\u201eWilli\u201c ist der gute Feuerwehrmann, \u201eViktor\u201c der b\u00f6se Feuerteufel. Die beiden treten gemeinsam auf: Als gro\u00dfe Puppen, mit deren Hilfe Feuerwehrleute Kindergartenkindern beibringen, was zu tun ist, wenn\u2019s brennt. Die Treburer Feuerwehr ist regelm\u00e4\u00dfig zu Gast in den Kinderg\u00e4rten und Schulen, um dort die gesetzlich vorgeschriebene Brandschutzerziehung<\/p>\n","protected":false},"author":6,"featured_media":0,"parent":106,"menu_order":0,"comment_status":"open","ping_status":"open","template":"page-FullWidth.php","meta":{"footnotes":"","_links_to":"","_links_to_target":""},"class_list":["post-769","page","type-page","status-publish","hentry"],"_links":{"self":[{"href":"https:\/\/www.feuerwehr-trebur.org\/web\/wp-json\/wp\/v2\/pages\/769","targetHints":{"allow":["GET"]}}],"collection":[{"href":"https:\/\/www.feuerwehr-trebur.org\/web\/wp-json\/wp\/v2\/pages"}],"about":[{"href":"https:\/\/www.feuerwehr-trebur.org\/web\/wp-json\/wp\/v2\/types\/page"}],"author":[{"embeddable":true,"href":"https:\/\/www.feuerwehr-trebur.org\/web\/wp-json\/wp\/v2\/users\/6"}],"replies":[{"embeddable":true,"href":"https:\/\/www.feuerwehr-trebur.org\/web\/wp-json\/wp\/v2\/comments?post=769"}],"version-history":[{"count":2,"href":"https:\/\/www.feuerwehr-trebur.org\/web\/wp-json\/wp\/v2\/pages\/769\/revisions"}],"predecessor-version":[{"id":1014,"href":"https:\/\/www.feuerwehr-trebur.org\/web\/wp-json\/wp\/v2\/pages\/769\/revisions\/1014"}],"up":[{"embeddable":true,"href":"https:\/\/www.feuerwehr-trebur.org\/web\/wp-json\/wp\/v2\/pages\/106"}],"wp:attachment":[{"href":"https:\/\/www.feuerwehr-trebur.org\/web\/wp-json\/wp\/v2\/media?parent=769"}],"curies":[{"name":"wp","href":"https:\/\/api.w.org\/{rel}","templated":true}]}}