{"id":3663,"date":"2023-02-04T13:05:59","date_gmt":"2023-02-04T12:05:59","guid":{"rendered":"https:\/\/www.feuerwehr-trebur.org\/web\/?page_id=3663"},"modified":"2023-02-04T13:05:59","modified_gmt":"2023-02-04T12:05:59","slug":"brandschutzunterweisungen","status":"publish","type":"page","link":"https:\/\/www.feuerwehr-trebur.org\/web\/brandschutzunterweisungen\/","title":{"rendered":"Brandschutzunterweisungen"},"content":{"rendered":"<p>Wollten Sie schon immer mal wissen wie ein Feuerl\u00f6scher funktioniert oder wie man damit umgeht?<br \/>\nHaben Sie sich schon immer gefragt ob Rauchmelder wirklich so wichtig sind wie behauptet wird?<br \/>\nInteressiert sie die Arbeit ihrer Feuerwehr?<br \/>\nWissen Sie wie man einen Notruf richtig absetzt?<br \/>\nM\u00f6chten Sie sich einmal unsere Fahrzeuge und Ger\u00e4te aus der N\u00e4he ansehen?<\/p>\n<p>Wenn eine dieser Fragen sie hellh\u00f6rig gemacht hat sind sie bei uns genau an der richtigen Adresse.<br \/>\nDie Feuerwehr Trebur bietet Treburer Vereinen und Ihren Mitgliedern sogenannte Brandschutzunterweisungen an, die man mit einer Art &#8222;Grundkurs&#8220; in den allgemeinen Fragen des Brandschutzes vergleichen kann.<br \/>\nAn den Vortragsabenden kl\u00e4ren wir unter anderem die folgenden Fragen:<\/p>\n<p><strong>Was tue ich wenn es brennt?<br \/>\nWie setzte ich einen Notruf richtig ab?<br \/>\nWas macht die Feuerwehr wenn sie eintrifft?<br \/>\nWie ist ein Feuerl\u00f6scher aufgebaut?<br \/>\nWie bediene ich einen Feuerl\u00f6scher richtig?<br \/>\nWelcher Feuerl\u00f6scher ist f\u00fcr mich der richtige?<br \/>\nWas ist ein Rauchmelder und wie wichtig kann er einmal f\u00fcr mich sein?<br \/>\nWie verh\u00e4lt sich der Rauch in einem brennenden Haus?<br \/>\nUnd vieles Andere mehr&#8230;<br \/>\n<\/strong><\/p>\n<p>Im Anschluss an die Vortragsreihe sind praktische \u00dcbungen mit dem Feuerl\u00f6scher und ein Rundgang durchs Ger\u00e4tehaus m\u00f6glich. Bisher haben schon mehrere Vereine unser Angebot angenommen und waren am Ende begeistert und um einiges schlauer.<br \/>\nHaben wir Ihr Interesse geweckt? Nehmen Sie doch einfach einmal unverbindlich Kontakt mit uns auf.<\/p>\n","protected":false},"excerpt":{"rendered":"<p>Wollten Sie schon immer mal wissen wie ein Feuerl\u00f6scher funktioniert oder wie man damit umgeht? Haben Sie sich schon immer gefragt ob Rauchmelder wirklich so wichtig sind wie behauptet wird? Interessiert sie die Arbeit ihrer Feuerwehr? Wissen Sie wie man einen Notruf richtig absetzt? M\u00f6chten Sie sich<\/p>\n","protected":false},"author":6,"featured_media":0,"parent":0,"menu_order":0,"comment_status":"closed","ping_status":"closed","template":"","meta":{"footnotes":"","_links_to":"","_links_to_target":""},"class_list":["post-3663","page","type-page","status-publish","hentry"],"_links":{"self":[{"href":"https:\/\/www.feuerwehr-trebur.org\/web\/wp-json\/wp\/v2\/pages\/3663","targetHints":{"allow":["GET"]}}],"collection":[{"href":"https:\/\/www.feuerwehr-trebur.org\/web\/wp-json\/wp\/v2\/pages"}],"about":[{"href":"https:\/\/www.feuerwehr-trebur.org\/web\/wp-json\/wp\/v2\/types\/page"}],"author":[{"embeddable":true,"href":"https:\/\/www.feuerwehr-trebur.org\/web\/wp-json\/wp\/v2\/users\/6"}],"replies":[{"embeddable":true,"href":"https:\/\/www.feuerwehr-trebur.org\/web\/wp-json\/wp\/v2\/comments?post=3663"}],"version-history":[{"count":1,"href":"https:\/\/www.feuerwehr-trebur.org\/web\/wp-json\/wp\/v2\/pages\/3663\/revisions"}],"predecessor-version":[{"id":3664,"href":"https:\/\/www.feuerwehr-trebur.org\/web\/wp-json\/wp\/v2\/pages\/3663\/revisions\/3664"}],"wp:attachment":[{"href":"https:\/\/www.feuerwehr-trebur.org\/web\/wp-json\/wp\/v2\/media?parent=3663"}],"curies":[{"name":"wp","href":"https:\/\/api.w.org\/{rel}","templated":true}]}}