{"id":3051,"date":"2021-01-01T16:51:07","date_gmt":"2021-01-01T15:51:07","guid":{"rendered":"https:\/\/www.feuerwehr-trebur.org\/web\/?page_id=3051"},"modified":"2021-01-01T16:59:44","modified_gmt":"2021-01-01T15:59:44","slug":"einsatzchronik-2020","status":"publish","type":"page","link":"https:\/\/www.feuerwehr-trebur.org\/web\/einsaetze\/einsatzchronik-2020\/","title":{"rendered":"Einsatzchronik 2020"},"content":{"rendered":"<div class=\"wpb-content-wrapper\">[vc_row][vc_column][vc_text_separator title=&#8220;Eins\u00e4tze 2020&#8243;]\n<p><strong>Dezember<\/strong><\/p>\n<p>73 | 25.12.2020 &#8211; H 1 &#8211; Wasser im Keller<br \/>\n72 | 21.12.2020 &#8211; D 3 &#8211; Messeinsatz &#8211; Kelsterbach \/ Industriepark H\u00f6chst<br \/>\n71 | 10.12.2020 &#8211; H EINST Y &#8211; Geb\u00e4udeeinsturz (Fehlalarm)<br \/>\n70 | 07.12.2020 &#8211; H 1 &#8211; Ausgelaufene Betriebsstoffe<br \/>\n69 | 01.12.2020 &#8211; H 1 Y &#8211; Verkehrsunfall<\/p>\n<p><strong>November<\/strong><\/p>\n<p>68 | 15.11.2020 &#8211; H 1 Y &#8211; Notfallt\u00fcr\u00f6ffnung<br \/>\n67 | 11.11.2020 &#8211; H 1 &#8211; \u00d6l auf Gew\u00e4sser<\/p>\n<p><strong>Oktober<\/strong><\/p>\n<p>66 | 06.10.2020 &#8211; H 1 &#8211; Verkehrsunfall<br \/>\n65 | 24.10.2020 &#8211; F 2 Y &#8211; Brennt Wohnhaus [<a href=\"https:\/\/www.feuerwehr-trebur.org\/web\/24-10-2020-brennt-wohnhaus\/\">Bericht<\/a>]\n<p>64 | 22.10.2020 &#8211; F 1 &#8211; Angemeldetes Nutzfeuer<br \/>\n63 | 21.10.2020 &#8211; F Ausserhalb &#8211; Brennende Rundballen<br \/>\n62 | 19.10.2020 &#8211; H Klemm 1 Y &#8211; Verkehrsunfall<br \/>\n61 | 10.10.2020 &#8211; H 1 Y &#8211; Verkehrsunfall<br \/>\n60 | 09.10.2020 &#8211; H 1 Y &#8211; Notfallt\u00fcr\u00f6ffnung &#8211; Astheim<br \/>\n59 | 06.10.2020 &#8211; H 1 &#8211; Ausgelaufene Betriebsstoffe<br \/>\n58 | 03.10.2020 &#8211; F 4 &#8211; Brand einer Lagerhalle &#8211; Messeinsatz &#8211; Gro\u00df-Gerau<br \/>\n57 | 02.10.2020 &#8211; H 1 Y &#8211; Notfallt\u00fcr\u00f6ffnung<\/p>\n<p><strong>September<\/strong><\/p>\n<p>56 | 29.09.2020 &#8211; H 1 Y &#8211; Notfallt\u00fcr\u00f6ffnung<br \/>\n55 | 29.09.2020 &#8211; H 1 Y &#8211; Notfallt\u00fcr\u00f6ffnung<br \/>\n54 | 28.09.2020 &#8211; F 3 &#8211; Brand einer Filteranlange<br \/>\n53 | 16.09.2020 &#8211; H Gefahr 1 &#8211; Messeinsatz &#8211; Kelsterbach<br \/>\n52 | 16.09.2020 &#8211; H 1 &#8211; Wasser im Keller<br \/>\n51 | 10.09.2020 &#8211; H 1 Y &#8211; Notfallt\u00fcr\u00f6ffnung<br \/>\n50 | 05.09.2020 &#8211; F RWM &#8211; Ausgel\u00f6ster Rauchwarnmelder<br \/>\n49 | 04.09.2020 &#8211; H 1 Y &#8211; Notfallt\u00fcr\u00f6ffnung<\/p>\n<p><strong>August<\/strong><\/p>\n<p>48 | 25.08.2020 &#8211; F 1 &#8211; Fl\u00e4chenbrand<br \/>\n47 | 19.08.2020 &#8211; H Fluss Y &#8211; Person im Rhein<br \/>\n46 | 13.08.2020 &#8211; F Wald 1 &#8211; Waldbrand &#8211; Walldorf<br \/>\n45 | 10.08.2020 &#8211; F Wald 1 &#8211; Waldbrand &#8211; Walldorf<br \/>\n44 | 04.08.2020 &#8211; D 2 &#8211; Messeinsatz &#8211; Gernsheim<\/p>\n<p><strong>Juli<\/strong><\/p>\n<p>43 | 30.07.2020 &#8211; F 3 &#8211; Gefahrguteinsatz &#8211; Gustavsburg<br \/>\n42 | 20.07.2020 &#8211; F RWM &#8211; Ausgel\u00f6ster Rauchwarnmelder<br \/>\n41 | 19.07.2020 &#8211; H Fluss Y &#8211; Person im Rhein<br \/>\n40 | 12.07.2020 &#8211; H Fluss Y &#8211; Personen im Rhein<br \/>\n39 | 12.07.2020 &#8211; F 2 Y &#8211; Brand einer Garage<br \/>\n38 | 10.07.2020 &#8211; H Gefahr 1 &#8211; Gefahrguteinsatz<br \/>\n37 | 07.07.2020 &#8211; H Gas 1 &#8211; Gasgeruch<br \/>\n36 | 04.07.2020 &#8211; H Fluss Y &#8211; Personen im Rhein<\/p>\n<p><strong>Juni<\/strong><\/p>\n<p>35 | 29.06.2020 &#8211; H 1 &#8211; Kleintier in Not<br \/>\n34 | 27.06.2020 &#8211; H Fluss Y &#8211; Personen im Rhein<br \/>\n33 | 26.06.2020 &#8211; H Gefahr 1 &#8211; Messeinsatz &#8211; Raunheim<br \/>\n32 | 23.06.2020 &#8211; H Fluss Y &#8211; Personen im Rhein<br \/>\n31 | 13.06.2020 &#8211; H Fluss Y &#8211; Personen im Rhein<br \/>\n30 | 12.06.2020 &#8211; F Ausserhalb &#8211; Nicht angemeldetes Nutzfeuer &#8211; Nauheim<br \/>\n29 | 10.06.2020 &#8211; F 3 &#8211; Brand in einer Sporthalle &#8211; Nauheim<\/p>\n<p><strong>Mai<\/strong><\/p>\n<p>28 | 28.05.2020 &#8211; F 3 &#8211; Messeinsatz &#8211; Biebesheim<br \/>\n27 | 26.05.2020 &#8211; H 1 &#8211; Verkehrsunfall<br \/>\n26 | 20.05.2020 &#8211; F 2 &#8211; Messeinsatz R\u00fcsselsheim<br \/>\n25 | 11.05.2020 &#8211; F 1 &#8211; Brandnachschau<br \/>\n24 | 10.05.2020 &#8211; F 2 Y &#8211; Angebranntes Kochgut<br \/>\n23 | 07.05.2020 &#8211; H 1 &#8211; Auslaufende Betriebsstoffe<br \/>\n22 | 02.05.2020 &#8211; F 3 &#8211; Messeinsatz &#8211; Gustavsburg<br \/>\n21 | 02.05.2020 &#8211; F 3 &#8211; Brand einer Lagerhalle &#8211; Gustavsburg<\/p>\n<p><strong>April<\/strong><\/p>\n<p>20 | 28.04.2020 &#8211; F 1 &#8211; Unklare Rauchentwicklung<br \/>\n19 | 23.04.2020 &#8211; F 2 Y -Wohnungsbrand &#8211; Astheim<br \/>\n18 | 19.04.2020 &#8211; F 1 &#8211; Brandnachschau<br \/>\n17 | 17.04.2020 &#8211; H Tier 1 &#8211; Tierrettung<br \/>\n16 | 09.04.2020 &#8211; FBMA &#8211; Ausgel\u00f6ste Brandmeldeanlage<br \/>\n15 | 08.04.2020 &#8211; F 2 &#8211; Kellerbrand<br \/>\n14 | 05.04.2020 &#8211; H Gas 1 &#8211; Ausgel\u00f6ster CO-Melder<\/p>\n<p><strong>M\u00e4rz<\/strong><\/p>\n<p>13 | 28.03.2020 &#8211; F Ausserhalb &#8211; Brennende Gartenh\u00fctte<br \/>\n12 | 24.03.2020 &#8211; H 1 &#8211; Wasser im Keller<br \/>\n11 | 17.03.2020 &#8211; F Wald 1 &#8211; Angemeldetes Nutzfeuer<\/p>\n<p><strong>Februar<\/strong><\/p>\n<p>10 | 11.02.2020 &#8211; H 1 Y &#8211; Ersthelfereinsatz<br \/>\n09 | 09.02.2020 &#8211; H \u00d6l Wass &#8211; \u00d6l auf Gew\u00e4sser<br \/>\n08 | 03.02.2020 &#8211; H Klemm 1 Y &#8211; Verkehrsunfall<br \/>\n07 | 01.02.2020 &#8211; H Gas 2 &#8211; Messeinsatz &#8211; Gernsheim<\/p>\n<p><strong>Januar<\/strong><\/p>\n<p>06 | 16.01.2020 &#8211; H Gefahr 1 &#8211; Messeinsatz &#8211; Gro\u00df-Gerau<br \/>\n05 | 11.01.2020 &#8211; F 3 &#8211; Messeinsatz &#8211; Gustavsburg<br \/>\n04 | 08.01.2020 &#8211; H 1 Y &#8211; Notfallt\u00fcr\u00f6ffnung<br \/>\n03 | 08.01.2020 &#8211; H 1 &#8211; Dieselspur<br \/>\n02 | 07.01.2020 &#8211; H 1 &#8211; \u00d6lspur<br \/>\n01 | 03.01.2020 &#8211; H Gefahr 1 &#8211; Auslaufende Gefahrstoffe &#8211; Bischofsheim<\/p>\n<p><object id=\"__symantecPKIClientMessenger\" style=\"display: none;\" width=\"300\" height=\"150\" data-install-updates-user-configuration=\"true\" data-supports-flavor-configuration=\"true\" data-extension-version=\"0.5.0.161\"><\/object>[\/vc_column][\/vc_row][vc_row][vc_column width=&#8220;1\/3&#8243;][vc_single_image image=&#8220;839&#8243; img_size=&#8220;full&#8220;][\/vc_column][\/vc_row][vc_row][vc_column][vc_text_separator title=&#8220;Eins\u00e4tze 2008 &#8211; 2019&#8243;][\/vc_column][\/vc_row][vc_row][vc_column width=&#8220;1\/2&#8243;][vc_column_text]<i class=\"fa fa-fire\"><\/i> <a href=\"https:\/\/www.feuerwehr-trebur.org\/web\/einsaetze\/einsatzchronik2019\/\">Eins\u00e4tze 2019<\/a><br \/>\n<i class=\"fa fa-fire\"><\/i> <a href=\"https:\/\/www.feuerwehr-trebur.org\/web\/einsaetze\/einsatzchronik-2018\/\">Eins\u00e4tze 2018<\/a><br \/>\n<i class=\"fa fa-fire\"><\/i> <a href=\"https:\/\/www.feuerwehr-trebur.org\/web\/einsaetze\/einsatzchronik-2017\/\">Eins\u00e4tze 2017<\/a><br \/>\n<i class=\"fa fa-fire\"><\/i> <a href=\"http:\/\/feuerwehr-trebur.org\/web\/einsaetze\/einsatzchronik-2016\/\">Eins\u00e4tze 2016<\/a><br \/>\n<i class=\"fa fa-fire\"><\/i> <a href=\"http:\/\/feuerwehr-trebur.org\/web\/einsaetze\/einsatzchronik-2015\/\">Eins\u00e4tze 2015<\/a><br \/>\n<i class=\"fa fa-fire\"><\/i> <a href=\"http:\/\/feuerwehr-trebur.org\/web\/einsaetze\/einsatzchronik-2014\/\">Eins\u00e4tze 2014<\/a>[\/vc_column_text][\/vc_column][vc_column width=&#8220;1\/2&#8243;][vc_column_text]<i class=\"fa fa-fire\"><\/i> <a href=\"http:\/\/feuerwehr-trebur.org\/web\/einsaetze\/einsatzchronik-2013\/\">Eins\u00e4tze 2013<\/a><br \/>\n<i class=\"fa fa-fire\"><\/i> <a href=\"http:\/\/feuerwehr-trebur.org\/web\/einsaetze\/einsatzchronik-2012\/\">Eins\u00e4tze 2012<\/a><br \/>\n<i class=\"fa fa-fire\"><\/i> <a href=\"http:\/\/feuerwehr-trebur.org\/web\/einsaetze\/einsatzchronik-2011\/\">Eins\u00e4tze 2011<\/a><br \/>\n<i class=\"fa fa-fire\"><\/i> <a href=\"http:\/\/feuerwehr-trebur.org\/web\/einsaetze\/einsatzchronik-2010\/\">Eins\u00e4tze 2010<\/a><br \/>\n<i class=\"fa fa-fire\"><\/i> <a href=\"http:\/\/feuerwehr-trebur.org\/web\/einsaetze\/einsatzchronik-2009\/\">Eins\u00e4tze 2009<\/a><br \/>\n<i class=\"fa fa-fire\"><\/i> <a href=\"http:\/\/feuerwehr-trebur.org\/web\/einsaetze\/einsatzchronik-2008\/\">Eins\u00e4tze 2008<\/a>[\/vc_column_text][\/vc_column][vc_column][\/vc_column][\/vc_row]\n<\/div>","protected":false},"excerpt":{"rendered":"<p>[vc_row][vc_column][vc_text_separator title=&#8220;Eins\u00e4tze 2020&#8243;] Dezember 73 | 25.12.2020 &#8211; H 1 &#8211; Wasser im Keller 72 | 21.12.2020 &#8211; D 3 &#8211; Messeinsatz &#8211; Kelsterbach \/ Industriepark H\u00f6chst 71 | 10.12.2020 &#8211; H EINST Y &#8211; Geb\u00e4udeeinsturz (Fehlalarm) 70 | 07.12.2020 &#8211; H 1 &#8211; Ausgelaufene Betriebsstoffe 69<\/p>\n","protected":false},"author":6,"featured_media":0,"parent":5,"menu_order":0,"comment_status":"open","ping_status":"open","template":"page-FullWidth.php","meta":{"footnotes":"","_links_to":"","_links_to_target":""},"class_list":["post-3051","page","type-page","status-publish","hentry"],"_links":{"self":[{"href":"https:\/\/www.feuerwehr-trebur.org\/web\/wp-json\/wp\/v2\/pages\/3051","targetHints":{"allow":["GET"]}}],"collection":[{"href":"https:\/\/www.feuerwehr-trebur.org\/web\/wp-json\/wp\/v2\/pages"}],"about":[{"href":"https:\/\/www.feuerwehr-trebur.org\/web\/wp-json\/wp\/v2\/types\/page"}],"author":[{"embeddable":true,"href":"https:\/\/www.feuerwehr-trebur.org\/web\/wp-json\/wp\/v2\/users\/6"}],"replies":[{"embeddable":true,"href":"https:\/\/www.feuerwehr-trebur.org\/web\/wp-json\/wp\/v2\/comments?post=3051"}],"version-history":[{"count":2,"href":"https:\/\/www.feuerwehr-trebur.org\/web\/wp-json\/wp\/v2\/pages\/3051\/revisions"}],"predecessor-version":[{"id":3058,"href":"https:\/\/www.feuerwehr-trebur.org\/web\/wp-json\/wp\/v2\/pages\/3051\/revisions\/3058"}],"up":[{"embeddable":true,"href":"https:\/\/www.feuerwehr-trebur.org\/web\/wp-json\/wp\/v2\/pages\/5"}],"wp:attachment":[{"href":"https:\/\/www.feuerwehr-trebur.org\/web\/wp-json\/wp\/v2\/media?parent=3051"}],"curies":[{"name":"wp","href":"https:\/\/api.w.org\/{rel}","templated":true}]}}