{"id":3003,"date":"2020-12-30T15:32:06","date_gmt":"2020-12-30T14:32:06","guid":{"rendered":"https:\/\/www.feuerwehr-trebur.org\/web\/?page_id=3003"},"modified":"2020-12-30T15:33:44","modified_gmt":"2020-12-30T14:33:44","slug":"tlf-1624-2","status":"publish","type":"page","link":"https:\/\/www.feuerwehr-trebur.org\/web\/fuhrpark\/tlf-1624-2\/","title":{"rendered":"Tankl\u00f6schfahrzeug TLF 16\/25"},"content":{"rendered":"<div class=\"wpb-content-wrapper\">[vc_row][vc_column width=&#8220;2\/3&#8243;][vc_column_text]<a href=\"https:\/\/www.feuerwehr-trebur.org\/web\/wp-content\/uploads\/2020\/12\/TLF1.jpg\" rel=\"wp-prettyPhoto[3003]\"><img loading=\"lazy\" decoding=\"async\" class=\"aligncenter size-full wp-image-3004\" src=\"https:\/\/www.feuerwehr-trebur.org\/web\/wp-content\/uploads\/2020\/12\/TLF1.jpg\" alt=\"\" width=\"454\" height=\"302\" srcset=\"https:\/\/www.feuerwehr-trebur.org\/web\/wp-content\/uploads\/2020\/12\/TLF1.jpg 454w, https:\/\/www.feuerwehr-trebur.org\/web\/wp-content\/uploads\/2020\/12\/TLF1-300x200.jpg 300w\" sizes=\"auto, (max-width: 454px) 100vw, 454px\" \/><\/a><a href=\"https:\/\/www.feuerwehr-trebur.org\/web\/wp-content\/uploads\/2020\/12\/TLF2.jpg\" rel=\"wp-prettyPhoto[3003]\"><img loading=\"lazy\" decoding=\"async\" class=\"aligncenter size-large wp-image-3005\" src=\"https:\/\/www.feuerwehr-trebur.org\/web\/wp-content\/uploads\/2020\/12\/TLF2.jpg\" alt=\"\" width=\"454\" height=\"296\" srcset=\"https:\/\/www.feuerwehr-trebur.org\/web\/wp-content\/uploads\/2020\/12\/TLF2.jpg 454w, https:\/\/www.feuerwehr-trebur.org\/web\/wp-content\/uploads\/2020\/12\/TLF2-300x196.jpg 300w\" sizes=\"auto, (max-width: 454px) 100vw, 454px\" \/><\/a><\/p>\n<p><strong>Fahrzeugkenndaten:<\/strong><br \/>\nFunkrufname: Florian Trebur 1\/22<br \/>\nFahrgestell: Iveco Eurofire 140 E24<br \/>\nAufbau: Magirus<br \/>\nBaujahr: 2004<br \/>\nMotorleistung: 239 PS<br \/>\nZul\u00e4ssiges Gesamtgewicht: 14.000 kg<br \/>\nPumpe: FP 16\/8 (F\u00f6rderleistung von 1600 l\/min bei 8 bar)<br \/>\nMaschinelle Zugeinrichtung: Seilwinde 50 kN an der Fahrzeugfront<br \/>\nL\u00f6schwassertank: 2400 l<br \/>\nSchaummitteltank: 200 l<br \/>\nBesatzungsst\u00e4rke: Staffel 1\/5 (6 Personen)<\/p>\n<p><strong>Einsatzschwerpunkte:<\/strong><br \/>\n&#8211; Erstangriffsfahrzeug f\u00fcr Brandeins\u00e4tze au\u00dferhalb des Ortbereiches mit unzureichender L\u00f6schwasserversorgung<br \/>\n&#8211; Zusammen mit dem VRW umfangreichere technische Hilfeleistungen wie z. B. Verkehrsunf\u00e4lle, Bauunf\u00e4lle, umgest\u00fcrzte B\u00e4ume und gr\u00f6\u00dfere \u00d6lspuren<br \/>\n&#8211; Wasser- und Eisrettung<br \/>\n&#8211; Zweitfahrzeug f\u00fcr Brandeins\u00e4tze innerhalb des Ortsbereiches<\/p>\n<div class=\"su-spoiler su-spoiler-style-default su-spoiler-icon-plus su-spoiler-closed\" data-scroll-offset=\"0\" data-anchor-in-url=\"no\"><div class=\"su-spoiler-title\" tabindex=\"0\" role=\"button\"><span class=\"su-spoiler-icon\"><\/span>Beladung Ger\u00e4ter\u00e4ume G1, G3 und G5<\/div><div class=\"su-spoiler-content su-u-clearfix su-u-trim\">\n<a href=\"https:\/\/www.feuerwehr-trebur.org\/web\/wp-content\/uploads\/2020\/12\/TLF3.jpg\" rel=\"wp-prettyPhoto[3003]\"><img loading=\"lazy\" decoding=\"async\" class=\"aligncenter size-full wp-image-3006\" src=\"https:\/\/www.feuerwehr-trebur.org\/web\/wp-content\/uploads\/2020\/12\/TLF3.jpg\" alt=\"\" width=\"454\" height=\"302\" srcset=\"https:\/\/www.feuerwehr-trebur.org\/web\/wp-content\/uploads\/2020\/12\/TLF3.jpg 454w, https:\/\/www.feuerwehr-trebur.org\/web\/wp-content\/uploads\/2020\/12\/TLF3-300x200.jpg 300w\" sizes=\"auto, (max-width: 454px) 100vw, 454px\" \/><\/a><br \/>\n<a href=\"https:\/\/www.feuerwehr-trebur.org\/web\/wp-content\/uploads\/2020\/12\/TLF4.jpg\" rel=\"wp-prettyPhoto[3003]\"><img loading=\"lazy\" decoding=\"async\" class=\"aligncenter size-full wp-image-3007\" src=\"https:\/\/www.feuerwehr-trebur.org\/web\/wp-content\/uploads\/2020\/12\/TLF4.jpg\" alt=\"\" width=\"454\" height=\"302\" srcset=\"https:\/\/www.feuerwehr-trebur.org\/web\/wp-content\/uploads\/2020\/12\/TLF4.jpg 454w, https:\/\/www.feuerwehr-trebur.org\/web\/wp-content\/uploads\/2020\/12\/TLF4-300x200.jpg 300w\" sizes=\"auto, (max-width: 454px) 100vw, 454px\" \/><\/a><br \/>\n&#8211; verschiedene Gro\u00dfwerkzeuge<br \/>\n&#8211; Pneumatische Hebekissen 2 x 10 t und 2 x 25 t mit Zubeh\u00f6r<br \/>\n&#8211; R\u00fcstholz: 4 Holzplatten 38 x 45 cm, 16 Kanth\u00f6lzer von 30 bis 90 cm L\u00e4nge, 14 Holzkeile<br \/>\n&#8211; Absicherungsmaterial, Schuttmulden<br \/>\n&#8211; 1 Stahlseil 5 m, 1 Stahlseil 15 m, 4 Sch\u00e4kel 12 t, 2 Sch\u00e4kel 9,5 t<br \/>\n&#8211; 2 Auffahrkeile Fahrzeug f\u00fcr Seilwindenbetrieb, 2 Kantenroller f\u00fcr Seilwindenseil<br \/>\n&#8211; Rundschlingen 4 x 3 t, 2 x 5 t, 2 x 6 t, 2 x 10 t, Sch\u00e4kel 4 x 3,25 t, 4 x 6,5 t, 4 x 9,5 t<br \/>\n&#8211; Arbeitsleinen, Spanngurte und Kabelbinder<br \/>\n&#8211; 1 Kasten Handwerkzeug und 1 Kasten Elektrikerwerkzeug<br \/>\n&#8211; 2 Wathosen, 2 K\u00e4ltschutzanz\u00fcge Helly Hansen, 4 Rettungswesten<br \/>\n&#8211; 2 schwimmf\u00e4hige Rettungsleinen 100 m, 2 Eispickel, 2 Bandschlingen<br \/>\n&#8211; 1 Waldbrandrucksack, 1 Waldbrandset mit 4 x 30 m D-Schlauch, 2 D-Hohlstrahlrohre, 1 Verteiler C-DD<br \/>\n&#8211; 1 Formstabiler Schnellangriff mit 40 m S-Schlauch und C-Hohlstrahlrohr 150 l\/min<br \/>\n&#8211; 30 m C-Schlauch im Kreis gelegt mit 1 C-Hohlstrahlrohr 235 l\/min und C-Absperrhahn im Schlauchtragekorb<br \/>\n&#8211; 3 Schlauchtragek\u00f6rbe mit 3 x 15 m C-Schlauch in Buchten, 3 Hohlstrahlrohre 130 l\/min<br \/>\n&#8211; 1 Schnellangriffsverteiler mit 1 x 20 m B-Schlauch, 2 Feuerwehr\u00e4xte<\/p>\n<\/div><\/div>\n<div class=\"su-spoiler su-spoiler-style-default su-spoiler-icon-plus su-spoiler-closed\" data-scroll-offset=\"0\" data-anchor-in-url=\"no\"><div class=\"su-spoiler-title\" tabindex=\"0\" role=\"button\"><span class=\"su-spoiler-icon\"><\/span>Beladung Ger\u00e4ter\u00e4ume G2, G4 und G6<\/div><div class=\"su-spoiler-content su-u-clearfix su-u-trim\">\n<a href=\"https:\/\/www.feuerwehr-trebur.org\/web\/wp-content\/uploads\/2020\/12\/TLF5.jpg\" rel=\"wp-prettyPhoto[3003]\"><img loading=\"lazy\" decoding=\"async\" class=\"aligncenter size-full wp-image-3008\" src=\"https:\/\/www.feuerwehr-trebur.org\/web\/wp-content\/uploads\/2020\/12\/TLF5.jpg\" alt=\"\" width=\"454\" height=\"300\" srcset=\"https:\/\/www.feuerwehr-trebur.org\/web\/wp-content\/uploads\/2020\/12\/TLF5.jpg 454w, https:\/\/www.feuerwehr-trebur.org\/web\/wp-content\/uploads\/2020\/12\/TLF5-300x198.jpg 300w\" sizes=\"auto, (max-width: 454px) 100vw, 454px\" \/><\/a><br \/>\n&#8211; 4 x B-Rollschlauch 20 m, 2 BM-Strahlrohre, 2 St\u00fctzkr\u00fcmmer, 1 Hydroschild<br \/>\n&#8211; 1 Kombischaumrohr S4 &#8211; M4, 1 Mittelschaumpistole, 2 Schaummittelbeh\u00e4lter 2 l<br \/>\n&#8211; 1 Zumischer Z4R mit Ansaugschlauch f\u00fcr Schaummittelabgang unterhalb G6<br \/>\n&#8211; 1 Einrichtung zur schnellen Wasserabgabe mit 2 x 15 m C-Schlauch und 1 C-Hohlstrahlrohr 150 l\/min<br \/>\n&#8211; 1 Schnellangriffsverteiler mit 1 x 20 m B-Schlauch, 1 Hygienebord<br \/>\n&#8211; 2 Hitzeschutzanz\u00fcge Form 2<br \/>\n&#8211; 2 Feuerl\u00f6scher ABC-Pulver, 2 Feuerl\u00f6scher CO2, 1 Feuerl\u00f6scher Hydrex Wasser<br \/>\n&#8211; 1 Elektrischer L\u00fcfter Ramfan<br \/>\n&#8211; 1 elektrische Kettens\u00e4ge Stihl E 20 mit Zubeh\u00f6r<br \/>\n&#8211; 1 elektrische S\u00e4bels\u00e4ge und 1 elektrischer Trennschleifer, 1 Tauchpumpe TP 4\/1<br \/>\n&#8211; 1 Satz Beleuchtung mit 2 x 1000 W \/ 11.000 Lumen Halogen-Strahlern<br \/>\n&#8211; 1 mobiles Lichtstativ gro\u00df, 1 mobiles Lichtstativ klein, 2 Leitungsroller 50 m<br \/>\n&#8211; 1 Stromerzeuger 8 kVA<br \/>\n<\/div><\/div>\n<div class=\"su-spoiler su-spoiler-style-default su-spoiler-icon-plus su-spoiler-closed\" data-scroll-offset=\"0\" data-anchor-in-url=\"no\"><div class=\"su-spoiler-title\" tabindex=\"0\" role=\"button\"><span class=\"su-spoiler-icon\"><\/span>Beladung Ger\u00e4teraum GR und Fahrzeugheck<\/div><div class=\"su-spoiler-content su-u-clearfix su-u-trim\">\n<a href=\"https:\/\/www.feuerwehr-trebur.org\/web\/wp-content\/uploads\/2020\/12\/TLF6.jpg\" rel=\"wp-prettyPhoto[3003]\"><img loading=\"lazy\" decoding=\"async\" class=\"aligncenter size-full wp-image-3009\" src=\"https:\/\/www.feuerwehr-trebur.org\/web\/wp-content\/uploads\/2020\/12\/TLF6.jpg\" alt=\"\" width=\"286\" height=\"190\" \/><\/a><br \/>\n&#8211; Bedienstand der Feuerl\u00f6schkreiselpumpe<br \/>\n&#8211; Zubeh\u00f6r zur Wasserentnahme und Wasserabgabe<br \/>\n&#8211; 1 fahrbare Schlauchhaspel mit 5 x 20 m B-Schlauch, Standrohr, Systemtrenner, Ober- und Unterflurhydrantenschl\u00fcssel am Fahrzeugheck<br \/>\n&#8211; 1 Lichtmast mit 2 x 1000 W \/ 11.000 Lumen Halogen-Strahlern am Fahrzeugheck<br \/>\n<\/div><\/div>\n<div class=\"su-spoiler su-spoiler-style-default su-spoiler-icon-plus su-spoiler-closed\" data-scroll-offset=\"0\" data-anchor-in-url=\"no\"><div class=\"su-spoiler-title\" tabindex=\"0\" role=\"button\"><span class=\"su-spoiler-icon\"><\/span>Beladung Dach und Dachk\u00e4sten<\/div><div class=\"su-spoiler-content su-u-clearfix su-u-trim\">\n<a href=\"https:\/\/www.feuerwehr-trebur.org\/web\/wp-content\/uploads\/2020\/12\/TLF8.jpg\" rel=\"wp-prettyPhoto[3003]\"><img loading=\"lazy\" decoding=\"async\" class=\"aligncenter size-full wp-image-3011\" src=\"https:\/\/www.feuerwehr-trebur.org\/web\/wp-content\/uploads\/2020\/12\/TLF8.jpg\" alt=\"\" width=\"295\" height=\"196\" \/><\/a><br \/>\n&#8211; 4-teilige Steckleiter, Multifunktionsleiter und Steckleiterkopfteil<br \/>\n&#8211; 1 Einrei\u00dfhaken, 4 Schlauchbr\u00fccken<br \/>\n&#8211; Wasserwerfer sowohl auf dem Fahrzeugdach als auch auf dem Boden einsetzbar<br \/>\n&#8211; 4 x A-Saugschlauch 1,60 m, 2 \u00dcbergangsst\u00fccke Feldbrunnen, 1 Bogen, 1 Flachsaugkorb<br \/>\n&#8211; 1 Kanister \u00d6lbindemittel, 2 \u00d6lauffangplanen, 2 Kanaldichtkissen<br \/>\n&#8211; Jeweils 2 Spaten, Flachschaufeln, Besen, Mistgabeln, Dunghacken, Feuerpatschen<br \/>\n&#8211; 1 Schleifkorbtrage, 1 schwimmf\u00e4higes Spinebord mit Zubeh\u00f6r, 1 Krankentrage<br \/>\n<\/div><\/div>\n<div class=\"su-spoiler su-spoiler-style-default su-spoiler-icon-plus su-spoiler-closed\" data-scroll-offset=\"0\" data-anchor-in-url=\"no\"><div class=\"su-spoiler-title\" tabindex=\"0\" role=\"button\"><span class=\"su-spoiler-icon\"><\/span>Beladung Kabine<\/div><div class=\"su-spoiler-content su-u-clearfix su-u-trim\">\n<a href=\"https:\/\/www.feuerwehr-trebur.org\/web\/wp-content\/uploads\/2020\/12\/TLF10.jpg\" rel=\"wp-prettyPhoto[3003]\"><img loading=\"lazy\" decoding=\"async\" class=\"aligncenter size-full wp-image-3013\" src=\"https:\/\/www.feuerwehr-trebur.org\/web\/wp-content\/uploads\/2020\/12\/TLF10.jpg\" alt=\"\" width=\"197\" height=\"294\" \/><\/a><br \/>\n&#8211; Bedienmodul der Seilwinde<br \/>\n&#8211; 4 tragbare Funkger\u00e4te, 4 Handlampen<br \/>\n&#8211; 4 Atemschutzger\u00e4te, 4 Atemschutzmasken, 4 A2B2E2K2-Filter, 4 Haltegurte<br \/>\n&#8211; 1 Tasche mit 2 Fluchthauben, 1 Rettungstuch, 7 Sicherheitsleinen<br \/>\n&#8211; 2 Satz Schnittschutzkleidung, 2 Forsthelme, 2 Paar Chemikalienschutzhandschuhe<br \/>\n&#8211; 1 Erste-Hilfe-Kasten, 1 Wolldecke, M\u00fclls\u00e4cke<br \/>\n<\/div><\/div>[\/vc_column_text][\/vc_column][\/vc_row]\n<\/div>","protected":false},"excerpt":{"rendered":"<p>[vc_row][vc_column width=&#8220;2\/3&#8243;][vc_column_text] Fahrzeugkenndaten: Funkrufname: Florian Trebur 1\/22 Fahrgestell: Iveco Eurofire 140 E24 Aufbau: Magirus Baujahr: 2004 Motorleistung: 239 PS Zul\u00e4ssiges Gesamtgewicht: 14.000 kg Pumpe: FP 16\/8 (F\u00f6rderleistung von 1600 l\/min bei 8 bar) Maschinelle Zugeinrichtung: Seilwinde 50 kN an der Fahrzeugfront L\u00f6schwassertank: 2400 l Schaummitteltank: 200 l<\/p>\n","protected":false},"author":6,"featured_media":410,"parent":403,"menu_order":0,"comment_status":"open","ping_status":"open","template":"page-FullWidth.php","meta":{"footnotes":"","_links_to":"","_links_to_target":""},"class_list":["post-3003","page","type-page","status-publish","has-post-thumbnail","hentry"],"_links":{"self":[{"href":"https:\/\/www.feuerwehr-trebur.org\/web\/wp-json\/wp\/v2\/pages\/3003","targetHints":{"allow":["GET"]}}],"collection":[{"href":"https:\/\/www.feuerwehr-trebur.org\/web\/wp-json\/wp\/v2\/pages"}],"about":[{"href":"https:\/\/www.feuerwehr-trebur.org\/web\/wp-json\/wp\/v2\/types\/page"}],"author":[{"embeddable":true,"href":"https:\/\/www.feuerwehr-trebur.org\/web\/wp-json\/wp\/v2\/users\/6"}],"replies":[{"embeddable":true,"href":"https:\/\/www.feuerwehr-trebur.org\/web\/wp-json\/wp\/v2\/comments?post=3003"}],"version-history":[{"count":2,"href":"https:\/\/www.feuerwehr-trebur.org\/web\/wp-json\/wp\/v2\/pages\/3003\/revisions"}],"predecessor-version":[{"id":3015,"href":"https:\/\/www.feuerwehr-trebur.org\/web\/wp-json\/wp\/v2\/pages\/3003\/revisions\/3015"}],"up":[{"embeddable":true,"href":"https:\/\/www.feuerwehr-trebur.org\/web\/wp-json\/wp\/v2\/pages\/403"}],"wp:featuredmedia":[{"embeddable":true,"href":"https:\/\/www.feuerwehr-trebur.org\/web\/wp-json\/wp\/v2\/media\/410"}],"wp:attachment":[{"href":"https:\/\/www.feuerwehr-trebur.org\/web\/wp-json\/wp\/v2\/media?parent=3003"}],"curies":[{"name":"wp","href":"https:\/\/api.w.org\/{rel}","templated":true}]}}