{"id":2982,"date":"2020-12-29T15:20:27","date_gmt":"2020-12-29T14:20:27","guid":{"rendered":"https:\/\/www.feuerwehr-trebur.org\/web\/?page_id=2982"},"modified":"2020-12-30T15:20:05","modified_gmt":"2020-12-30T14:20:05","slug":"lf-1612-2","status":"publish","type":"page","link":"https:\/\/www.feuerwehr-trebur.org\/web\/fuhrpark\/lf-1612-2\/","title":{"rendered":"L\u00f6schgruppenfahrzeug LF 16\/12"},"content":{"rendered":"<div class=\"wpb-content-wrapper\">[vc_row][vc_column width=&#8220;2\/3&#8243;][vc_column_text]<a href=\"https:\/\/www.feuerwehr-trebur.org\/web\/wp-content\/uploads\/2020\/12\/LF1.jpg\" rel=\"wp-prettyPhoto[2982]\"><img loading=\"lazy\" decoding=\"async\" class=\"aligncenter size-full wp-image-2984\" src=\"https:\/\/www.feuerwehr-trebur.org\/web\/wp-content\/uploads\/2020\/12\/LF1.jpg\" alt=\"\" width=\"454\" height=\"301\" srcset=\"https:\/\/www.feuerwehr-trebur.org\/web\/wp-content\/uploads\/2020\/12\/LF1.jpg 454w, https:\/\/www.feuerwehr-trebur.org\/web\/wp-content\/uploads\/2020\/12\/LF1-300x199.jpg 300w\" sizes=\"auto, (max-width: 454px) 100vw, 454px\" \/><\/a><a href=\"https:\/\/www.feuerwehr-trebur.org\/web\/wp-content\/uploads\/2020\/12\/LF2.jpg\" rel=\"wp-prettyPhoto[2982]\"><img loading=\"lazy\" decoding=\"async\" class=\"aligncenter size-full wp-image-2985\" src=\"https:\/\/www.feuerwehr-trebur.org\/web\/wp-content\/uploads\/2020\/12\/LF2.jpg\" alt=\"\" width=\"454\" height=\"302\" srcset=\"https:\/\/www.feuerwehr-trebur.org\/web\/wp-content\/uploads\/2020\/12\/LF2.jpg 454w, https:\/\/www.feuerwehr-trebur.org\/web\/wp-content\/uploads\/2020\/12\/LF2-300x200.jpg 300w\" sizes=\"auto, (max-width: 454px) 100vw, 454px\" \/><\/a><\/p>\n<p><strong>Fahrzeugkenndaten:<\/strong><\/p>\n<p>Funkrufname: Florian Trebur 1\/44<br \/>\nFahrgestell: Iveco Eurofire 135 E24<br \/>\nAufbau: Magirus<br \/>\nBaujahr: 1996<br \/>\nMotorleistung: 241 PS<br \/>\nZul\u00e4ssiges Gesamtgewicht: 13.500 kg<br \/>\nPumpe: FP 16\/8 (F\u00f6rderleistung 1600 l\/min bei 8 bar)<br \/>\nL\u00f6schwassertank: 1600 l<br \/>\nSchaummittelinhalt: 6 x 20 l in Kanistern<br \/>\nBesatzungsst\u00e4rke: L\u00f6schgruppe 1\/8 (9 Personen)<\/p>\n<p><strong>Einsatzschwerpunkte:<\/strong><\/p>\n<p>&#8211; Erstangriffsfahrzeug f\u00fcr Brandeins\u00e4tze innerhalb des Ortbereiches<br \/>\n&#8211; kleinere technische Hilfeleistungen wie z. B. T\u00fcr\u00f6ffnungen, vollgelaufene Keller und kleinere umgest\u00fcrzte B\u00e4ume<br \/>\n&#8211; Gefahrguteins\u00e4tze<br \/>\n&#8211; Zweitfahrzeug f\u00fcr Brandeins\u00e4tze au\u00dferhalb des Ortsbereiches<br \/>\n&#8211; Unterst\u00fctzendes Fahrzeug bei umfangreicheren technischen Hilfeleistungen<\/p>\n<div class=\"su-spoiler su-spoiler-style-default su-spoiler-icon-plus su-spoiler-closed\" data-scroll-offset=\"0\" data-anchor-in-url=\"no\"><div class=\"su-spoiler-title\" tabindex=\"0\" role=\"button\"><span class=\"su-spoiler-icon\"><\/span>Beladung Ger\u00e4ter\u00e4ume G1, G3 und G5<\/div><div class=\"su-spoiler-content su-u-clearfix su-u-trim\">\n<a href=\"https:\/\/www.feuerwehr-trebur.org\/web\/wp-content\/uploads\/2020\/12\/LF3.jpg\" rel=\"wp-prettyPhoto[2982]\"><img loading=\"lazy\" decoding=\"async\" class=\"aligncenter size-full wp-image-2986\" src=\"https:\/\/www.feuerwehr-trebur.org\/web\/wp-content\/uploads\/2020\/12\/LF3.jpg\" alt=\"\" width=\"454\" height=\"301\" srcset=\"https:\/\/www.feuerwehr-trebur.org\/web\/wp-content\/uploads\/2020\/12\/LF3.jpg 454w, https:\/\/www.feuerwehr-trebur.org\/web\/wp-content\/uploads\/2020\/12\/LF3-300x199.jpg 300w\" sizes=\"auto, (max-width: 454px) 100vw, 454px\" \/><\/a><\/p>\n<p>&#8211; 2 Chemikalienschutzanz\u00fcge Form 3, 6 Paar Chemikalienschutzhandschuhe<br \/>\n&#8211; Absicherungsmaterial, Schuttmulden, M\u00fclls\u00e4cke, verschiedene Planen<br \/>\n&#8211; 1 Spineboard mit Befestigungszubeh\u00f6r, 1 Sprungpolster SP 16<br \/>\n&#8211; 1 Satz T\u00fcr\u00f6ffnungswerkzeug, 1 Kiste Handwerkzeug<br \/>\n&#8211; 2 Atemschutzger\u00e4te, 2 Atemschutzmasken, 4 A2B2E2K2-Filter, 4 Haltegurte<br \/>\n&#8211; 1 Wassersauger mit Zubeh\u00f6r, 1 formstabiler Schlauch 10 m f\u00fcr Wassersauger<br \/>\n&#8211; 2 Arbeitsjacken als Unterbekleidung CSA<br \/>\n&#8211; verschiedene Gro\u00dfwerkzeuge, Arbeitsleinen und Kabelbinder<br \/>\n&#8211; 30 m C-Schlauch im Kreis gelegt mit 1 C-Hohlstrahlrohr 235 l\/min und C-Absperrhahn im Schlauchtragekorb mit 1 Rauchvorhang<br \/>\n&#8211; 3 Schlauchtragek\u00f6rbe mit 3 x 15 m C-Schlauch in Buchten, 3 C-Hohlstrahlrohre 130 l\/min<br \/>\n&#8211; 1 Schnellangriffsverteiler mit 1 x 20 m B-Schlauch<br \/>\n<\/div><\/div>\n<div class=\"su-spoiler su-spoiler-style-default su-spoiler-icon-plus su-spoiler-closed\" data-scroll-offset=\"0\" data-anchor-in-url=\"no\"><div class=\"su-spoiler-title\" tabindex=\"0\" role=\"button\"><span class=\"su-spoiler-icon\"><\/span>Beladung Ger\u00e4ter\u00e4ume G6, G4 und G2<\/div><div class=\"su-spoiler-content su-u-clearfix su-u-trim\">\n<p><a href=\"https:\/\/www.feuerwehr-trebur.org\/web\/wp-content\/uploads\/2020\/12\/LF4.jpg\" rel=\"wp-prettyPhoto[2982]\"><img loading=\"lazy\" decoding=\"async\" class=\"aligncenter size-full wp-image-2987\" src=\"https:\/\/www.feuerwehr-trebur.org\/web\/wp-content\/uploads\/2020\/12\/LF4.jpg\" alt=\"\" width=\"454\" height=\"301\" srcset=\"https:\/\/www.feuerwehr-trebur.org\/web\/wp-content\/uploads\/2020\/12\/LF4.jpg 454w, https:\/\/www.feuerwehr-trebur.org\/web\/wp-content\/uploads\/2020\/12\/LF4-300x199.jpg 300w\" sizes=\"auto, (max-width: 454px) 100vw, 454px\" \/><\/a><\/p>\n<p>&#8211; 1 Hydroschild, 1 Standrohr, 1 Unterflurhydrantenschl\u00fcssel, 1 Systemtrenner<br \/>\n&#8211; 2 BM-Strahlrohre, 2 St\u00fctzkr\u00fcmmer<br \/>\n&#8211; 1 D-Schlauch 15 m, 1 DM-Strahlrohr<br \/>\n&#8211; 1 Einrichtung zur schnellen Wasserabgabe mit 3 x 15 m C-Schlauch und 1 C-Hohlstrahlrohr 130 l\/min<br \/>\n&#8211; 1 Kombischaumrohr S4 &#8211; M4, 1 Mittelschaumpistole, 2 Schaummittelbeh\u00e4lter 2 l<br \/>\n&#8211; 6 Schaummittelkanister 20 l, 1 Zumischer Z4R mit Ansaugschlauch<br \/>\n&#8211; 1 Schnellangriffsverteiler mit 1 x 20 m B-Schlauch<br \/>\n&#8211; 1 Motorkettens\u00e4ge Stihl MS 044 mit Zubeh\u00f6r, 2 Forsthelme<br \/>\n&#8211; 1 elektrischer Trennschleifer, 1 Kasten Elektrowerkzeug, 2 Leitungsroller 50 m<br \/>\n&#8211; 1 Satz Beleuchtung mit 2 x 1000 W \/ 11.000 Lumen Halogen-Strahlern<br \/>\n&#8211; 1 Tauchpumpe TP 4\/1, 4 x B-Rollschlauch 20 m, 2 x A-Saugschlauch 1,60 m<br \/>\n&#8211; 1 Waldbrandset mit 1 x 30 m D-Schlauch und 1 D-Hohlstrahlrohr<br \/>\n&#8211; 1 Rauchvorhang, 1 Hochdruckl\u00fcfter Tempest<br \/>\n&#8211; 2 Feuerl\u00f6scher ABC-Pulver, 2 Feuerl\u00f6scher CO2<br \/>\n&#8211; 1 Stromerzeuger 8 kVA<br \/>\n<\/div><\/div>\n<div class=\"su-spoiler su-spoiler-style-default su-spoiler-icon-plus su-spoiler-closed\" data-scroll-offset=\"0\" data-anchor-in-url=\"no\"><div class=\"su-spoiler-title\" tabindex=\"0\" role=\"button\"><span class=\"su-spoiler-icon\"><\/span>Beladung Ger\u00e4teraum GR und Fahrzeugheck<\/div><div class=\"su-spoiler-content su-u-clearfix su-u-trim\">\n<a href=\"https:\/\/www.feuerwehr-trebur.org\/web\/wp-content\/uploads\/2020\/12\/LF6.jpg\" rel=\"wp-prettyPhoto[2982]\"><img loading=\"lazy\" decoding=\"async\" class=\"aligncenter size-full wp-image-2989\" src=\"https:\/\/www.feuerwehr-trebur.org\/web\/wp-content\/uploads\/2020\/12\/LF6.jpg\" alt=\"\" width=\"373\" height=\"248\" srcset=\"https:\/\/www.feuerwehr-trebur.org\/web\/wp-content\/uploads\/2020\/12\/LF6.jpg 373w, https:\/\/www.feuerwehr-trebur.org\/web\/wp-content\/uploads\/2020\/12\/LF6-300x199.jpg 300w\" sizes=\"auto, (max-width: 373px) 100vw, 373px\" \/><\/a><\/p>\n<p>&#8211; Bedienstand der Feuerl\u00f6schkreiselpumpe<br \/>\n&#8211; Zubeh\u00f6r zur Wasserentnahme und Wasserabgabe<br \/>\n&#8211; 2 fahrbare Schlauchhaspeln mit jeweils 5 x 20 m B-Schlauch am Fahrzeugheck<br \/>\n&#8211; 1 Lichtmast mit 2 x 1000 W \/ 11.000 Lumen Halogen-Strahlern am Fahrzeugheck<\/p>\n<\/div><\/div>\n<div class=\"su-spoiler su-spoiler-style-default su-spoiler-icon-plus su-spoiler-closed\" data-scroll-offset=\"0\" data-anchor-in-url=\"no\"><div class=\"su-spoiler-title\" tabindex=\"0\" role=\"button\"><span class=\"su-spoiler-icon\"><\/span>Beladung Dach und Dachk\u00e4sten<\/div><div class=\"su-spoiler-content su-u-clearfix su-u-trim\">\n<p><a href=\"https:\/\/www.feuerwehr-trebur.org\/web\/wp-content\/uploads\/2020\/12\/LF8.jpg\" rel=\"wp-prettyPhoto[2982]\"><img loading=\"lazy\" decoding=\"async\" class=\"aligncenter size-full wp-image-2991\" src=\"https:\/\/www.feuerwehr-trebur.org\/web\/wp-content\/uploads\/2020\/12\/LF8.jpg\" alt=\"\" width=\"326\" height=\"218\" srcset=\"https:\/\/www.feuerwehr-trebur.org\/web\/wp-content\/uploads\/2020\/12\/LF8.jpg 326w, https:\/\/www.feuerwehr-trebur.org\/web\/wp-content\/uploads\/2020\/12\/LF8-300x201.jpg 300w\" sizes=\"auto, (max-width: 326px) 100vw, 326px\" \/><\/a><\/p>\n<p>&#8211; 4-teilige Steckleiter, 3-teilige Schiebleiter, Klappleiter und Steckleiterkopfteil<br \/>\n&#8211; 1 Einrei\u00dfhaken, 1 Abgasschlauch Fahrzeug<br \/>\n&#8211; 1 Satz Schornsteinfegerwerkzeug<br \/>\n&#8211; 2 Wathosen, 2 Wasserschieber<br \/>\n&#8211; 1 Kanister \u00d6lbindemittel, 2 \u00d6lauffangplanen, 2 Kanaldichtkissen<br \/>\n&#8211; 1 Mobiles Lichtstativ, 4 Schlauchbr\u00fccken<br \/>\n&#8211; Jeweils 2 Spaten, Flachschaufeln, Besen, Mistgabeln, Dunghacken, Feuerpatschen<br \/>\n&#8211; 4 x A-Saugschlauch 1,60 m, 1 \u00dcbergangsst\u00fcck Feldbrunnen, 1 Bogen, 1 Flachsaugkorb<br \/>\n<\/div><\/div>\n<div class=\"su-spoiler su-spoiler-style-default su-spoiler-icon-plus su-spoiler-closed\" data-scroll-offset=\"0\" data-anchor-in-url=\"no\"><div class=\"su-spoiler-title\" tabindex=\"0\" role=\"button\"><span class=\"su-spoiler-icon\"><\/span>Beladung Kabine<\/div><div class=\"su-spoiler-content su-u-clearfix su-u-trim\">\n<p><a href=\"https:\/\/www.feuerwehr-trebur.org\/web\/wp-content\/uploads\/2020\/12\/LF9.jpg\" rel=\"wp-prettyPhoto[2982]\"><img loading=\"lazy\" decoding=\"async\" class=\"aligncenter size-full wp-image-2992\" src=\"https:\/\/www.feuerwehr-trebur.org\/web\/wp-content\/uploads\/2020\/12\/LF9.jpg\" alt=\"\" width=\"221\" height=\"331\" srcset=\"https:\/\/www.feuerwehr-trebur.org\/web\/wp-content\/uploads\/2020\/12\/LF9.jpg 221w, https:\/\/www.feuerwehr-trebur.org\/web\/wp-content\/uploads\/2020\/12\/LF9-200x300.jpg 200w\" sizes=\"auto, (max-width: 221px) 100vw, 221px\" \/><\/a><\/p>\n<p>&#8211; 1 W\u00e4rmebildkamera MSA, 1 Gaswarnger\u00e4t Gasalert Micro 5 PID, 1 tragbares Exfunkger\u00e4t<br \/>\n&#8211; 5 tragbare Funkger\u00e4te, 5 Handlampen<br \/>\n&#8211; 2 Atemschutzger\u00e4te, 4 Atemschutzmasken, 1 Tasche mit 2 Fluchthauben, 1 Rettungstuch<br \/>\n&#8211; 7 Sicherheitsleinen, 1 Satz Absturzsicherung<br \/>\n&#8211; 2 Satz Schnittschutzkleidung, 2 Hitzeschutzanz\u00fcge Form 2<br \/>\n&#8211; 1 Erste-Hilfe-Kasten, 1 Wolldecke, 1 Krankentrage<br \/>\n&#8211; 2 Stahlseile 5 m, 5 Sch\u00e4kel<br \/>\n&#8211; 1 K\u00fcbelspritze<br \/>\n<\/div><\/div>[\/vc_column_text][\/vc_column][\/vc_row]\n<\/div>","protected":false},"excerpt":{"rendered":"<p>[vc_row][vc_column width=&#8220;2\/3&#8243;][vc_column_text] Fahrzeugkenndaten: Funkrufname: Florian Trebur 1\/44 Fahrgestell: Iveco Eurofire 135 E24 Aufbau: Magirus Baujahr: 1996 Motorleistung: 241 PS Zul\u00e4ssiges Gesamtgewicht: 13.500 kg Pumpe: FP 16\/8 (F\u00f6rderleistung 1600 l\/min bei 8 bar) L\u00f6schwassertank: 1600 l Schaummittelinhalt: 6 x 20 l in Kanistern Besatzungsst\u00e4rke: L\u00f6schgruppe 1\/8 (9 Personen)<\/p>\n","protected":false},"author":6,"featured_media":414,"parent":403,"menu_order":0,"comment_status":"open","ping_status":"open","template":"page-FullWidth.php","meta":{"footnotes":"","_links_to":"","_links_to_target":""},"class_list":["post-2982","page","type-page","status-publish","has-post-thumbnail","hentry"],"_links":{"self":[{"href":"https:\/\/www.feuerwehr-trebur.org\/web\/wp-json\/wp\/v2\/pages\/2982","targetHints":{"allow":["GET"]}}],"collection":[{"href":"https:\/\/www.feuerwehr-trebur.org\/web\/wp-json\/wp\/v2\/pages"}],"about":[{"href":"https:\/\/www.feuerwehr-trebur.org\/web\/wp-json\/wp\/v2\/types\/page"}],"author":[{"embeddable":true,"href":"https:\/\/www.feuerwehr-trebur.org\/web\/wp-json\/wp\/v2\/users\/6"}],"replies":[{"embeddable":true,"href":"https:\/\/www.feuerwehr-trebur.org\/web\/wp-json\/wp\/v2\/comments?post=2982"}],"version-history":[{"count":10,"href":"https:\/\/www.feuerwehr-trebur.org\/web\/wp-json\/wp\/v2\/pages\/2982\/revisions"}],"predecessor-version":[{"id":3002,"href":"https:\/\/www.feuerwehr-trebur.org\/web\/wp-json\/wp\/v2\/pages\/2982\/revisions\/3002"}],"up":[{"embeddable":true,"href":"https:\/\/www.feuerwehr-trebur.org\/web\/wp-json\/wp\/v2\/pages\/403"}],"wp:featuredmedia":[{"embeddable":true,"href":"https:\/\/www.feuerwehr-trebur.org\/web\/wp-json\/wp\/v2\/media\/414"}],"wp:attachment":[{"href":"https:\/\/www.feuerwehr-trebur.org\/web\/wp-json\/wp\/v2\/media?parent=2982"}],"curies":[{"name":"wp","href":"https:\/\/api.w.org\/{rel}","templated":true}]}}