{"id":2371,"date":"2018-10-01T21:08:12","date_gmt":"2018-10-01T19:08:12","guid":{"rendered":"https:\/\/www.feuerwehr-trebur.org\/web\/?page_id=2371"},"modified":"2026-02-04T17:24:54","modified_gmt":"2026-02-04T16:24:54","slug":"alters-und-ehrenabteilung","status":"publish","type":"page","link":"https:\/\/www.feuerwehr-trebur.org\/web\/alters-und-ehrenabteilung\/","title":{"rendered":"Alters- und Ehrenabteilung"},"content":{"rendered":"<p><strong>Mit dieser Seite auf der Homepage der Freiwilligen Feuerwehr Trebur wollen der Feuerwehrverein und die Einsatzabteilung allen langj\u00e4hrigen Feuerwehrm\u00e4nnern f\u00fcr ihren ehrenamtlichen Dienst f\u00fcr die B\u00fcrger der Gemeinde Trebur herzlich danken.<\/strong><\/p>\n<p><strong>Unsere bereits verstorben Feuerwehrkameraden werden wir in bester Erinnerung behalten.<\/strong><\/p>\n<p>Bereits vor der Einf\u00fchrung des Brandschutzhilfeleistungsgesetzes im Jahre 1970 wurden folgende Gr\u00fcndungsmitglieder zu Ehrenmitgliedern der Freiwilligen Feuerwehr Trebur ernannt:<\/p>\n<table width=\"665\">\n<tbody>\n<tr>\n<td width=\"140\">Peter Engel<\/td>\n<td width=\"204\">Ehrenortsbrandmeister<\/td>\n<td width=\"266\">Verstorben 1970<\/td>\n<\/tr>\n<tr>\n<td width=\"140\">Johann Christian Roth<\/td>\n<td width=\"204\">Ehrenl\u00f6schmeister<\/td>\n<td width=\"266\">Verstorben 1965<\/td>\n<\/tr>\n<tr>\n<td width=\"140\">Thomas H\u00f6hlein<\/td>\n<td width=\"204\">Ehrenl\u00f6schmeister<\/td>\n<td width=\"266\">Verstorben 1970<\/td>\n<\/tr>\n<\/tbody>\n<\/table>\n<p>Mit dem Brandschutzhilfeleistungsgesetz wurden ab 1970 die Begriffe \u201eEinsatzabteilung\u201c und \u201eAltersabteilung\u201c neu eingef\u00fchrt und genau definiert. In die Altersabteilung werden die Kameraden \u00fcbernommen, die auf Grund der erreichten Altersgrenze von 60 Jahren aus dem aktiven Dienst der Einsatzabteilung ausscheiden oder wegen gesundheitlicher Bedenken keinen Feuerwehrdienst mehr leisten k\u00f6nnen.<\/p>\n<p>Nach den neusten Regelungen der Hess. Landesregierung k\u00f6nnen Mitglieder der Einsatzabteilung mit Zustimmung des Gemeindevorstandes ihre Dienstzeit auch bis zum 67. Lebensjahr verl\u00e4ngern. Von dieser Regelung machten bisher die Kameraden Norbert Demel, Herbert F\u00fcckel, Georg J\u00e4ger und J\u00fcrgen M\u00f6bus Gebrauch.<\/p>\n<p>Nach der Ehrungsordnung der Freiwilligen Feuerwehr Trebur werden aktive Feuerwehrleute, welche insgesamt 50 Jahre Dienst in der Jugendfeuerwehr, der Einsatzabteilung und der Altersabteilung geleistet haben, zu Ehrenmitgliedern des Vereins ernannt.<\/p>\n<p>Seit 1970 wurden folgende Kameraden in die Altersabteilung \u00fcbernommen:<\/p>\n<p>&nbsp;<\/p>\n<table width=\"665\">\n<tbody>\n<tr>\n<td width=\"140\">Johann Schmaltz<\/td>\n<td width=\"204\">Ehrenoberfeuerwehrmann<\/td>\n<td width=\"55\">1970<\/td>\n<td width=\"266\">Verstorben 1984 nach 44 Dienstjahren<\/td>\n<\/tr>\n<tr>\n<td width=\"140\">Fritz D\u00f6rr sen.<\/td>\n<td width=\"204\">Ehrenortsbrandmeister<\/td>\n<td width=\"55\">1972<\/td>\n<td width=\"266\">Verstorben 2013 nach 71 Dienstjahren<\/td>\n<\/tr>\n<tr>\n<td width=\"140\">Hans Schad<\/td>\n<td width=\"204\">Hauptfeuerwehrmann<\/td>\n<td width=\"55\">1974<\/td>\n<td width=\"266\">Verstorben 1976 nach 31 Dienstjahren<\/td>\n<\/tr>\n<tr>\n<td width=\"140\">Helmut F\u00fcckel<\/td>\n<td width=\"204\">Ehrenl\u00f6schmeister<\/td>\n<td width=\"55\">1978<\/td>\n<td width=\"266\">Verstorben 2018 nach 76 Dienstjahren<\/td>\n<\/tr>\n<tr>\n<td width=\"140\">Ernst L\u00f6sch<\/td>\n<td width=\"204\">Ehrenhauptfeuerwehrmann<\/td>\n<td width=\"55\">1978<\/td>\n<td width=\"266\">Verstorben 2010 nach 68 Dienstjahren<\/td>\n<\/tr>\n<tr>\n<td width=\"140\">Georg Kolb<\/td>\n<td width=\"204\">Ehrenhauptfeuerwehrmann<\/td>\n<td width=\"55\">1978<\/td>\n<td width=\"266\">Verstorben 1993 nach 51 Dienstjahren<\/td>\n<\/tr>\n<tr>\n<td width=\"140\">Walter Engel<\/td>\n<td width=\"204\">Hauptfeuerwehrmann<\/td>\n<td width=\"55\">1986<\/td>\n<td width=\"266\">Verstorben 1990 nach 48 Dienstjahren<\/td>\n<\/tr>\n<tr>\n<td width=\"140\">Friedrich Roth<\/td>\n<td width=\"204\">Ehrenhauptfeuerwehrmann<\/td>\n<td width=\"55\">1986<\/td>\n<td width=\"266\">Verstorben 2000 nach 50 Dienstjahren<\/td>\n<\/tr>\n<tr>\n<td width=\"140\">Hans Wedel<\/td>\n<td width=\"204\">Ehrenhauptfeuerwehrmann<\/td>\n<td width=\"55\">1986<\/td>\n<td width=\"266\">Verstorben 2017 nach 67 Dienstjahren<\/td>\n<\/tr>\n<tr>\n<td width=\"140\">Martin Kr\u00fcchbaum<\/td>\n<td width=\"204\">Ehrenvorsitzender &amp;\u00a0Ehrenoberbrandmeister<\/td>\n<td width=\"55\">1986<\/td>\n<td width=\"266\">Verstorben 1997 nach 45 Dienstjahren<\/td>\n<\/tr>\n<tr>\n<td width=\"140\">Fritz Wedel<\/td>\n<td width=\"204\">Hauptfeuerwehrmann<\/td>\n<td width=\"55\">1990<\/td>\n<td width=\"266\">Verstorben 1993 nach 33 Dienstjahren<\/td>\n<\/tr>\n<tr>\n<td width=\"140\">Winfried Ickler<\/td>\n<td width=\"204\">Hauptfeuerwehrmann<\/td>\n<td width=\"55\">2004<\/td>\n<td width=\"266\">Aktiv seit 1986<\/td>\n<\/tr>\n<tr>\n<td width=\"140\">Gerhard Demel<\/td>\n<td width=\"204\">Oberl\u00f6schmeister<\/td>\n<td width=\"55\">2015<\/td>\n<td width=\"266\">Aktiv seit 1966<\/td>\n<\/tr>\n<tr>\n<td width=\"140\">Herbert F\u00fcckel<\/td>\n<td width=\"204\">Hauptbrandmeister<\/td>\n<td width=\"55\">2016<\/td>\n<td width=\"266\">Aktiv seit 1970<\/td>\n<\/tr>\n<tr>\n<td width=\"140\">Norbert Demel<\/td>\n<td width=\"204\">Hauptbrandmeister<\/td>\n<td width=\"55\">2016<\/td>\n<td width=\"266\">Aktiv seit 1971<\/td>\n<\/tr>\n<tr>\n<td width=\"140\">Ingo Heymann<\/td>\n<td width=\"204\">Feuerwehrmann<\/td>\n<td width=\"55\">2016<\/td>\n<td width=\"266\">Aktiv seit 2005<\/td>\n<\/tr>\n<tr>\n<td width=\"140\">Georg J\u00e4ger<\/td>\n<td width=\"204\">Hauptfeuerwehrmann<\/td>\n<td width=\"55\">2018<\/td>\n<td width=\"266\">Aktiv seit 1975<\/td>\n<\/tr>\n<tr>\n<td width=\"140\">J\u00fcrgen M\u00f6bus<\/td>\n<td width=\"204\">Hauptbrandmeister<\/td>\n<td width=\"55\">2024<\/td>\n<td width=\"266\">Aktiv seit 1973<\/td>\n<\/tr>\n<tr>\n<td width=\"140\">Lars Knut<\/td>\n<td width=\"204\">Maschinist<\/td>\n<td width=\"55\">2025<\/td>\n<td width=\"266\">Aktiv seit 2005<\/td>\n<\/tr>\n<tr>\n<td width=\"140\">Christian Scherer<\/td>\n<td width=\"204\">Gruppenf\u00fchrer<\/td>\n<td width=\"55\">2025<\/td>\n<td width=\"266\">Aktiv seit 1980<\/td>\n<\/tr>\n<\/tbody>\n<\/table>\n<p>Die Mitglieder der Altersabteilung beteiligen sich regelm\u00e4\u00dfig an allen Veranstaltungen die durch den Feuerwehrverein angeboten werden. Die ein oder andere Hilfestellung durch die Alterskameraden ist nach wie vor eine Selbstverst\u00e4ndlichkeit.<\/p>\n<p>Durch die Initiative von Ernst Sch\u00fc\u00dfler -ehemaliger Wehrf\u00fchrer der FF Astheim- treffen sich die Alterskameraden aller Ortsteile mehrmals j\u00e4hrlich zu Ausfl\u00fcgen, Besichtigungen, Grillfesten und nat\u00fcrlich zur gemeinsamen Weihnachtsfeier, die 2019 zum 20. Male durchgef\u00fchrt wurde.<\/p>\n<div id=\"attachment_4159\" style=\"width: 610px\" class=\"wp-caption aligncenter\"><a href=\"https:\/\/www.feuerwehr-trebur.org\/web\/wp-content\/uploads\/2024\/12\/Weihnacht1.jpg\" rel=\"wp-prettyPhoto[2371]\"><img loading=\"lazy\" decoding=\"async\" aria-describedby=\"caption-attachment-4159\" class=\"size-large wp-image-4159\" src=\"https:\/\/www.feuerwehr-trebur.org\/web\/wp-content\/uploads\/2024\/12\/Weihnacht1-1024x768.jpg\" alt=\"\" width=\"600\" height=\"450\" srcset=\"https:\/\/www.feuerwehr-trebur.org\/web\/wp-content\/uploads\/2024\/12\/Weihnacht1-1024x768.jpg 1024w, https:\/\/www.feuerwehr-trebur.org\/web\/wp-content\/uploads\/2024\/12\/Weihnacht1-300x225.jpg 300w, https:\/\/www.feuerwehr-trebur.org\/web\/wp-content\/uploads\/2024\/12\/Weihnacht1-768x576.jpg 768w, https:\/\/www.feuerwehr-trebur.org\/web\/wp-content\/uploads\/2024\/12\/Weihnacht1-1536x1152.jpg 1536w, https:\/\/www.feuerwehr-trebur.org\/web\/wp-content\/uploads\/2024\/12\/Weihnacht1.jpg 2040w\" sizes=\"auto, (max-width: 600px) 100vw, 600px\" \/><\/a><p id=\"caption-attachment-4159\" class=\"wp-caption-text\">Die Alters- und Ehrenabteilung im Dezember 2024.<\/p><\/div>\n<div id=\"attachment_4075\" style=\"width: 610px\" class=\"wp-caption aligncenter\"><a href=\"https:\/\/www.feuerwehr-trebur.org\/web\/wp-content\/uploads\/2024\/09\/16e0e53a-a29a-44e1-aaee-deca856e9e18.jpg\" rel=\"wp-prettyPhoto[2371]\"><img loading=\"lazy\" decoding=\"async\" aria-describedby=\"caption-attachment-4075\" class=\"size-large wp-image-4075\" src=\"https:\/\/www.feuerwehr-trebur.org\/web\/wp-content\/uploads\/2024\/09\/16e0e53a-a29a-44e1-aaee-deca856e9e18-768x1024.jpg\" alt=\"\" width=\"600\" height=\"800\" srcset=\"https:\/\/www.feuerwehr-trebur.org\/web\/wp-content\/uploads\/2024\/09\/16e0e53a-a29a-44e1-aaee-deca856e9e18-768x1024.jpg 768w, https:\/\/www.feuerwehr-trebur.org\/web\/wp-content\/uploads\/2024\/09\/16e0e53a-a29a-44e1-aaee-deca856e9e18-225x300.jpg 225w, https:\/\/www.feuerwehr-trebur.org\/web\/wp-content\/uploads\/2024\/09\/16e0e53a-a29a-44e1-aaee-deca856e9e18-1152x1536.jpg 1152w, https:\/\/www.feuerwehr-trebur.org\/web\/wp-content\/uploads\/2024\/09\/16e0e53a-a29a-44e1-aaee-deca856e9e18.jpg 1200w\" sizes=\"auto, (max-width: 600px) 100vw, 600px\" \/><\/a><p id=\"caption-attachment-4075\" class=\"wp-caption-text\">Die Abordnung der Alters- und Ehrenabteilung beim Kreisfeuerwehrtag 2024 in Walldorf.<\/p><\/div>\n<div id=\"attachment_3925\" style=\"width: 610px\" class=\"wp-caption aligncenter\"><a href=\"https:\/\/www.feuerwehr-trebur.org\/web\/wp-content\/uploads\/2024\/03\/20240223_223924-01-scaled.jpeg\" rel=\"wp-prettyPhoto[2371]\"><img loading=\"lazy\" decoding=\"async\" aria-describedby=\"caption-attachment-3925\" class=\"size-large wp-image-3925\" src=\"https:\/\/www.feuerwehr-trebur.org\/web\/wp-content\/uploads\/2024\/03\/20240223_223924-01-1024x473.jpeg\" alt=\"\" width=\"600\" height=\"277\" srcset=\"https:\/\/www.feuerwehr-trebur.org\/web\/wp-content\/uploads\/2024\/03\/20240223_223924-01-1024x473.jpeg 1024w, https:\/\/www.feuerwehr-trebur.org\/web\/wp-content\/uploads\/2024\/03\/20240223_223924-01-300x139.jpeg 300w, https:\/\/www.feuerwehr-trebur.org\/web\/wp-content\/uploads\/2024\/03\/20240223_223924-01-768x355.jpeg 768w, https:\/\/www.feuerwehr-trebur.org\/web\/wp-content\/uploads\/2024\/03\/20240223_223924-01-1536x710.jpeg 1536w, https:\/\/www.feuerwehr-trebur.org\/web\/wp-content\/uploads\/2024\/03\/20240223_223924-01-2048x946.jpeg 2048w\" sizes=\"auto, (max-width: 600px) 100vw, 600px\" \/><\/a><p id=\"caption-attachment-3925\" class=\"wp-caption-text\">Die Altersabteilung und ihre Anw\u00e4rter beim Haxenessen im Februar 2023 in der Alten Schlosserei beim Hucky in Einhausen.<\/p><\/div>\n<div id=\"attachment_3570\" style=\"width: 610px\" class=\"wp-caption aligncenter\"><a href=\"https:\/\/www.feuerwehr-trebur.org\/web\/wp-content\/uploads\/2022\/12\/IGv-gQDI-scaled.jpeg\" rel=\"wp-prettyPhoto[2371]\"><img loading=\"lazy\" decoding=\"async\" aria-describedby=\"caption-attachment-3570\" class=\"wp-image-3570 size-large\" src=\"https:\/\/www.feuerwehr-trebur.org\/web\/wp-content\/uploads\/2022\/12\/IGv-gQDI-1024x683.jpeg\" alt=\"\" width=\"600\" height=\"400\" srcset=\"https:\/\/www.feuerwehr-trebur.org\/web\/wp-content\/uploads\/2022\/12\/IGv-gQDI-1024x683.jpeg 1024w, https:\/\/www.feuerwehr-trebur.org\/web\/wp-content\/uploads\/2022\/12\/IGv-gQDI-300x200.jpeg 300w, https:\/\/www.feuerwehr-trebur.org\/web\/wp-content\/uploads\/2022\/12\/IGv-gQDI-768x512.jpeg 768w, https:\/\/www.feuerwehr-trebur.org\/web\/wp-content\/uploads\/2022\/12\/IGv-gQDI-1536x1024.jpeg 1536w, https:\/\/www.feuerwehr-trebur.org\/web\/wp-content\/uploads\/2022\/12\/IGv-gQDI-2048x1365.jpeg 2048w\" sizes=\"auto, (max-width: 600px) 100vw, 600px\" \/><\/a><p id=\"caption-attachment-3570\" class=\"wp-caption-text\">Die Alterskameraden im Jahr 2022 (von links): Norbert Demel, Herbert F\u00fcckel, Gerhard Demel, Georg J\u00e4ger. Nicht auf dem Bild: Winfried Ickler, Ingo Heymann<\/p><\/div>\n<div id=\"attachment_2701\" style=\"width: 610px\" class=\"wp-caption aligncenter\"><a href=\"https:\/\/www.feuerwehr-trebur.org\/web\/wp-content\/uploads\/2019\/12\/Bildschirmfoto-2019-12-09-um-21.30.36.png\" rel=\"wp-prettyPhoto[2371]\"><img loading=\"lazy\" decoding=\"async\" aria-describedby=\"caption-attachment-2701\" class=\"wp-image-2701 size-large\" src=\"https:\/\/www.feuerwehr-trebur.org\/web\/wp-content\/uploads\/2019\/12\/Bildschirmfoto-2019-12-09-um-21.30.36-1024x700.png\" alt=\"\" width=\"600\" height=\"410\" srcset=\"https:\/\/www.feuerwehr-trebur.org\/web\/wp-content\/uploads\/2019\/12\/Bildschirmfoto-2019-12-09-um-21.30.36-1024x700.png 1024w, https:\/\/www.feuerwehr-trebur.org\/web\/wp-content\/uploads\/2019\/12\/Bildschirmfoto-2019-12-09-um-21.30.36-300x205.png 300w, https:\/\/www.feuerwehr-trebur.org\/web\/wp-content\/uploads\/2019\/12\/Bildschirmfoto-2019-12-09-um-21.30.36-768x525.png 768w, https:\/\/www.feuerwehr-trebur.org\/web\/wp-content\/uploads\/2019\/12\/Bildschirmfoto-2019-12-09-um-21.30.36.png 1458w\" sizes=\"auto, (max-width: 600px) 100vw, 600px\" \/><\/a><p id=\"caption-attachment-2701\" class=\"wp-caption-text\">Alterskameraden der FF Trebur in 2019 (von links): Georg J\u00e4ger, Gerhard Demel, Herbert F\u00fcckel, Norbert Demel. Nicht auf dem Bild: Winfried Ickler, Ingo Heymann<\/p><\/div>\n<div id=\"attachment_2700\" style=\"width: 610px\" class=\"wp-caption aligncenter\"><a href=\"https:\/\/www.feuerwehr-trebur.org\/web\/wp-content\/uploads\/2019\/12\/Bildschirmfoto-2019-12-09-um-21.30.09.png\" rel=\"wp-prettyPhoto[2371]\"><img loading=\"lazy\" decoding=\"async\" aria-describedby=\"caption-attachment-2700\" class=\"size-large wp-image-2700\" src=\"https:\/\/www.feuerwehr-trebur.org\/web\/wp-content\/uploads\/2019\/12\/Bildschirmfoto-2019-12-09-um-21.30.09-1024x701.png\" alt=\"\" width=\"600\" height=\"411\" srcset=\"https:\/\/www.feuerwehr-trebur.org\/web\/wp-content\/uploads\/2019\/12\/Bildschirmfoto-2019-12-09-um-21.30.09-1024x701.png 1024w, https:\/\/www.feuerwehr-trebur.org\/web\/wp-content\/uploads\/2019\/12\/Bildschirmfoto-2019-12-09-um-21.30.09-300x206.png 300w, https:\/\/www.feuerwehr-trebur.org\/web\/wp-content\/uploads\/2019\/12\/Bildschirmfoto-2019-12-09-um-21.30.09-768x526.png 768w, https:\/\/www.feuerwehr-trebur.org\/web\/wp-content\/uploads\/2019\/12\/Bildschirmfoto-2019-12-09-um-21.30.09-1536x1052.png 1536w, https:\/\/www.feuerwehr-trebur.org\/web\/wp-content\/uploads\/2019\/12\/Bildschirmfoto-2019-12-09-um-21.30.09-2048x1403.png 2048w\" sizes=\"auto, (max-width: 600px) 100vw, 600px\" \/><\/a><p id=\"caption-attachment-2700\" class=\"wp-caption-text\">Die Altersabteilungen der vier Wehren aus Anlass des 20-j\u00e4hrigen Bestehens im September 2019<\/p><\/div>\n<div id=\"attachment_2702\" style=\"width: 655px\" class=\"wp-caption aligncenter\"><a href=\"https:\/\/www.feuerwehr-trebur.org\/web\/wp-content\/uploads\/2019\/12\/Treburer-Feuerwehrgrill-von-1978-1.jpg\" rel=\"wp-prettyPhoto[2371]\"><img loading=\"lazy\" decoding=\"async\" aria-describedby=\"caption-attachment-2702\" class=\"size-full wp-image-2702\" src=\"https:\/\/www.feuerwehr-trebur.org\/web\/wp-content\/uploads\/2019\/12\/Treburer-Feuerwehrgrill-von-1978-1.jpg\" alt=\"\" width=\"645\" height=\"484\" srcset=\"https:\/\/www.feuerwehr-trebur.org\/web\/wp-content\/uploads\/2019\/12\/Treburer-Feuerwehrgrill-von-1978-1.jpg 645w, https:\/\/www.feuerwehr-trebur.org\/web\/wp-content\/uploads\/2019\/12\/Treburer-Feuerwehrgrill-von-1978-1-300x225.jpg 300w\" sizes=\"auto, (max-width: 645px) 100vw, 645px\" \/><\/a><p id=\"caption-attachment-2702\" class=\"wp-caption-text\">Beim Spie\u00dfbratenessen der Altersabteilungen im Juli 2019 war unser Feuerwehrgrill von 1978 nach langer Zeit wieder im Einsatz<\/p><\/div>\n<div id=\"attachment_2519\" style=\"width: 610px\" class=\"wp-caption aligncenter\"><a href=\"https:\/\/www.feuerwehr-trebur.org\/web\/wp-content\/uploads\/2019\/03\/Die-Altersabteilungen-aus-allen-Ortsteilen.jpg\" rel=\"wp-prettyPhoto[2371]\"><img loading=\"lazy\" decoding=\"async\" aria-describedby=\"caption-attachment-2519\" class=\"size-large wp-image-2519\" src=\"https:\/\/www.feuerwehr-trebur.org\/web\/wp-content\/uploads\/2019\/03\/Die-Altersabteilungen-aus-allen-Ortsteilen-1024x768.jpg\" alt=\"\" width=\"600\" height=\"450\" srcset=\"https:\/\/www.feuerwehr-trebur.org\/web\/wp-content\/uploads\/2019\/03\/Die-Altersabteilungen-aus-allen-Ortsteilen-1024x768.jpg 1024w, https:\/\/www.feuerwehr-trebur.org\/web\/wp-content\/uploads\/2019\/03\/Die-Altersabteilungen-aus-allen-Ortsteilen-300x225.jpg 300w, https:\/\/www.feuerwehr-trebur.org\/web\/wp-content\/uploads\/2019\/03\/Die-Altersabteilungen-aus-allen-Ortsteilen-768x576.jpg 768w\" sizes=\"auto, (max-width: 600px) 100vw, 600px\" \/><\/a><p id=\"caption-attachment-2519\" class=\"wp-caption-text\">Die Altersabteilungen aller Ortsteile beim Besuch der BF Frankfurt\/M. im M\u00e4rz 2019<\/p><\/div>\n<div id=\"attachment_2447\" style=\"width: 610px\" class=\"wp-caption aligncenter\"><a href=\"https:\/\/www.feuerwehr-trebur.org\/web\/wp-content\/uploads\/2018\/12\/20181130_205944.jpg\" rel=\"wp-prettyPhoto[2371]\"><img loading=\"lazy\" decoding=\"async\" aria-describedby=\"caption-attachment-2447\" class=\"size-large wp-image-2447\" src=\"https:\/\/www.feuerwehr-trebur.org\/web\/wp-content\/uploads\/2018\/12\/20181130_205944-1024x576.jpg\" alt=\"\" width=\"600\" height=\"338\" srcset=\"https:\/\/www.feuerwehr-trebur.org\/web\/wp-content\/uploads\/2018\/12\/20181130_205944-1024x576.jpg 1024w, https:\/\/www.feuerwehr-trebur.org\/web\/wp-content\/uploads\/2018\/12\/20181130_205944-300x169.jpg 300w, https:\/\/www.feuerwehr-trebur.org\/web\/wp-content\/uploads\/2018\/12\/20181130_205944-768x432.jpg 768w, https:\/\/www.feuerwehr-trebur.org\/web\/wp-content\/uploads\/2018\/12\/20181130_205944.jpg 1280w\" sizes=\"auto, (max-width: 600px) 100vw, 600px\" \/><\/a><p id=\"caption-attachment-2447\" class=\"wp-caption-text\">Die Kameraden bei der Weihnachtsfeier 2018<\/p><\/div>\n<div id=\"attachment_2399\" style=\"width: 610px\" class=\"wp-caption aligncenter\"><a href=\"https:\/\/www.feuerwehr-trebur.org\/web\/wp-content\/uploads\/2018\/10\/Die-Alterskameraden-vor-dem-Pumpwerk.jpg\" rel=\"wp-prettyPhoto[2371]\"><img loading=\"lazy\" decoding=\"async\" aria-describedby=\"caption-attachment-2399\" class=\"size-large wp-image-2399\" src=\"https:\/\/www.feuerwehr-trebur.org\/web\/wp-content\/uploads\/2018\/10\/Die-Alterskameraden-vor-dem-Pumpwerk-1024x768.jpg\" alt=\"\" width=\"600\" height=\"450\" srcset=\"https:\/\/www.feuerwehr-trebur.org\/web\/wp-content\/uploads\/2018\/10\/Die-Alterskameraden-vor-dem-Pumpwerk-1024x768.jpg 1024w, https:\/\/www.feuerwehr-trebur.org\/web\/wp-content\/uploads\/2018\/10\/Die-Alterskameraden-vor-dem-Pumpwerk-300x225.jpg 300w, https:\/\/www.feuerwehr-trebur.org\/web\/wp-content\/uploads\/2018\/10\/Die-Alterskameraden-vor-dem-Pumpwerk-768x576.jpg 768w\" sizes=\"auto, (max-width: 600px) 100vw, 600px\" \/><\/a><p id=\"caption-attachment-2399\" class=\"wp-caption-text\">Die Altersabteilungen aller Ortsteile vor dem neuen Pumpwerk Rabenspitze<\/p><\/div>\n<div id=\"attachment_2373\" style=\"width: 610px\" class=\"wp-caption aligncenter\"><a href=\"https:\/\/www.feuerwehr-trebur.org\/web\/wp-content\/uploads\/2018\/10\/5ffe23c5-788c-484b-b6c9-49a336204522.jpg\" rel=\"wp-prettyPhoto[2371]\"><img loading=\"lazy\" decoding=\"async\" aria-describedby=\"caption-attachment-2373\" class=\"size-large wp-image-2373\" src=\"https:\/\/www.feuerwehr-trebur.org\/web\/wp-content\/uploads\/2018\/10\/5ffe23c5-788c-484b-b6c9-49a336204522-1024x576.jpg\" alt=\"\" width=\"600\" height=\"338\" srcset=\"https:\/\/www.feuerwehr-trebur.org\/web\/wp-content\/uploads\/2018\/10\/5ffe23c5-788c-484b-b6c9-49a336204522-1024x576.jpg 1024w, https:\/\/www.feuerwehr-trebur.org\/web\/wp-content\/uploads\/2018\/10\/5ffe23c5-788c-484b-b6c9-49a336204522-300x169.jpg 300w, https:\/\/www.feuerwehr-trebur.org\/web\/wp-content\/uploads\/2018\/10\/5ffe23c5-788c-484b-b6c9-49a336204522-768x432.jpg 768w, https:\/\/www.feuerwehr-trebur.org\/web\/wp-content\/uploads\/2018\/10\/5ffe23c5-788c-484b-b6c9-49a336204522.jpg 1600w\" sizes=\"auto, (max-width: 600px) 100vw, 600px\" \/><\/a><p id=\"caption-attachment-2373\" class=\"wp-caption-text\">Ingo Heymann, Herbert F\u00fcckel und Gerhard Demel (von links) besichtigen am 5. Mai 2018 den Hessischen Rundfunk<\/p><\/div>\n<div id=\"attachment_2374\" style=\"width: 810px\" class=\"wp-caption aligncenter\"><a href=\"https:\/\/www.feuerwehr-trebur.org\/web\/wp-content\/uploads\/2018\/10\/Gruppenbilder-37.jpg\" rel=\"wp-prettyPhoto[2371]\"><img loading=\"lazy\" decoding=\"async\" aria-describedby=\"caption-attachment-2374\" class=\"size-full wp-image-2374\" src=\"https:\/\/www.feuerwehr-trebur.org\/web\/wp-content\/uploads\/2018\/10\/Gruppenbilder-37.jpg\" alt=\"\" width=\"800\" height=\"533\" srcset=\"https:\/\/www.feuerwehr-trebur.org\/web\/wp-content\/uploads\/2018\/10\/Gruppenbilder-37.jpg 800w, https:\/\/www.feuerwehr-trebur.org\/web\/wp-content\/uploads\/2018\/10\/Gruppenbilder-37-300x200.jpg 300w, https:\/\/www.feuerwehr-trebur.org\/web\/wp-content\/uploads\/2018\/10\/Gruppenbilder-37-768x512.jpg 768w\" sizes=\"auto, (max-width: 800px) 100vw, 800px\" \/><\/a><p id=\"caption-attachment-2374\" class=\"wp-caption-text\">Die Alters- und Ehrenabteilung im Jahr 2018<\/p><\/div>\n","protected":false},"excerpt":{"rendered":"<p>Mit dieser Seite auf der Homepage der Freiwilligen Feuerwehr Trebur wollen der Feuerwehrverein und die Einsatzabteilung allen langj\u00e4hrigen Feuerwehrm\u00e4nnern f\u00fcr ihren ehrenamtlichen Dienst f\u00fcr die B\u00fcrger der Gemeinde Trebur herzlich danken. Unsere bereits verstorben Feuerwehrkameraden werden wir in bester Erinnerung behalten. Bereits vor der Einf\u00fchrung des Brandschutzhilfeleistungsgesetzes<\/p>\n","protected":false},"author":6,"featured_media":0,"parent":0,"menu_order":0,"comment_status":"closed","ping_status":"closed","template":"","meta":{"footnotes":"","_links_to":"","_links_to_target":""},"class_list":["post-2371","page","type-page","status-publish","hentry"],"_links":{"self":[{"href":"https:\/\/www.feuerwehr-trebur.org\/web\/wp-json\/wp\/v2\/pages\/2371","targetHints":{"allow":["GET"]}}],"collection":[{"href":"https:\/\/www.feuerwehr-trebur.org\/web\/wp-json\/wp\/v2\/pages"}],"about":[{"href":"https:\/\/www.feuerwehr-trebur.org\/web\/wp-json\/wp\/v2\/types\/page"}],"author":[{"embeddable":true,"href":"https:\/\/www.feuerwehr-trebur.org\/web\/wp-json\/wp\/v2\/users\/6"}],"replies":[{"embeddable":true,"href":"https:\/\/www.feuerwehr-trebur.org\/web\/wp-json\/wp\/v2\/comments?post=2371"}],"version-history":[{"count":15,"href":"https:\/\/www.feuerwehr-trebur.org\/web\/wp-json\/wp\/v2\/pages\/2371\/revisions"}],"predecessor-version":[{"id":4076,"href":"https:\/\/www.feuerwehr-trebur.org\/web\/wp-json\/wp\/v2\/pages\/2371\/revisions\/4076"}],"wp:attachment":[{"href":"https:\/\/www.feuerwehr-trebur.org\/web\/wp-json\/wp\/v2\/media?parent=2371"}],"curies":[{"name":"wp","href":"https:\/\/api.w.org\/{rel}","templated":true}]}}