{"id":23,"date":"2015-01-02T12:22:23","date_gmt":"2015-01-02T12:22:23","guid":{"rendered":"http:\/\/feuerwehr-trebur.org\/web\/?page_id=23"},"modified":"2025-07-06T11:38:38","modified_gmt":"2025-07-06T09:38:38","slug":"loeschzwerge","status":"publish","type":"page","link":"https:\/\/www.feuerwehr-trebur.org\/web\/jugendabteilung\/loeschzwerge\/","title":{"rendered":"L\u00f6schzwerge"},"content":{"rendered":"<div class=\"wpb-content-wrapper\">[vc_row][vc_column width=&#8220;2\/3&#8243;][vc_tabs][vc_tab title=&#8220;Die L\u00f6schzwerge&#8220; tab_id=&#8220;1422709834-2-10&#8243;][\/vc_tab][vc_tab title=&#8220;Ziele&#8220; tab_id=&#8220;1422709834-1-58&#8243;][vc_row_inner][vc_column_inner width=&#8220;1\/2&#8243;][vc_column_text]<strong>1. F\u00f6rderung der Fachkompetenz<\/strong><\/p>\n<ul class=\"list-7\">\n<li>Feuerwehr allgemein<\/li>\n<li>Notruf 112<\/li>\n<li>Umgang mit Feuer<\/li>\n<li>Umgang mit Z\u00fcndmitteln und brennbaren Materialien<\/li>\n<li>Wie entsteht Feuer?<\/li>\n<li>Entdecken von Feuer<\/li>\n<li>Kleine erste Hilfe f\u00fcr Kinder<\/li>\n<li>Umgang mit dem Element Wasser<\/li>\n<li>Wasserkraft<\/li>\n<li>Eigenschaften von Wasser<\/li>\n<li>Wassernutzung<\/li>\n<li>Einsatz von Wasser<\/li>\n<li>Verkehrserziehung<\/li>\n<li>Kennenlernen der Fahrzeuge<\/li>\n<li>Knotentechnik<\/li>\n<\/ul>\n<p><strong>2. F\u00f6rderung der Sozialkompetenzen<\/strong><\/p>\n<ul class=\"list-5\">\n<li>Motorik<\/li>\n<li>Sport und Bewegung<\/li>\n<li>St\u00e4rkung des Selbstwertgef\u00fchls<\/li>\n<li>\u00c4ngste nehmen<\/li>\n<li>Einordnen in die Gruppe<\/li>\n<li>Zusammenarbeit in der Gruppe<\/li>\n<li>Durchhalteverm\u00f6gen<\/li>\n<li>Umgang mit Situationen wenn&#8217;s nicht gleich klappt<\/li>\n<li>neue F\u00e4higkeiten entwickeln<\/li>\n<\/ul>\n[\/vc_column_text][\/vc_column_inner][vc_column_inner width=&#8220;1\/2&#8243;][vc_column_text]<strong>3. Allgemeine Freizeitbesch\u00e4ftigung<\/strong><\/p>\n<ul class=\"list-10\">\n<li>Spiel und Spa\u00df<\/li>\n<li>Basteln<\/li>\n<li>Backen<\/li>\n<li>Filme<\/li>\n<li>Ausfl\u00fcge (auch mal mit dem Boot)<\/li>\n<li>Erlebniswanderungen<\/li>\n<li>Besuche<\/li>\n<li>Teilnahmen an Umz\u00fcgen<\/li>\n<li>Wasserspiele<\/li>\n<li>Umwelterkundung<\/li>\n<\/ul>\n[\/vc_column_text][\/vc_column_inner][\/vc_row_inner][\/vc_tab][\/vc_tabs][vc_column_text]\n<div id=\"attachment_865\" style=\"width: 610px\" class=\"wp-caption alignnone\"><a href=\"http:\/\/feuerwehr-trebur.org\/web\/wp-content\/uploads\/2015\/01\/CF7Q1426.jpg\" rel=\"wp-prettyPhoto[23]\"><img loading=\"lazy\" decoding=\"async\" aria-describedby=\"caption-attachment-865\" class=\"size-large wp-image-865\" src=\"http:\/\/feuerwehr-trebur.org\/web\/wp-content\/uploads\/2015\/01\/CF7Q1426-1024x683.jpg\" alt=\"Die L\u00f6schzwerge im Jahr 2014\" width=\"600\" height=\"400\" srcset=\"https:\/\/www.feuerwehr-trebur.org\/web\/wp-content\/uploads\/2015\/01\/CF7Q1426-1024x683.jpg 1024w, https:\/\/www.feuerwehr-trebur.org\/web\/wp-content\/uploads\/2015\/01\/CF7Q1426-300x200.jpg 300w\" sizes=\"auto, (max-width: 600px) 100vw, 600px\" \/><\/a><p id=\"caption-attachment-865\" class=\"wp-caption-text\">Die L\u00f6schzwerge im Jahr 2014<\/p><\/div>\n<p>Das Thema Nachwuchsf\u00f6rderung wird f\u00fcr die Freiwilligen Feuerwehren insbesondere in Hinblick auf den demographischen Wandel immer wichtiger. Bisher konnten Jungen und M\u00e4dchen erst ab zehn Jahren in die Jugendfeuerwehr eintreten. Hier stellt sich die Frage, ob dies nicht bereits zu sp\u00e4t ist. Besonders junge Kinder bewundern und bestaunen diejenigen,<br \/>\ndie offensichtlich das mit Ur\u00e4ngsten verbundene Element Feuer beherrschen und davor keine Angst haben. Au\u00dferdem gibt es da noch die Technik der gro\u00dfen roten Autos mit ihrer umfangreichen Beladung, die immer wieder Anlass bietet neues und spannendes zu entdecken. Und zus\u00e4tzlich lockt auch noch der Spa\u00df- und Attraktionsfaktor Wasser. Denn gerade bei der Feuerwehr bieten sich M\u00f6glichkeiten in spielerischer Form das Element<br \/>\nWasser kennenzulernen. Schnell entsteht so bei den Kindern der Wunsch mehr \u00fcber die Feuerwehr zu erfahren, doch kam dann bisher immer die Antwort:&#8220;leider erst ab 10 Jahren&#8220;.<\/p>\n<div id=\"attachment_446\" style=\"width: 610px\" class=\"wp-caption aligncenter\"><a href=\"http:\/\/feuerwehr-trebur.org\/web\/wp-content\/uploads\/2015\/01\/IMG_1616.jpg\" rel=\"wp-prettyPhoto[23]\"><img loading=\"lazy\" decoding=\"async\" aria-describedby=\"caption-attachment-446\" class=\"wp-image-446 size-full\" src=\"http:\/\/feuerwehr-trebur.org\/web\/wp-content\/uploads\/2015\/01\/IMG_1616.jpg\" alt=\"IMG_1616\" width=\"600\" height=\"400\" srcset=\"https:\/\/www.feuerwehr-trebur.org\/web\/wp-content\/uploads\/2015\/01\/IMG_1616.jpg 600w, https:\/\/www.feuerwehr-trebur.org\/web\/wp-content\/uploads\/2015\/01\/IMG_1616-300x200.jpg 300w\" sizes=\"auto, (max-width: 600px) 100vw, 600px\" \/><\/a><p id=\"caption-attachment-446\" class=\"wp-caption-text\">Auch die Feuerwehrtechnik kommt bei den L\u00f6schzwergen nicht zu kurz.<\/p><\/div>\n<div id=\"attachment_447\" style=\"width: 610px\" class=\"wp-caption aligncenter\"><a href=\"http:\/\/feuerwehr-trebur.org\/web\/wp-content\/uploads\/2015\/01\/IMG_1619.jpg\" rel=\"wp-prettyPhoto[23]\"><img loading=\"lazy\" decoding=\"async\" aria-describedby=\"caption-attachment-447\" class=\"wp-image-447 size-full\" src=\"http:\/\/feuerwehr-trebur.org\/web\/wp-content\/uploads\/2015\/01\/IMG_1619.jpg\" alt=\"IMG_1619\" width=\"600\" height=\"400\" srcset=\"https:\/\/www.feuerwehr-trebur.org\/web\/wp-content\/uploads\/2015\/01\/IMG_1619.jpg 600w, https:\/\/www.feuerwehr-trebur.org\/web\/wp-content\/uploads\/2015\/01\/IMG_1619-300x200.jpg 300w\" sizes=\"auto, (max-width: 600px) 100vw, 600px\" \/><\/a><p id=\"caption-attachment-447\" class=\"wp-caption-text\">Einmal Feuerwehrauto fahren&#8230; \ud83d\ude09<\/p><\/div>\n<p>Die Erfahrung hat gezeigt, dass Kinder in diesem Alter bereits andere Orientierungen haben und die Begeisterung an der Feuerwehr anderen Aktivit\u00e4ten auf dem Terminplan weichen. Kinder wollen nicht warten, sie wollen im Rahmen ihrer M\u00f6glichkeiten dann aktiv werden, wenn sie darauf Lust haben. Diese M\u00f6glichkeit bietet jetzt die Freiwillige Feuerwehr Trebur<br \/>\nmit der Einrichtung einer Kinderfeuerwehr unter dem Namen &#8222;Die L\u00f6schzwerge&#8220;. Dabei steht vor allem im Vordergrund mit Spiel und Spa\u00df das Interesse der Kinder an der Wehr zu intensivieren. Lernen ist dabei eher ein postiver Nebeneffekt, der sich von selbst einstellt, erkl\u00e4rt Weber. Und nat\u00fcrlich wollen und d\u00fcrfen die Kinder auch selbst in die Rolle eines<br \/>\nFeuerwehrmannes, oder einer Feuerwehrfrau schl\u00fcpfen. Dies wird durch die Nutzung der umfangreichen Ausr\u00fcstung unterst\u00fctzt werden, welche auch f\u00fcr Kinder in vielfacher Form einsetzbar ist. Grunds\u00e4tzlich wird dabei ber\u00fccksichtigt, dass mit p\u00e4dagogischen Mitteln im Miteinander und im Spiel der Kinder Gefahren dargestellt und erkannt werden. Daraus<br \/>\nk\u00f6nnen durch die verschiedenen Angebote Probleml\u00f6sungen und M\u00f6glichkeiten gezeigt werden, die den Kindern vorhandene \u00c4ngste nehmen. Die L\u00f6schzwerge werden sich im zweiw\u00f6chigen Rhythmus <strong>immer jeden 2. Donnerstag von 17:30 Uhr bis 18.30 Uhr<\/strong> treffen.<br \/>\n<strong>Das Mindestalter betr\u00e4gt sechs Jahre.<\/strong><\/p>\n<div id=\"attachment_448\" style=\"width: 610px\" class=\"wp-caption aligncenter\"><a href=\"http:\/\/feuerwehr-trebur.org\/web\/wp-content\/uploads\/2015\/01\/IMG_14362.jpg\" rel=\"wp-prettyPhoto[23]\"><img loading=\"lazy\" decoding=\"async\" aria-describedby=\"caption-attachment-448\" class=\"wp-image-448 size-full\" src=\"http:\/\/feuerwehr-trebur.org\/web\/wp-content\/uploads\/2015\/01\/IMG_14362.jpg\" alt=\"IMG_14362\" width=\"600\" height=\"400\" srcset=\"https:\/\/www.feuerwehr-trebur.org\/web\/wp-content\/uploads\/2015\/01\/IMG_14362.jpg 600w, https:\/\/www.feuerwehr-trebur.org\/web\/wp-content\/uploads\/2015\/01\/IMG_14362-300x200.jpg 300w\" sizes=\"auto, (max-width: 600px) 100vw, 600px\" \/><\/a><p id=\"caption-attachment-448\" class=\"wp-caption-text\">Kindgerechter Unterricht<\/p><\/div>\n[\/vc_column_text][\/vc_column][vc_column width=&#8220;1\/3&#8243;][vc_column_text]F\u00fcr Fragen zur Kinderfeuerwehr steht unser Betreuerteam gerne zur Verf\u00fcgung.<\/p>\n<p><strong>Kontakt:<\/strong><br \/>\nBetreuerteam [<a href=\"mailto:kinderfeuerwehr@feuerwehr-trebur.org\">email<\/a>]\n<p><strong>Ausbildung:<\/strong><br \/>\njeden 2. Donnerstag<br \/>\nvon 17:30 Uhr bis 18.30 Uhr<\/p>\n<p><strong>Mindestalter:<\/strong><br \/>\n6 Jahre[\/vc_column_text][\/vc_column][\/vc_row]\n<\/div>","protected":false},"excerpt":{"rendered":"<p>[vc_row][vc_column width=&#8220;2\/3&#8243;][vc_tabs][vc_tab title=&#8220;Die L\u00f6schzwerge&#8220; tab_id=&#8220;1422709834-2-10&#8243;][\/vc_tab][vc_tab title=&#8220;Ziele&#8220; tab_id=&#8220;1422709834-1-58&#8243;][vc_row_inner][vc_column_inner width=&#8220;1\/2&#8243;][vc_column_text]1. F\u00f6rderung der Fachkompetenz Feuerwehr allgemein Notruf 112 Umgang mit Feuer Umgang mit Z\u00fcndmitteln und brennbaren Materialien Wie entsteht Feuer? Entdecken von Feuer Kleine erste Hilfe f\u00fcr Kinder Umgang mit dem Element Wasser Wasserkraft Eigenschaften von Wasser Wassernutzung Einsatz von<\/p>\n","protected":false},"author":2,"featured_media":0,"parent":9,"menu_order":0,"comment_status":"open","ping_status":"open","template":"page-FullWidth.php","meta":{"footnotes":"","_links_to":"","_links_to_target":""},"class_list":["post-23","page","type-page","status-publish","hentry"],"_links":{"self":[{"href":"https:\/\/www.feuerwehr-trebur.org\/web\/wp-json\/wp\/v2\/pages\/23","targetHints":{"allow":["GET"]}}],"collection":[{"href":"https:\/\/www.feuerwehr-trebur.org\/web\/wp-json\/wp\/v2\/pages"}],"about":[{"href":"https:\/\/www.feuerwehr-trebur.org\/web\/wp-json\/wp\/v2\/types\/page"}],"author":[{"embeddable":true,"href":"https:\/\/www.feuerwehr-trebur.org\/web\/wp-json\/wp\/v2\/users\/2"}],"replies":[{"embeddable":true,"href":"https:\/\/www.feuerwehr-trebur.org\/web\/wp-json\/wp\/v2\/comments?post=23"}],"version-history":[{"count":22,"href":"https:\/\/www.feuerwehr-trebur.org\/web\/wp-json\/wp\/v2\/pages\/23\/revisions"}],"predecessor-version":[{"id":4400,"href":"https:\/\/www.feuerwehr-trebur.org\/web\/wp-json\/wp\/v2\/pages\/23\/revisions\/4400"}],"up":[{"embeddable":true,"href":"https:\/\/www.feuerwehr-trebur.org\/web\/wp-json\/wp\/v2\/pages\/9"}],"wp:attachment":[{"href":"https:\/\/www.feuerwehr-trebur.org\/web\/wp-json\/wp\/v2\/media?parent=23"}],"curies":[{"name":"wp","href":"https:\/\/api.w.org\/{rel}","templated":true}]}}