{"id":2141,"date":"2018-01-14T18:49:10","date_gmt":"2018-01-14T17:49:10","guid":{"rendered":"https:\/\/www.feuerwehr-trebur.org\/web\/?page_id=2141"},"modified":"2018-01-14T18:50:24","modified_gmt":"2018-01-14T17:50:24","slug":"einsatzchronik-2017","status":"publish","type":"page","link":"https:\/\/www.feuerwehr-trebur.org\/web\/einsaetze\/einsatzchronik-2017\/","title":{"rendered":"Einsatzchronik 2017"},"content":{"rendered":"<div class=\"wpb-content-wrapper\">[vc_row][vc_column][vc_text_separator title=&#8220;Eins\u00e4tze 2017&#8243;][vc_column_text]<strong>Dezember<\/strong><br \/>\n63 | 29.12.2017 &#8211; F 1 &#8211; Brennt Geb\u00fcsch<\/p>\n<p>62 | 08.12.2017 &#8211; F 2 &#8211; Kaminbrand<\/p>\n<p>61 | 08.12.2017 &#8211; F 2 \u00a0&#8211; Kaminbrand<\/p>\n<p><strong>November<\/strong><\/p>\n<p>60 | 30.11.2017 &#8211; H Y Klemm 1 &#8211; Verkehrsunfall [<a href=\"https:\/\/www.feuerwehr-trebur.org\/web\/30-11-2017-verkehrsunfall-auf-der-l3012\/\">Bericht<\/a>]\n<p>59 | 25.11.2017 &#8211; F RWM &#8211; Ausgel\u00f6ster Heimrauchmelder<\/p>\n<p>58 | 23.11.2017 &#8211; H Gefahr 1 &#8211; Messeinsatz &#8211; Biebesheim<\/p>\n<p>57 | 19.11.2017 &#8211; F 1 -Brand einer Hecke<\/p>\n<p>56 | 14.11.2017 &#8211; H Fluss Y &#8211; Person im Rhein<\/p>\n<p>55 | 01.11.2017 &#8211; F 3 -Brand eines Produktionsgeb\u00e4udes<\/p>\n<p><strong>Oktober<\/strong><\/p>\n<p>54\u00a0| 31.10.2017 &#8211; H 1 &#8211; \u00d6lspur<\/p>\n<p>53 | 17.10.2017 &#8211; F BMA &#8211; Ausgel\u00f6ste Brandmeldeanlage<\/p>\n<p>52 | 10.10.2017 &#8211; F BMA &#8211; Ausgel\u00f6ste Brandmeldeanlage<\/p>\n<p><strong>September<\/strong><\/p>\n<p>51 | 28.09.2017 &#8211; H GAS 1 &#8211; Gasgeruch &#8211; Astheim<\/p>\n<p>50 | 14.09.2017 &#8211; H 1 &#8211; Baum auf Stra\u00dfe<\/p>\n<p>49 | 13.09.2017 &#8211; H GAS 2 &#8211; Messeinsatz &#8211; Gernsheim<\/p>\n<p>48 | 09.09.2017 &#8211; H 1 &#8211; Auslaufende Betriebsstoffe &#8211; Geinsheim<\/p>\n<p>47 | 09.09.2017 &#8211; H 1 &#8211; Auslaufende Betriebsstoffe<\/p>\n<p><strong>August<\/strong><\/p>\n<p>46 | 28.08.2017 &#8211; H 1 &#8211; Auslaufende Betriebsstoffe<\/p>\n<p>45 | 21.08.2017 &#8211; H 1 &#8211; Auslaufende Betriebsstoffe<\/p>\n<p>44 | 14.08.2017 &#8211; H GAS 2 &#8211; Messeinsatz &#8211; R\u00fcsselsheim<\/p>\n<p>43 | 10.08.2017 &#8211; BMA &#8211; Ausgel\u00f6ste Brandmeldeanlage<\/p>\n<p>42 | 08.08.2017 &#8211; F 3 &#8211; Messeinsatz &#8211; Bischofsheim<\/p>\n<p>41 | 04.08.2017 &#8211; H 1 Y &#8211; Notfallt\u00fcr\u00f6ffnung<\/p>\n<p><strong>Juli<\/strong><\/p>\n<p>40 | 28.07.2017 &#8211; F Au\u00dferhalb &#8211; Nicht angemeldetes Nutzfeuer<\/p>\n<p>39 | 19.07.2017 &#8211; F 1 &#8211; Brennt M\u00fcllcontainer<\/p>\n<p>38 | 19.07.2017 &#8211; H 1 &#8211; Gr\u00f6\u00dfere \u00d6lspur<\/p>\n<p>37 | 14.07.2017 \u2013 F 1- Unklare Rauchentwicklung<\/p>\n<p>36 | 12.07.2017 \u2013 F 2 Y &#8211; Fehlalarm<\/p>\n<p>35 | 09.07.2017 \u2013 H 1 &#8211; Technische Hilfeleistung<\/p>\n<p>34 | 09.07.2017 \u2013 H 1 &#8211; Messeinsatz &#8211; Gro\u00df-Gerau<\/p>\n<p><strong>Juni<\/strong><\/p>\n<p>33 | 28.06.2017 \u2013 H 1 &#8211; Auslaufende Betriebsstoffe<\/p>\n<p>32 | 27.06.2017 \u2013 H GAS 2 &#8211; Messeinsatz &#8211; Gro\u00df-Gerau<\/p>\n<p>31 | 26.06.2017 \u2013 F 1 &#8211; Unklare Rauchentwicklung<\/p>\n<p>30 | 25.06.2017 \u2013 F Wald 1 &#8211; Fl\u00e4chenbrand<\/p>\n<p>29 | 24.06.2017 \u2013 F 2 &#8211; Brennender Holzstapel<\/p>\n<p>28 | 23.06.2017 \u2013 F 1 &#8211; Brennt Baum<\/p>\n<p>27 | 14.06.2017 \u2013 H 1 &#8211; Unterst\u00fctzung des Rettungsdienstes<\/p>\n<p>26 | 12.06.2017 \u2013\u00a0 H Fluss Y &#8211; Person im Rhein<\/p>\n<p><strong>Mai<\/strong><\/p>\n<p>25 | 30.05.2017 \u2013 F 1 &#8211; Unklare Rauchentwicklung<\/p>\n<p>24 | 28.05.2017 &#8211; H 1 &#8211; Tierrettung<\/p>\n<p>23 | 27.05.2017 \u2013 F Wald 1 &#8211; Fl\u00e4chenbrand<\/p>\n<p>22 | 20.05.2017 \u2013 H 1 Y &#8211; Notfallt\u00fcr\u00f6ffnung<\/p>\n<p>21 | 02.05.2017 \u2013 H 1 &#8211; Auslaufende Betriebsstoffe<\/p>\n<p><strong>April<\/strong><\/p>\n<p>20 | 29.04.2017 \u2013 H Klemm 1 Y &#8211; Schwerer Verkehrsunfall<\/p>\n<p>19 | 10.04.2017 \u2013 H 1 &#8211; Auslaufende Betriebsstoffe<\/p>\n<p>18 | 08.04.2017 \u2013 H Klemm 1 Y &#8211; Schwerer Verkehrsunfall<\/p>\n<p><strong>M\u00e4rz<\/strong><\/p>\n<p>17 | 30.03.2017 \u2013 F Wald 1 &#8211; Angemeldetes Nutzfeuer<\/p>\n<p>16 | 15.03.2017 \u2013 F Wald 1 &#8211; Erneuter Schilfbrand<strong> | <a href=\"https:\/\/www.feuerwehr-trebur.org\/web\/14-03-2017-erneuter-brand-einer-schilfflaeche\/\">Bericht<\/a><\/strong><\/p>\n<p>15 | 14.03.2017 \u2013 H 1 &#8211; Auslaufende Betriebsstoffe <strong>| <a href=\"https:\/\/www.feuerwehr-trebur.org\/web\/14-03-2017-erneuter-brand-einer-schilfflaeche\/\">Bericht<\/a><\/strong><\/p>\n<p>14 | 14.03.2017 \u2013 F 1 &#8211; Erneuter Schilfbrand <strong>| <a href=\"https:\/\/www.feuerwehr-trebur.org\/web\/14-03-2017-erneuter-brand-einer-schilfflaeche\/\">Bericht<\/a><\/strong><\/p>\n<p>13 | 11.03.2017 \u2013 H Fluss &#8211; Schiffsunfall auf dem Rhein | <a href=\"https:\/\/www.feuerwehr-trebur.org\/web\/11-03-2017-bootsunfall-auf-dem-rhein-und-flaechenbrand\/\"><strong>Bericht<\/strong><\/a><\/p>\n<p>12 | 11.03.2017 \u2013 F Wald 1 &#8211; Schilfbrand | <a href=\"https:\/\/www.feuerwehr-trebur.org\/web\/11-03-2017-bootsunfall-auf-dem-rhein-und-flaechenbrand\/\"><strong>Bericht<\/strong><\/a><\/p>\n<p>11 | 10.03.2017 \u2013 H 1 &#8211; Wasser im Keller<\/p>\n<p><strong>Februar<\/strong><\/p>\n<p>10 | 28.02.2017 \u2013 BMA \u2013 Ausgel\u00f6ste Brandmeldeanlage<\/p>\n<p>09 | 26.02.2017 \u2013 BMA \u2013 Ausgel\u00f6ste Brandmeldeanlage<\/p>\n<p>08 | 25.02.2017 \u2013 H 1 Y &#8211; Notfallt\u00fcr\u00f6ffnung<\/p>\n<p>07 | 22.02.2017 \u2013 H Y Klemm \u2013 Schwerer Verkehrsunfall<\/p>\n<p>06 | 22.02.2017 \u2013 H 1 \u2013 Sturmschaden<\/p>\n<p>05 | 17.02.2017 \u2013 H 1 \u2013 Schwerer Verkehrsunfall<\/p>\n<p>04 | 16.02.2017 \u2013 BMA \u2013 Ausgel\u00f6ste Brandmeldeanlage<\/p>\n<p>03 | 14.02.2017 \u2013 BMA \u2013 Ausgel\u00f6ste Brandmeldeanlage<\/p>\n<p><strong>Januar<\/strong><\/p>\n<p>02 | 28.01.2017 \u2013 F Wald 1 \u2013 Fl\u00e4chenbrand<\/p>\n<p>01 | 03.01.2017 \u2013 H Y Klemm \u2013 Verkehrsunfall<\/p>\n<p><object id=\"__symantecPKIClientMessenger\" style=\"display: none;\" width=\"300\" height=\"150\"><\/object><\/p>\n<p><object id=\"__symantecPKIClientMessenger\" style=\"display: none;\" width=\"300\" height=\"150\"><\/object><\/p>\n<p><object id=\"__symantecPKIClientMessenger\" style=\"display: none;\" width=\"300\" height=\"150\"><\/object><\/p>\n<p><object id=\"__symantecPKIClientMessenger\" style=\"display: none;\" width=\"300\" height=\"150\"><\/object><\/p>\n<p><object id=\"__symantecPKIClientMessenger\" style=\"display: none;\" width=\"300\" height=\"150\"><\/object><\/p>\n<p><object id=\"__symantecPKIClientMessenger\" style=\"display: none;\" width=\"300\" height=\"150\"><\/object><\/p>\n<p><object id=\"__symantecPKIClientMessenger\" style=\"display: none;\" width=\"300\" height=\"150\"><\/object><\/p>\n<p><object id=\"__symantecPKIClientMessenger\" style=\"display: none;\" width=\"300\" height=\"150\"><\/object><\/p>\n<p><object id=\"__symantecPKIClientMessenger\" style=\"display: none;\" width=\"300\" height=\"150\"><\/object><\/p>\n<p><object id=\"__symantecPKIClientMessenger\" style=\"display: none;\" width=\"300\" height=\"150\"><\/object><\/p>\n<p><object id=\"__symantecPKIClientMessenger\" style=\"display: none;\" width=\"300\" height=\"150\"><\/object><\/p>\n<p><object id=\"__symantecPKIClientMessenger\" style=\"display: none;\" width=\"300\" height=\"150\"><\/object><\/p>\n<p><object id=\"__symantecPKIClientMessenger\" style=\"display: none;\" width=\"300\" height=\"150\"><\/object><\/p>\n<p><object id=\"__symantecPKIClientMessenger\" style=\"display: none;\" width=\"300\" height=\"150\"><\/object><\/p>\n<p><object id=\"__symantecPKIClientMessenger\" style=\"display: none;\" width=\"300\" height=\"150\"><\/object><\/p>\n<p><object id=\"__symantecPKIClientMessenger\" style=\"display: none;\" width=\"300\" height=\"150\"><\/object><\/p>\n<p><object id=\"__symantecPKIClientMessenger\" style=\"display: none;\" width=\"300\" height=\"150\" data-install-updates-user-configuration=\"true\" data-supports-flavor-configuration=\"true\" data-extension-version=\"0.5.0.161\"><\/object><\/p>\n<p><object id=\"__symantecPKIClientMessenger\" style=\"display: none;\" width=\"300\" height=\"150\" data-install-updates-user-configuration=\"true\" data-supports-flavor-configuration=\"true\" data-extension-version=\"0.5.0.161\"><\/object><\/p>\n<p><object id=\"__symantecPKIClientMessenger\" style=\"display: none;\" width=\"300\" height=\"150\" data-install-updates-user-configuration=\"true\" data-supports-flavor-configuration=\"true\" data-extension-version=\"0.5.0.161\"><\/object><\/p>\n<p><object id=\"__symantecPKIClientMessenger\" style=\"display: none;\" width=\"300\" height=\"150\" data-install-updates-user-configuration=\"true\" data-supports-flavor-configuration=\"true\" data-extension-version=\"0.5.0.161\"><\/object><\/p>\n<p><object id=\"__symantecPKIClientMessenger\" style=\"display: none;\" width=\"300\" height=\"150\" data-install-updates-user-configuration=\"true\" data-supports-flavor-configuration=\"true\" data-extension-version=\"0.5.0.161\"><\/object><\/p>\n<p><object id=\"__symantecPKIClientMessenger\" style=\"display: none;\" width=\"300\" height=\"150\" data-install-updates-user-configuration=\"true\" data-supports-flavor-configuration=\"true\" data-extension-version=\"0.5.0.161\"><\/object><\/p>\n<p><object id=\"__symantecPKIClientMessenger\" style=\"display: none;\" width=\"300\" height=\"150\" data-install-updates-user-configuration=\"true\" data-supports-flavor-configuration=\"true\" data-extension-version=\"0.5.0.161\"><\/object><\/p>\n<p><object id=\"__symantecPKIClientMessenger\" style=\"display: none;\" width=\"300\" height=\"150\" data-install-updates-user-configuration=\"true\" data-supports-flavor-configuration=\"true\" data-extension-version=\"0.5.0.161\"><\/object><\/p>\n<p><object id=\"__symantecPKIClientMessenger\" style=\"display: none;\" width=\"300\" height=\"150\" data-install-updates-user-configuration=\"true\" data-supports-flavor-configuration=\"true\" data-extension-version=\"0.5.0.161\"><\/object><\/p>\n<p><object id=\"__symantecPKIClientMessenger\" style=\"display: none;\" width=\"300\" height=\"150\" data-install-updates-user-configuration=\"true\" data-supports-flavor-configuration=\"true\" data-extension-version=\"0.5.0.161\"><\/object><\/p>\n<p><object id=\"__symantecPKIClientMessenger\" style=\"display: none;\" width=\"300\" height=\"150\" data-install-updates-user-configuration=\"true\" data-supports-flavor-configuration=\"true\" data-extension-version=\"0.5.0.161\"><\/object><\/p>\n<p><object id=\"__symantecPKIClientMessenger\" style=\"display: none;\" width=\"300\" height=\"150\" data-install-updates-user-configuration=\"true\" data-supports-flavor-configuration=\"true\" data-extension-version=\"0.5.0.161\"><\/object><\/p>\n<p><object id=\"__symantecPKIClientMessenger\" style=\"display: none;\" width=\"300\" height=\"150\" data-install-updates-user-configuration=\"true\" data-supports-flavor-configuration=\"true\" data-extension-version=\"0.5.0.161\"><\/object><\/p>\n<p><object id=\"__symantecPKIClientMessenger\" style=\"display: none;\" width=\"300\" height=\"150\" data-install-updates-user-configuration=\"true\" data-supports-flavor-configuration=\"true\" data-extension-version=\"0.5.0.161\"><\/object><\/p>\n<p><object id=\"__symantecPKIClientMessenger\" style=\"display: none;\" width=\"300\" height=\"150\" data-install-updates-user-configuration=\"true\" data-supports-flavor-configuration=\"true\" data-extension-version=\"0.5.0.161\"><\/object><\/p>\n<p><object id=\"__symantecPKIClientMessenger\" style=\"display: none;\" width=\"300\" height=\"150\" data-install-updates-user-configuration=\"true\" data-supports-flavor-configuration=\"true\" data-extension-version=\"0.5.0.161\"><\/object><\/p>\n<p><object id=\"__symantecPKIClientMessenger\" style=\"display: none;\" width=\"300\" height=\"150\" data-install-updates-user-configuration=\"true\" data-supports-flavor-configuration=\"true\" data-extension-version=\"0.5.0.161\"><\/object><\/p>\n<p><object id=\"__symantecPKIClientMessenger\" style=\"display: none;\" width=\"300\" height=\"150\" data-install-updates-user-configuration=\"true\" data-supports-flavor-configuration=\"true\" data-extension-version=\"0.5.0.161\"><\/object><\/p>\n<p><object id=\"__symantecPKIClientMessenger\" style=\"display: none;\" width=\"300\" height=\"150\" data-install-updates-user-configuration=\"true\" data-supports-flavor-configuration=\"true\" data-extension-version=\"0.5.0.161\"><\/object><\/p>\n<p><object id=\"__symantecPKIClientMessenger\" style=\"display: none;\" width=\"300\" height=\"150\" data-install-updates-user-configuration=\"true\" data-supports-flavor-configuration=\"true\" data-extension-version=\"0.5.0.161\"><\/object><\/p>\n<p><object id=\"__symantecPKIClientMessenger\" style=\"display: none;\" width=\"300\" height=\"150\" data-install-updates-user-configuration=\"true\" data-supports-flavor-configuration=\"true\" data-extension-version=\"0.5.0.161\"><\/object>[\/vc_column_text][\/vc_column][\/vc_row][vc_row][vc_column width=&#8220;1\/3&#8243;][vc_single_image image=&#8220;839&#8243; img_size=&#8220;full&#8220;][\/vc_column][\/vc_row][vc_row][vc_column][vc_text_separator title=&#8220;Eins\u00e4tze 2008 &#8211; 2016&#8243;][\/vc_column][\/vc_row][vc_row][vc_column width=&#8220;1\/2&#8243;][vc_column_text]<a href=\"http:\/\/feuerwehr-trebur.org\/web\/einsaetze\/einsatzchronik-2016\/\">Eins\u00e4tze 2016<\/a><\/p>\n[\/vc_column_text][vc_column_text]<a href=\"http:\/\/feuerwehr-trebur.org\/web\/einsaetze\/einsatzchronik-2015\/\">Eins\u00e4tze 2015<\/a><\/p>\n<p><a href=\"http:\/\/feuerwehr-trebur.org\/web\/einsaetze\/einsatzchronik-2014\/\">Eins\u00e4tze 2014<\/a><\/p>\n[\/vc_column_text][\/vc_column][vc_column width=&#8220;1\/2&#8243;][vc_column_text]<i class=\"fa fa-fire\"><\/i> <a href=\"http:\/\/feuerwehr-trebur.org\/web\/einsaetze\/einsatzchronik-2013\/\">Eins\u00e4tze 2013<\/a><br \/>\n<i class=\"fa fa-fire\"><\/i> <a href=\"http:\/\/feuerwehr-trebur.org\/web\/einsaetze\/einsatzchronik-2012\/\">Eins\u00e4tze 2012<\/a>[\/vc_column_text][vc_column_text]<i class=\"fa fa-fire\"><\/i> <a href=\"http:\/\/feuerwehr-trebur.org\/web\/einsaetze\/einsatzchronik-2011\/\">Eins\u00e4tze 2011<\/a><br \/>\n<i class=\"fa fa-fire\"><\/i> <a href=\"http:\/\/feuerwehr-trebur.org\/web\/einsaetze\/einsatzchronik-2010\/\">Eins\u00e4tze 2010<\/a>[\/vc_column_text][vc_column_text]<i class=\"fa fa-fire\"><\/i> <a href=\"http:\/\/feuerwehr-trebur.org\/web\/einsaetze\/einsatzchronik-2009\/\">Eins\u00e4tze 2009<\/a><br \/>\n<i class=\"fa fa-fire\"><\/i> <a href=\"http:\/\/feuerwehr-trebur.org\/web\/einsaetze\/einsatzchronik-2008\/\">Eins\u00e4tze 2008<\/a><br \/>\n[\/vc_column_text][\/vc_column][vc_column][\/vc_column][\/vc_row]\n<\/div>","protected":false},"excerpt":{"rendered":"<p>[vc_row][vc_column][vc_text_separator title=&#8220;Eins\u00e4tze 2017&#8243;][vc_column_text]Dezember 63 | 29.12.2017 &#8211; F 1 &#8211; Brennt Geb\u00fcsch 62 | 08.12.2017 &#8211; F 2 &#8211; Kaminbrand 61 | 08.12.2017 &#8211; F 2 \u00a0&#8211; Kaminbrand November 60 | 30.11.2017 &#8211; H Y Klemm 1 &#8211; Verkehrsunfall [Bericht] 59 | 25.11.2017 &#8211; F RWM &#8211;<\/p>\n","protected":false},"author":6,"featured_media":0,"parent":5,"menu_order":0,"comment_status":"open","ping_status":"open","template":"page-FullWidth.php","meta":{"footnotes":"","_links_to":"","_links_to_target":""},"class_list":["post-2141","page","type-page","status-publish","hentry"],"_links":{"self":[{"href":"https:\/\/www.feuerwehr-trebur.org\/web\/wp-json\/wp\/v2\/pages\/2141","targetHints":{"allow":["GET"]}}],"collection":[{"href":"https:\/\/www.feuerwehr-trebur.org\/web\/wp-json\/wp\/v2\/pages"}],"about":[{"href":"https:\/\/www.feuerwehr-trebur.org\/web\/wp-json\/wp\/v2\/types\/page"}],"author":[{"embeddable":true,"href":"https:\/\/www.feuerwehr-trebur.org\/web\/wp-json\/wp\/v2\/users\/6"}],"replies":[{"embeddable":true,"href":"https:\/\/www.feuerwehr-trebur.org\/web\/wp-json\/wp\/v2\/comments?post=2141"}],"version-history":[{"count":2,"href":"https:\/\/www.feuerwehr-trebur.org\/web\/wp-json\/wp\/v2\/pages\/2141\/revisions"}],"predecessor-version":[{"id":2144,"href":"https:\/\/www.feuerwehr-trebur.org\/web\/wp-json\/wp\/v2\/pages\/2141\/revisions\/2144"}],"up":[{"embeddable":true,"href":"https:\/\/www.feuerwehr-trebur.org\/web\/wp-json\/wp\/v2\/pages\/5"}],"wp:attachment":[{"href":"https:\/\/www.feuerwehr-trebur.org\/web\/wp-json\/wp\/v2\/media?parent=2141"}],"curies":[{"name":"wp","href":"https:\/\/api.w.org\/{rel}","templated":true}]}}