{"id":2124,"date":"2018-01-08T18:30:59","date_gmt":"2018-01-08T17:30:59","guid":{"rendered":"https:\/\/www.feuerwehr-trebur.org\/web\/?page_id=2124"},"modified":"2018-01-09T08:41:57","modified_gmt":"2018-01-09T07:41:57","slug":"wasserwehr","status":"publish","type":"page","link":"https:\/\/www.feuerwehr-trebur.org\/web\/wasserwehr\/","title":{"rendered":"Wasserwehr"},"content":{"rendered":"<div id=\"attachment_2132\" style=\"width: 1034px\" class=\"wp-caption aligncenter\"><a href=\"https:\/\/www.feuerwehr-trebur.org\/web\/wp-content\/uploads\/2018\/01\/DCP_0993.jpg\" rel=\"wp-prettyPhoto[2124]\"><img loading=\"lazy\" decoding=\"async\" aria-describedby=\"caption-attachment-2132\" class=\"wp-image-2132 size-large\" src=\"https:\/\/www.feuerwehr-trebur.org\/web\/wp-content\/uploads\/2018\/01\/DCP_0993-1024x677.jpg\" alt=\"\" width=\"1024\" height=\"677\" srcset=\"https:\/\/www.feuerwehr-trebur.org\/web\/wp-content\/uploads\/2018\/01\/DCP_0993-1024x677.jpg 1024w, https:\/\/www.feuerwehr-trebur.org\/web\/wp-content\/uploads\/2018\/01\/DCP_0993-300x198.jpg 300w, https:\/\/www.feuerwehr-trebur.org\/web\/wp-content\/uploads\/2018\/01\/DCP_0993-768x507.jpg 768w, https:\/\/www.feuerwehr-trebur.org\/web\/wp-content\/uploads\/2018\/01\/DCP_0993.jpg 1792w\" sizes=\"auto, (max-width: 1024px) 100vw, 1024px\" \/><\/a><p id=\"caption-attachment-2132\" class=\"wp-caption-text\">Das Schwarzbachhochwasser 2002<\/p><\/div>\n<p>Wer in unserer Gegend wohnt kennt es: Nahezu jedes Fr\u00fchjahr und teilweise auch im Sommer tritt der Rhein \u00fcber die Ufer. Nicht selten wird dabei der Bereich hinter dem Winterdeich komplett geflutet. Solche starken Hochw\u00e4sser sind gar nicht so selten: Statistisch gesehen treten solche Ereignisse alle 10-15 Jahre auf.<\/p>\n<p>Kritisch wird es f\u00fcr uns ab einer Marke von rund 700cm am Pegel Mainz:<\/p>\n<p>580cm (Tendenz steigend)<br \/>\nDer Steindamm wird \u00fcberflutet und das Dammtor am Sommerdamm geschlossen.<\/p>\n<p>Ab 630cm (Tendenz steigend)<br \/>\nErste Ma\u00dfnahmen zum Einsatz der Wasserwehr werden vorbereitet.<\/p>\n<p>Ab 690cm (Tendenz steigend)<br \/>\nDie Wasserwehr wird eingesetzt, die Deiche rund um die Uhr kontrolliert.<\/p>\n<p>Ab 700cm (Tendenz steigend)<br \/>\nDie Dammtore Kornsand und Hedderich k\u00f6nnen je nach Lage bereits eingebaut werden.<\/p>\n<p>Solche Marken wurden in der j\u00fcngeren Vergangenheit z.B.\u00a01988 (770cm) und 1995 (703cm) erreicht. Im Fr\u00fchjahr 2018 entgingen wir nur knapp einer Wasserwehrlage, der Pegel Mainz hatte hier seinen Scheitelpunkt bei 639cm.<\/p>\n<p>Doch was macht die Wasserwehr \u00fcberhaupt?<\/p>\n<p>Mit einfachen Worten ausgedr\u00fcckt: Die Wasserwehr sorgt daf\u00fcr, dass die Deiche sicher bleiben, auch wenn tausende Tonnen Wasser gegen sie dr\u00fccken.<\/p>\n<p>Insbesondere z\u00e4hlt zu den Aufgaben der Wasserwehr das regelm\u00e4ssige Ablaufen der Deiche. Hierbei pr\u00fcft sie, ob es sichtbare Sch\u00e4den gibt und hilft im Fall der F\u00e4lle aktiv bei deren Behebung mit. Die Wasserwehrsatzung der Gemeinde Trebur sagt hierzu:<\/p>\n<h6><em>Die Wasserwehr hat folgende Aufgaben:<\/em><\/h6>\n<h6><em>[&#8230;]<\/em><\/h6>\n<h6><em>Innerhalb des zugewiesenen Abschnittes in st\u00e4ndigen Streifeng\u00e4ngen den Damm zu beobachten und insbesondere darauf zu achten, ob<\/em><br \/>\n<em> a) landseitig Wasser durch den Damm rinnt und dieses Wasser durch Erde usw. getr\u00fcbt ist,<\/em><br \/>\n<em> b) auf der Landseite des Dammes Quellen entstehen und das daraus abflie\u00dfende Wasser tr\u00fcb wird oder Erde auswirft,<\/em><br \/>\n<em> c) der Damm fl\u00fcssig wird und auf der Landseite eine flachere B\u00f6schung einnimmt,<\/em><br \/>\n<em> d) Wellenschlag oder Eisschub den Damm besch\u00e4digt,<\/em><br \/>\n<em> e) der Damm \u00fcberall eine gleiche H\u00f6he oder einzelne niedrige Stellen und Strecken hat, die bei fortw\u00e4hrendem Steigen des Wassers zuerst in Gefahr kommen,<\/em><br \/>\n<em> f) die Dammpforten sachgem\u00e4\u00df verschlossen sind, keine M\u00e4ngel aufweisen und auch in der Tiefe kein Wasser durchlassen,<\/em><br \/>\n<em> g) f\u00fcr den Damm oder die Dammpforten Gefahr besteht;<\/em><br \/>\n<em> Festgestellte M\u00e4ngel, soweit dies in kurzer Zeit mit dem vorhandenen Ger\u00e4t m\u00f6glich ist, zu beseitigen;<\/em><\/h6>\n<h6><em>[&#8230;]<\/em><\/h6>\n<p>Die Wasserwehr bildet somit eine wichtige und f\u00fcr die Gemeinde \u00fcberlebensnotwendige Institution! Ihre Mitglieder werden \u00fcbrigens nicht alleine gelassen, bei allen Streifeng\u00e4ngen sind erfahrene Feuerwehrleute oder Mitarbeiter der Gemeinde dabei.<\/p>\n<p><strong>Wer kann mitmachen?<\/strong><br \/>\nGrunds\u00e4tzlich gilt: Mitmachen kann jeder, egal ob Mann oder Frau, zwischen 18 und 60 Jahren, der geistig fit und im Notfall in der Lage ist, einen gef\u00fcllten Sandsack von A nach B zu transportieren (im Ernstfall auch viele Sands\u00e4cke \u00fcber mehrere Stunden).<\/p>\n<p><strong>Warum ist der Wasserwehrdienst so wichtig?<\/strong><br \/>\nIn den ersten Tagen einer Hochwasserlage wird der Wasserwehrdienst von uns Feuerwehren \u00fcbernommen. Aber auch wir kommen irgendwann an unsere Leistungsgrenze und m\u00fcssen unseren beruflichen Verpflichtungen nachkommen. Ausserdem m\u00fcssen wir neben der Arbeit am Deich nat\u00fcrlich noch den Brandschutz in der Gemeinde sicherstellen. Wir sind also dringend auf genug Freiwillige angewiesen, die diesen wichtigen Dienst f\u00fcr die Gemeinde und auch den gesamten Landkreis \u00fcbernehmen wollen.<\/p>\n<p>\u00dcbrigens: Da der Wasserwehrdienst eine solch wichtige Aufgabe darstellt, k\u00f6nnen bestimmte Personengruppen im Ernstfall auch zum Dienst zwangsverpflichtet werden. Wenn wir also genug Freiwillige f\u00fcr den Dienst finden, umso besser ist es f\u00fcr uns alle!<\/p>\n<p><strong>Entstehen dem Mitglied durch den Wasserwehrdienst irgendwelche Nachteile?<\/strong><br \/>\nNein! Prinzipiell werden die Wasserwehrmitglieder in ihrer Freizeit eingesetzt. Ist dies nicht m\u00f6glich, wird ein Verdienstausfall durch die Gemeinde Trebur \u00fcbernommen. Das heisst: Man wird vom Arbeitgeber bezahlt freigestellt und die Gemeinde Trebur erstattet ihm die Kosten. In jedem Fall muss ein Einsatz im Wasserwehrdienst w\u00e4hrend der Arbeitszeiten rechtzeitig mit dem Arbeitgeber abgekl\u00e4rt werden.<\/p>\n<p>Haben wir Ihr Interesse geweckt?<br \/>\nDann melden Sie sich beim Ordnungsamt der Gemeinde Trebur [<a href=\"mailto:ordnungsamt@trebur.de\">eMail<\/a>] oder direkt bei uns!<br \/>\nWir sind jeden Dienstag ab 20:00 Uhr im Ger\u00e4tehaus.<\/p>\n","protected":false},"excerpt":{"rendered":"<p>Wer in unserer Gegend wohnt kennt es: Nahezu jedes Fr\u00fchjahr und teilweise auch im Sommer tritt der Rhein \u00fcber die Ufer. Nicht selten wird dabei der Bereich hinter dem Winterdeich komplett geflutet. Solche starken Hochw\u00e4sser sind gar nicht so selten: Statistisch gesehen treten solche Ereignisse alle 10-15<\/p>\n","protected":false},"author":6,"featured_media":2132,"parent":0,"menu_order":0,"comment_status":"closed","ping_status":"closed","template":"","meta":{"footnotes":"","_links_to":"","_links_to_target":""},"class_list":["post-2124","page","type-page","status-publish","has-post-thumbnail","hentry"],"_links":{"self":[{"href":"https:\/\/www.feuerwehr-trebur.org\/web\/wp-json\/wp\/v2\/pages\/2124","targetHints":{"allow":["GET"]}}],"collection":[{"href":"https:\/\/www.feuerwehr-trebur.org\/web\/wp-json\/wp\/v2\/pages"}],"about":[{"href":"https:\/\/www.feuerwehr-trebur.org\/web\/wp-json\/wp\/v2\/types\/page"}],"author":[{"embeddable":true,"href":"https:\/\/www.feuerwehr-trebur.org\/web\/wp-json\/wp\/v2\/users\/6"}],"replies":[{"embeddable":true,"href":"https:\/\/www.feuerwehr-trebur.org\/web\/wp-json\/wp\/v2\/comments?post=2124"}],"version-history":[{"count":13,"href":"https:\/\/www.feuerwehr-trebur.org\/web\/wp-json\/wp\/v2\/pages\/2124\/revisions"}],"predecessor-version":[{"id":2139,"href":"https:\/\/www.feuerwehr-trebur.org\/web\/wp-json\/wp\/v2\/pages\/2124\/revisions\/2139"}],"wp:featuredmedia":[{"embeddable":true,"href":"https:\/\/www.feuerwehr-trebur.org\/web\/wp-json\/wp\/v2\/media\/2132"}],"wp:attachment":[{"href":"https:\/\/www.feuerwehr-trebur.org\/web\/wp-json\/wp\/v2\/media?parent=2124"}],"curies":[{"name":"wp","href":"https:\/\/api.w.org\/{rel}","templated":true}]}}