{"id":21,"date":"2015-01-02T12:22:04","date_gmt":"2015-01-02T12:22:04","guid":{"rendered":"http:\/\/feuerwehr-trebur.org\/web\/?page_id=21"},"modified":"2022-12-23T10:29:39","modified_gmt":"2022-12-23T09:29:39","slug":"jugendfeuerwehr","status":"publish","type":"page","link":"https:\/\/www.feuerwehr-trebur.org\/web\/jugendabteilung\/jugendfeuerwehr\/","title":{"rendered":"Jugendfeuerwehr"},"content":{"rendered":"<div class=\"wpb-content-wrapper\">[vc_row][vc_column width=&#8220;2\/3&#8243;][vc_column_text]\n<div id=\"attachment_3571\" style=\"width: 610px\" class=\"wp-caption aligncenter\"><a href=\"https:\/\/www.feuerwehr-trebur.org\/web\/wp-content\/uploads\/2022\/12\/JjyIM0xc-scaled.jpeg\" rel=\"wp-prettyPhoto[21]\"><img loading=\"lazy\" decoding=\"async\" aria-describedby=\"caption-attachment-3571\" class=\"wp-image-3571 size-large\" src=\"https:\/\/www.feuerwehr-trebur.org\/web\/wp-content\/uploads\/2022\/12\/JjyIM0xc-1024x683.jpeg\" alt=\"\" width=\"600\" height=\"400\" srcset=\"https:\/\/www.feuerwehr-trebur.org\/web\/wp-content\/uploads\/2022\/12\/JjyIM0xc-1024x683.jpeg 1024w, https:\/\/www.feuerwehr-trebur.org\/web\/wp-content\/uploads\/2022\/12\/JjyIM0xc-300x200.jpeg 300w, https:\/\/www.feuerwehr-trebur.org\/web\/wp-content\/uploads\/2022\/12\/JjyIM0xc-768x512.jpeg 768w, https:\/\/www.feuerwehr-trebur.org\/web\/wp-content\/uploads\/2022\/12\/JjyIM0xc-1536x1024.jpeg 1536w, https:\/\/www.feuerwehr-trebur.org\/web\/wp-content\/uploads\/2022\/12\/JjyIM0xc-2048x1365.jpeg 2048w\" sizes=\"auto, (max-width: 600px) 100vw, 600px\" \/><\/a><p id=\"caption-attachment-3571\" class=\"wp-caption-text\">Die Jugendfeuerwehr im Jahr 2022<\/p><\/div>\n<p>Wir bieten f\u00fcr alle Kinder zwischen 10 und 17 Jahren, egal ob sie von unseren \u201eL\u00f6schzwergen\u201c oder ganz neu zu uns kommen, einen abwechslungsreichen Einblick in die Feuerwehrarbeit.<\/p>\n<p>In theoretischen und praktischen \u00dcbungseinheiten haben die Jugendlichen die M\u00f6glichkeit, alles zu lernen, was sie sp\u00e4ter als Feuerwehrfrau bzw. Feuerwehrmann wissen sollten. Dabei handelt es sich z. B. um Informationen zu den Einsatzabl\u00e4ufen, das \u00dcben mit und Bedienen von Feuerwehrger\u00e4ten und die evtl. Teilnahme an Feuerwehr-Wettk\u00e4mpfen.<\/p>\n<p>Aber vor allem soll der Spa\u00df im Vordergrund stehen!<\/p>\n<p>Um vom Schulstress auch etwas abschalten zu k\u00f6nnen, finden unsere \u00dcbungsabende immer freitags um 18 Uhr statt (au\u00dfer in den Ferien). Genauere Informationen sind dem Dienstplan der Jugendfeuerwehr zu entnehmen. Aktuelle Informationen findet ihr auch auf unserer Facebook-Seite \u201eJugendfeuerwehr Trebur\u201c.<\/p>\n<p>Wenn wir euer Interesse geweckt haben, seid ihr herzlichst eingeladen, uns einmal \u00fcber die Schultern zu schauen. Schnuppern ist ganz unverbindlich m\u00f6glich.<\/p>\n<p>Wir freuen uns \u00fcber euer Interesse.<\/p>\n<p>Geschichte [<a title=\"Geschichte der Jugendfeuerwehr\" href=\"http:\/\/feuerwehr-trebur.org\/web\/jugendabteilung\/jugendfeuerwehr\/geschichte-der-jugendfeuerwehr\/\">Info<\/a>]\n<p>Dienstplan [<a title=\"Dienstplan Jugendfeuerwehr\" href=\"http:\/\/feuerwehr-trebur.org\/web\/jugendabteilung\/jugendfeuerwehr\/dienstplan-jugendfeuerwehr\/\">Info<\/a>][\/vc_column_text][\/vc_column][vc_column width=&#8220;1\/3&#8243;][vc_column_text]F\u00fcr Fragen zur Jugendfeuerwehr, steht unsere Jugendwartin Laura Scheidemantel gerne zur Verf\u00fcgung.<\/p>\n<p><u>Kontakt:<\/u><\/p>\n<p>Laura Scheidemantel [<a href=\"mailto:jugendfeuerwehr@feuerwehr-trebur.org\">E-Mail<\/a>]\n<p><u>Ausbildung:<\/u><\/p>\n<p>jeden Freitag (au\u00dfer in den Ferien)<\/p>\n<p>von 18.00 bis 20.00 Uhr<\/p>\n<p><u>Mindestalter:<\/u><\/p>\n<p>10 Jahre<\/p>\n<p>Folge uns bei Facebook: [<a href=\"https:\/\/www.facebook.com\/Jugendfeuerwehr-Trebur-1472428822970574\">Link<\/a>][\/vc_column_text][\/vc_column][\/vc_row]\n<\/div>","protected":false},"excerpt":{"rendered":"<p>[vc_row][vc_column width=&#8220;2\/3&#8243;][vc_column_text] Wir bieten f\u00fcr alle Kinder zwischen 10 und 17 Jahren, egal ob sie von unseren \u201eL\u00f6schzwergen\u201c oder ganz neu zu uns kommen, einen abwechslungsreichen Einblick in die Feuerwehrarbeit. In theoretischen und praktischen \u00dcbungseinheiten haben die Jugendlichen die M\u00f6glichkeit, alles zu lernen, was sie sp\u00e4ter als<\/p>\n","protected":false},"author":2,"featured_media":462,"parent":9,"menu_order":0,"comment_status":"open","ping_status":"open","template":"page-FullWidth.php","meta":{"footnotes":"","_links_to":"","_links_to_target":""},"class_list":["post-21","page","type-page","status-publish","has-post-thumbnail","hentry"],"_links":{"self":[{"href":"https:\/\/www.feuerwehr-trebur.org\/web\/wp-json\/wp\/v2\/pages\/21","targetHints":{"allow":["GET"]}}],"collection":[{"href":"https:\/\/www.feuerwehr-trebur.org\/web\/wp-json\/wp\/v2\/pages"}],"about":[{"href":"https:\/\/www.feuerwehr-trebur.org\/web\/wp-json\/wp\/v2\/types\/page"}],"author":[{"embeddable":true,"href":"https:\/\/www.feuerwehr-trebur.org\/web\/wp-json\/wp\/v2\/users\/2"}],"replies":[{"embeddable":true,"href":"https:\/\/www.feuerwehr-trebur.org\/web\/wp-json\/wp\/v2\/comments?post=21"}],"version-history":[{"count":15,"href":"https:\/\/www.feuerwehr-trebur.org\/web\/wp-json\/wp\/v2\/pages\/21\/revisions"}],"predecessor-version":[{"id":3590,"href":"https:\/\/www.feuerwehr-trebur.org\/web\/wp-json\/wp\/v2\/pages\/21\/revisions\/3590"}],"up":[{"embeddable":true,"href":"https:\/\/www.feuerwehr-trebur.org\/web\/wp-json\/wp\/v2\/pages\/9"}],"wp:featuredmedia":[{"embeddable":true,"href":"https:\/\/www.feuerwehr-trebur.org\/web\/wp-json\/wp\/v2\/media\/462"}],"wp:attachment":[{"href":"https:\/\/www.feuerwehr-trebur.org\/web\/wp-json\/wp\/v2\/media?parent=21"}],"curies":[{"name":"wp","href":"https:\/\/api.w.org\/{rel}","templated":true}]}}