{"id":1299,"date":"2015-09-27T16:38:32","date_gmt":"2015-09-27T15:38:32","guid":{"rendered":"http:\/\/feuerwehr-trebur.org\/web\/?page_id=1299"},"modified":"2023-01-03T13:13:34","modified_gmt":"2023-01-03T12:13:34","slug":"rauchmelder-retten-leben","status":"publish","type":"page","link":"https:\/\/www.feuerwehr-trebur.org\/web\/service\/rauchmelder-retten-leben\/","title":{"rendered":"Rauchmelder retten Leben!"},"content":{"rendered":"<p><img decoding=\"async\" src=\"http:\/\/feuerwehr-trebur.org\/web\/wp-content\/uploads\/2015\/01\/rauchmelder-retten-leben-logo.png\" alt=\"\" \/><\/p>\n<p>Normalerweise ist er klein und unscheinbar, doch wenn es brennt, kommt er gro\u00df raus \u2013 der Rauchmelder!<br \/>\nSie alle kennen die kleinen Lebensretter und bemerken sie eigentlich nur, wenn die Batterie leer ist. Aber er kann im Ernstfall ihr Leben retten.<\/p>\n<p>Vielleicht fragen Sie sich als Erstes: &#8222;Muss ich so ein Ding \u00fcberhaupt in der Wohnung haben?&#8220;<br \/>\nDie Antwort ist eindeutig ja! Dies ist sogar gesetzlich vorgeschrieben: [<a href=\"http:\/\/feuerwehr-trebur.org\/web\/wp-content\/uploads\/2015\/10\/HBO_Brandschutz.pdf\">PDF<\/a>]\n<p>F\u00fcr den Einbau der Rauchmelder ist der Haus-\/ Wohnungseigent\u00fcmer verantwortlich. F\u00fcr den ordnungsgem\u00e4\u00dfen Betrieb (z.B. rechtzeitiger Batteriewechsel) ist jedoch der Mieter \/ Bewohner zust\u00e4ndig, sofern die Wartung nicht vom Eigent\u00fcmer \u00fcbernommen wird.<\/p>\n<p>Wahrscheinlich ist ihre n\u00e4chste Frage nun: &#8222;Es kontrolliert doch ohnehin keiner, warum soll ich also Geld ausgeben?&#8220;<br \/>\nStimmt &#8211; Kontrollen finden nicht statt. Aber: Im Schadensfall riskieren Sie Ihr Leben und das Ihrer Familie. Und wenn gl\u00fccklicherweise im Fall der F\u00e4lle niemand daheim ist, kann die Versicherung bei fehlenden Rauchmeldern die Schadensregulierung komplett verweigern. Sie haben also ein paar Euro f\u00fcr einen Rauchmelder gespart, stehen aber daf\u00fcr vor den Tr\u00fcmmern Ihrer Existenz. Ist es das wirklich wert?<\/p>\n<p><strong>Wie erkennt man einen guten Rauchmelder?<\/strong><br \/>\nEin guter Rauchmelder besitzt mindestens das Pr\u00fcfzeichen des Verbands der Sachversicherer &#8222;VDS&#8220;. Hier k\u00f6nnen Sie sicher sein, dass das Ger\u00e4t auf Herz und Nieren gepr\u00fcft wurde. Optimal ist es, wenn der Rauchmelder zus\u00e4tzlich noch ein T\u00dcV &#8211; Siegel oder ein &#8222;GS&#8220; &#8211; Kennzeichen besitzt. Wenn Sie einen Rundum sorglos Rauchmelder besitzen m\u00f6chten, nehmen Sie ein Ger\u00e4t mit dem &#8222;Q&#8220; Siegel f\u00fcr Qualit\u00e4tsrauchmelder. Diese Ger\u00e4te enthalten zum Beispiel eine fest eigebaute 10-Jahres Batterie.<\/p>\n<p><strong>Wo bringt man den Rauchmelder am Besten an?<\/strong><br \/>\nFaustregel: Im Schlafzimmer, Kinderzimmer, in Fluren die als Fluchtweg benutzt werden und \u00fcberall da, wo ein erh\u00f6htes Gefahrenpotential f\u00fcr Br\u00e4nde besteht (beispielsweise im Wohnzimmer). Bitte h\u00e4ngen Sie keinen &#8222;normalen&#8220; Rauchmelder in der K\u00fcche oder im Bad auf! Hier kann es durch Kochdunst oder Wasserdampf zu Fehlarmen kommen. F\u00fcr diese R\u00e4ume gibt es spezielle Rauchmelder, Ihr Fachh\u00e4ndler ber\u00e4t sie gerne.<\/p>\n<p>Das Forum Brandrauchpr\u00e4vention e.V. hat eine Brosch\u00fcre mit allen wichtigen Infos zusammengestellt: [<a href=\"http:\/\/feuerwehr-trebur.org\/web\/wp-content\/uploads\/2015\/09\/RRL_Flyer_2015-05_FINAL_DOWNL_290515_Janika.pdf\" target=\"_blank\" rel=\"noopener\">PDF<\/a>]\n<p><strong>&#8222;Wie verhalte ich mich wenn es wirklich brennt?&#8220;<\/strong><br \/>\nDies erkl\u00e4rt dieser kleine Comic recht anschaulich:[<a href=\"http:\/\/feuerwehr-trebur.org\/web\/wp-content\/uploads\/2015\/09\/Fluchtweg-Comic.pdf\" target=\"_blank\" rel=\"noopener\">PDF<\/a>]\nDiesen k\u00f6nnen Sie auch ausdrucken und beispielsweise an das schwarze Brett Ihres Hauses h\u00e4ngen.<\/p>\n<p><strong>Wo bekommt man weitere Infos?<\/strong><br \/>\nIn jedem Jahr veranstaltet die Freiwillige Feuerwehr Trebur getreu dem Motto &#8222;Freitag, der 13. kann Ihr Gl\u00fcckstag sein!&#8220; einen Informationsabend zu dem Thema. In diesem Jahr wird es voraussichtlich Freitag der 13.10.2023. Ab 19:00 Uhr stehen wir Ihnen im Ger\u00e4tehaus (Astheimer Str. 86) Rede und Antwort zum Thema Rauchmelder und Brandschutz im Allgemeinen. Unter Anderem werden folgende Themen angesprochen:<\/p>\n<p>* Rauchmelder und ihre Installation<br \/>\n* Verhalten im Brandfall<br \/>\n* Brandrauch im Geb\u00e4ude (Livedemo am Modell)<br \/>\n* Richtige Verwendung von Feuerl\u00f6schern (Praxistraining mit &#8222;echtem&#8220; Feuer)<\/p>\n<p>Das Ganze nat\u00fcrlich kostenlos und ohne Anmeldung! Bitte verfolgen Sie die Tagespresse und die sozialen Medien f\u00fcr weitere Details.<\/p>\n<p>&nbsp;<\/p>\n<p><em>Copyrighthinweis: Ein Teil der hier eingebunden PDF &#8211; Dokumente unterliegt dem Copyright der Eobiont GmbH und des Forums Brandrauchpr\u00e4vention e.V. Nutzung mit freundlicher Genehmigung.<\/em><\/p>\n","protected":false},"excerpt":{"rendered":"<p>Normalerweise ist er klein und unscheinbar, doch wenn es brennt, kommt er gro\u00df raus \u2013 der Rauchmelder! Sie alle kennen die kleinen Lebensretter und bemerken sie eigentlich nur, wenn die Batterie leer ist. Aber er kann im Ernstfall ihr Leben retten. Vielleicht fragen Sie sich als Erstes:<\/p>\n","protected":false},"author":6,"featured_media":76,"parent":106,"menu_order":2,"comment_status":"closed","ping_status":"closed","template":"","meta":{"footnotes":"","_links_to":"","_links_to_target":""},"class_list":["post-1299","page","type-page","status-publish","has-post-thumbnail","hentry"],"_links":{"self":[{"href":"https:\/\/www.feuerwehr-trebur.org\/web\/wp-json\/wp\/v2\/pages\/1299","targetHints":{"allow":["GET"]}}],"collection":[{"href":"https:\/\/www.feuerwehr-trebur.org\/web\/wp-json\/wp\/v2\/pages"}],"about":[{"href":"https:\/\/www.feuerwehr-trebur.org\/web\/wp-json\/wp\/v2\/types\/page"}],"author":[{"embeddable":true,"href":"https:\/\/www.feuerwehr-trebur.org\/web\/wp-json\/wp\/v2\/users\/6"}],"replies":[{"embeddable":true,"href":"https:\/\/www.feuerwehr-trebur.org\/web\/wp-json\/wp\/v2\/comments?post=1299"}],"version-history":[{"count":13,"href":"https:\/\/www.feuerwehr-trebur.org\/web\/wp-json\/wp\/v2\/pages\/1299\/revisions"}],"predecessor-version":[{"id":1315,"href":"https:\/\/www.feuerwehr-trebur.org\/web\/wp-json\/wp\/v2\/pages\/1299\/revisions\/1315"}],"up":[{"embeddable":true,"href":"https:\/\/www.feuerwehr-trebur.org\/web\/wp-json\/wp\/v2\/pages\/106"}],"wp:featuredmedia":[{"embeddable":true,"href":"https:\/\/www.feuerwehr-trebur.org\/web\/wp-json\/wp\/v2\/media\/76"}],"wp:attachment":[{"href":"https:\/\/www.feuerwehr-trebur.org\/web\/wp-json\/wp\/v2\/media?parent=1299"}],"curies":[{"name":"wp","href":"https:\/\/api.w.org\/{rel}","templated":true}]}}