{"id":11,"date":"2015-01-02T12:20:14","date_gmt":"2015-01-02T12:20:14","guid":{"rendered":"http:\/\/feuerwehr-trebur.org\/web\/?page_id=11"},"modified":"2024-08-30T19:42:14","modified_gmt":"2024-08-30T17:42:14","slug":"verein","status":"publish","type":"page","link":"https:\/\/www.feuerwehr-trebur.org\/web\/verein\/","title":{"rendered":"Verein"},"content":{"rendered":"<div class=\"wpb-content-wrapper\">[vc_row][vc_column width=&#8220;2\/3&#8243;][vc_column_text]\n<div id=\"attachment_3572\" style=\"width: 310px\" class=\"wp-caption aligncenter\"><a href=\"https:\/\/www.feuerwehr-trebur.org\/web\/wp-content\/uploads\/2022\/12\/YonPXMEo-scaled.jpeg\" rel=\"wp-prettyPhoto[11]\"><img loading=\"lazy\" decoding=\"async\" aria-describedby=\"caption-attachment-3572\" class=\"wp-image-3572 size-medium\" src=\"https:\/\/www.feuerwehr-trebur.org\/web\/wp-content\/uploads\/2022\/12\/YonPXMEo-300x200.jpeg\" alt=\"\" width=\"300\" height=\"200\" srcset=\"https:\/\/www.feuerwehr-trebur.org\/web\/wp-content\/uploads\/2022\/12\/YonPXMEo-300x200.jpeg 300w, https:\/\/www.feuerwehr-trebur.org\/web\/wp-content\/uploads\/2022\/12\/YonPXMEo-1024x683.jpeg 1024w, https:\/\/www.feuerwehr-trebur.org\/web\/wp-content\/uploads\/2022\/12\/YonPXMEo-768x512.jpeg 768w, https:\/\/www.feuerwehr-trebur.org\/web\/wp-content\/uploads\/2022\/12\/YonPXMEo-1536x1024.jpeg 1536w, https:\/\/www.feuerwehr-trebur.org\/web\/wp-content\/uploads\/2022\/12\/YonPXMEo-2048x1365.jpeg 2048w\" sizes=\"auto, (max-width: 300px) 100vw, 300px\" \/><\/a><p id=\"caption-attachment-3572\" class=\"wp-caption-text\">Der Vereinsvorstand im Jahre 2022<\/p><\/div>\n<p>Ohne den Feuerwehrverein w\u00fcrde alles anders aussehen. Unter Anderem organisiert er Veranstaltungen wie das Christbaumverbrennen, f\u00f6rdert die Kameradschaft innerhalb und au\u00dferhalb der Feuerwehr und unterst\u00fctzt die Einsatzabteilung finanziell. Viele Anschaffungen, wie beispielsweise die Jugendwehrcontainer, wurden komplett aus dem Vereinsverm\u00f6gen bezahlt.<\/p>\n<p>Mit \u00fcber 750 Mitgliedern ist er einer der gr\u00f6\u00dften Vereine in Trebur &#8211; und mit gerade mal \u20ac12,00 Mitgliedsbeitrag im Jahr einer der g\u00fcnstigsten.<\/p>\n<p>Werden auch Sie Mitglied und leisten Sie einen aktiven Beitrag zum Brandschutz in unserer Gemeinde.<\/p>\n<p>Vereinssatzung (Stand 2019) [<a href=\"https:\/\/www.feuerwehr-trebur.org\/web\/wp-content\/uploads\/2019\/05\/Satzung_-2019.pdf\">PDF<\/a>]\n<p>NEU: Jetzt einfach und unkompliziert online dem Verein beitreten: [<a href=\"https:\/\/www.vereinonline.org\/Freiwillige_Feuerwehr_Trebur_eV\/?mitgliedsantrag\">Link<\/a>]\n<p>Sie m\u00f6chten uns finanziell unterst\u00fctzen? Ab Sofort k\u00f6nnen Sie <a href=\"https:\/\/www.vereinonline.org\/Freiwillige_Feuerwehr_Trebur_eV\/?spenden\">hier<\/a> bequem eine Onlinespende an den Verein durchf\u00fchren.[\/vc_column_text][\/vc_column][vc_column width=&#8220;1\/3&#8243;][vc_column_text]<strong>Vorstandsmitglieder<\/strong><\/p>\n<p>Thorsten Maul<br \/>\n<em>1. Vorsitzender<\/em><\/p>\n<p>Christina Buhrmester<br \/>\n<em>2. Vorsitzende<\/em><\/p>\n<p>Sven Hoffmann<br \/>\n<em>Kassenwart<\/em><\/p>\n<p>Laura Scheidemantel<br \/>\n<em>Schriftf\u00fchrerin &amp; Jugendwartin<\/em><\/p>\n<p>Christian Lautz<br \/>\n<em>Wehrf\u00fchrer<\/em><\/p>\n<p>Oliver Leppla<br \/>\n<em>Stellv. Wehrf\u00fchrer<\/em><\/p>\n<p>Dennis M\u00f6bus<br \/>\n<em>Pressewart<\/em><\/p>\n<p>J\u00fcrgen M\u00f6bus<br \/>\n<em>Beisitzer<\/em><\/p>\n<p>Thomas Frielingsdorf<br \/>\n<em>Beisitzer<\/em>[\/vc_column_text][\/vc_column][\/vc_row]\n<\/div>","protected":false},"excerpt":{"rendered":"<p>[vc_row][vc_column width=&#8220;2\/3&#8243;][vc_column_text] Ohne den Feuerwehrverein w\u00fcrde alles anders aussehen. Unter Anderem organisiert er Veranstaltungen wie das Christbaumverbrennen, f\u00f6rdert die Kameradschaft innerhalb und au\u00dferhalb der Feuerwehr und unterst\u00fctzt die Einsatzabteilung finanziell. Viele Anschaffungen, wie beispielsweise die Jugendwehrcontainer, wurden komplett aus dem Vereinsverm\u00f6gen bezahlt. Mit \u00fcber 750 Mitgliedern ist<\/p>\n","protected":false},"author":2,"featured_media":456,"parent":0,"menu_order":0,"comment_status":"open","ping_status":"open","template":"page-FullWidth.php","meta":{"footnotes":"","_links_to":"","_links_to_target":""},"class_list":["post-11","page","type-page","status-publish","has-post-thumbnail","hentry"],"_links":{"self":[{"href":"https:\/\/www.feuerwehr-trebur.org\/web\/wp-json\/wp\/v2\/pages\/11","targetHints":{"allow":["GET"]}}],"collection":[{"href":"https:\/\/www.feuerwehr-trebur.org\/web\/wp-json\/wp\/v2\/pages"}],"about":[{"href":"https:\/\/www.feuerwehr-trebur.org\/web\/wp-json\/wp\/v2\/types\/page"}],"author":[{"embeddable":true,"href":"https:\/\/www.feuerwehr-trebur.org\/web\/wp-json\/wp\/v2\/users\/2"}],"replies":[{"embeddable":true,"href":"https:\/\/www.feuerwehr-trebur.org\/web\/wp-json\/wp\/v2\/comments?post=11"}],"version-history":[{"count":27,"href":"https:\/\/www.feuerwehr-trebur.org\/web\/wp-json\/wp\/v2\/pages\/11\/revisions"}],"predecessor-version":[{"id":4072,"href":"https:\/\/www.feuerwehr-trebur.org\/web\/wp-json\/wp\/v2\/pages\/11\/revisions\/4072"}],"wp:featuredmedia":[{"embeddable":true,"href":"https:\/\/www.feuerwehr-trebur.org\/web\/wp-json\/wp\/v2\/media\/456"}],"wp:attachment":[{"href":"https:\/\/www.feuerwehr-trebur.org\/web\/wp-json\/wp\/v2\/media?parent=11"}],"curies":[{"name":"wp","href":"https:\/\/api.w.org\/{rel}","templated":true}]}}